{"id":17020,"date":"2019-10-07T05:22:26","date_gmt":"2019-10-07T05:22:26","guid":{"rendered":"http:\/\/termedibognanco.iterganzungen\/"},"modified":"2019-10-07T05:25:38","modified_gmt":"2019-10-07T05:25:38","slug":"shop-erganzungen","status":"publish","type":"page","link":"https:\/\/termedibognanco.it\/de\/shop-erganzungen\/","title":{"rendered":"ERG\u00c4NZUNGEN"},"content":{"rendered":"<p>[et_pb_section fb_built=&#8220;1&#8243; _builder_version=&#8220;3.22&#8243; bb_built=&#8220;1&#8243; _i=&#8220;0&#8243; _address=&#8220;0&#8243;][et_pb_row _builder_version=&#8220;3.25&#8243; background_size=&#8220;initial&#8220; background_position=&#8220;top_left&#8220; background_repeat=&#8220;repeat&#8220; _i=&#8220;0&#8243; _address=&#8220;0.0&#8243;][et_pb_column type=&#8220;4_4&#8243; _builder_version=&#8220;3.25&#8243; custom_padding=&#8220;|||&#8220; _i=&#8220;0&#8243; _address=&#8220;0.0.0&#8243; custom_padding__hover=&#8220;|||&#8220;][et_pb_text _builder_version=&#8220;3.27.4&#8243; header_text_align=&#8220;center&#8220; z_index_tablet=&#8220;500&#8243; _i=&#8220;0&#8243; _address=&#8220;0.0.0.0&#8243;]<\/p>\n<h1>SHOP \u2013 ERG\u00c4NZUNGEN<\/h1>\n<p>[\/et_pb_text][\/et_pb_column][\/et_pb_row][\/et_pb_section][et_pb_section fb_built=&#8220;1&#8243; _builder_version=&#8220;3.22&#8243; bb_built=&#8220;1&#8243; _i=&#8220;1&#8243; _address=&#8220;1&#8243;][et_pb_row _builder_version=&#8220;3.25&#8243; background_size=&#8220;initial&#8220; background_position=&#8220;top_left&#8220; background_repeat=&#8220;repeat&#8220; _i=&#8220;0&#8243; _address=&#8220;1.0&#8243;][et_pb_column type=&#8220;4_4&#8243; _builder_version=&#8220;3.25&#8243; custom_padding=&#8220;|||&#8220; _i=&#8220;0&#8243; _address=&#8220;1.0.0&#8243; custom_padding__hover=&#8220;|||&#8220;][et_pb_shop type=&#8220;product_category&#8220; include_categories=&#8220;102&#8243; columns_number=&#8220;3&#8243; orderby=&#8220;date&#8220; admin_label=&#8220;Shop &#8211; Integratori&#8220; _builder_version=&#8220;3.22.1&#8243; z_index_tablet=&#8220;500&#8243; _i=&#8220;0&#8243; _address=&#8220;1.0.0.0&#8243;][\/et_pb_shop][\/et_pb_column][\/et_pb_row][\/et_pb_section][et_pb_section fb_built=&#8220;1&#8243; admin_label=&#8220;Footer Section&#8220; _builder_version=&#8220;3.22&#8243; background_color=&#8220;#1194f6&#8243; use_background_color_gradient=&#8220;on&#8220; background_color_gradient_end=&#8220;#53aef4&#8243; custom_padding=&#8220;45px||14px||false|false&#8220; collapsed=&#8220;off&#8220; bb_built=&#8220;1&#8243; _i=&#8220;2&#8243; _address=&#8220;2&#8243;][et_pb_row _builder_version=&#8220;3.25&#8243; background_size=&#8220;initial&#8220; background_position=&#8220;top_left&#8220; background_repeat=&#8220;repeat&#8220; custom_padding=&#8220;0|0px|0|0px|false|false&#8220; _i=&#8220;0&#8243; _address=&#8220;2.0&#8243; column_structure=&#8220;1_3,1_3,1_3&#8243;][et_pb_column type=&#8220;1_3&#8243; _builder_version=&#8220;3.25&#8243; custom_padding=&#8220;|||&#8220; _i=&#8220;0&#8243; _address=&#8220;2.0.0&#8243; custom_padding__hover=&#8220;|||&#8220;][et_pb_image src=&#8220;http:\/\/media18.dizajnstudiorp.rs\/2018\/12\/Logo-bianco-Terme-di-Bognanco.png&#8220; align_tablet=&#8220;center&#8220; align_last_edited=&#8220;on|desktop&#8220; _builder_version=&#8220;3.23&#8243; max_width=&#8220;80%&#8220; module_alignment=&#8220;center&#8220; _i=&#8220;0&#8243; _address=&#8220;2.0.0.0&#8243;][\/et_pb_image][et_pb_image src=&#8220;http:\/\/media18.dizajnstudiorp.rs\/2018\/10\/oniro-logo.png&#8220; align_tablet=&#8220;center&#8220; align_last_edited=&#8220;on|desktop&#8220; _builder_version=&#8220;3.23&#8243; max_width=&#8220;70%&#8220; module_alignment=&#8220;center&#8220; _i=&#8220;1&#8243; _address=&#8220;2.0.0.1&#8243;][\/et_pb_image][et_pb_social_media_follow _builder_version=&#8220;3.19&#8243; text_orientation=&#8220;center&#8220; custom_margin=&#8220;||&#8220; border_radii=&#8220;on|16px|16px|16px|16px&#8220; _i=&#8220;2&#8243; _address=&#8220;2.0.0.2&#8243;][et_pb_social_media_follow_network social_network=&#8220;instagram&#8220; _builder_version=&#8220;3.17.2&#8243; background_color=&#8220;#ffffff&#8220; custom_padding=&#8220;10px|10px|10px|10px|true|true&#8220; border_radii=&#8220;on|25px|25px|25px|25px&#8220; follow_button=&#8220;off&#8220; url_new_window=&#8220;on&#8220; _i=&#8220;0&#8243; _address=&#8220;2.0.0.2.0&#8243;]instagram[\/et_pb_social_media_follow_network][et_pb_social_media_follow_network social_network=&#8220;twitter&#8220; url=&#8220;https:\/\/twitter.com\/acqualindos&#8220; _builder_version=&#8220;3.19&#8243; background_color=&#8220;#ffffff&#8220; custom_padding=&#8220;10px|10px|10px|10px|true|true&#8220; border_radii=&#8220;on|25px|25px|25px|25px&#8220; follow_button=&#8220;off&#8220; url_new_window=&#8220;on&#8220; _i=&#8220;1&#8243; _address=&#8220;2.0.0.2.1&#8243;]twitter[\/et_pb_social_media_follow_network][et_pb_social_media_follow_network social_network=&#8220;facebook&#8220; url=&#8220;https:\/\/www.facebook.com\/lindosetermedibognanco\/&#8220; _builder_version=&#8220;3.19&#8243; background_color=&#8220;#ffffff&#8220; custom_padding=&#8220;10px|10px|10px|10px|true|true&#8220; border_radii=&#8220;on|25px|25px|25px|25px&#8220; follow_button=&#8220;off&#8220; url_new_window=&#8220;on&#8220; _i=&#8220;2&#8243; _address=&#8220;2.0.0.2.2&#8243;]facebook[\/et_pb_social_media_follow_network][\/et_pb_social_media_follow][\/et_pb_column][et_pb_column type=&#8220;1_3&#8243; _builder_version=&#8220;3.25&#8243; custom_padding=&#8220;|||&#8220; _i=&#8220;1&#8243; _address=&#8220;2.0.1&#8243; custom_padding__hover=&#8220;|||&#8220;][et_pb_text _builder_version=&#8220;3.27.4&#8243; text_font=&#8220;|300|||||||&#8220; text_text_color=&#8220;#ffffff&#8220; text_font_size=&#8220;15px&#8220; header_font=&#8220;||||||||&#8220; header_text_color=&#8220;#ffffff&#8220; header_3_font=&#8220;||||||||&#8220; header_3_text_color=&#8220;#ffffff&#8220; text_orientation=&#8220;center&#8220; _i=&#8220;0&#8243; _address=&#8220;2.0.1.0&#8243;]<\/p>\n<h3>MINERALWASSER<\/h3>\n<p>Geb\u00fchrenfreie Nummer (nur f\u00fcr Italien):<br \/>\n800.12.64.53<\/p>\n<p>Telefonnummer:<br \/>\n(+39) 0324 234109<\/p>\n<p>e-mail:<br \/>\ninfo@bognanco.it<\/p>\n<p>Montag bis Freitag:<br \/>\nvon 8:00 bis 12:00 Uhr und<br \/>\nvon 13:00 bis 17:00 Uhr<br \/>\n[\/et_pb_text][\/et_pb_column][et_pb_column type=&#8220;1_3&#8243; _builder_version=&#8220;3.25&#8243; custom_padding=&#8220;|||&#8220; _i=&#8220;2&#8243; _address=&#8220;2.0.2&#8243; custom_padding__hover=&#8220;|||&#8220;][et_pb_text _builder_version=&#8220;3.27.4&#8243; text_font=&#8220;|300|||||||&#8220; text_text_color=&#8220;#ffffff&#8220; text_font_size=&#8220;15px&#8220; header_font=&#8220;||||||||&#8220; header_3_font=&#8220;||||||||&#8220; header_3_text_color=&#8220;#ffffff&#8220; text_orientation=&#8220;center&#8220; _i=&#8220;0&#8243; _address=&#8220;2.0.2.0&#8243;]<\/p>\n<h3>BOGNANCO SPA &#8211; \u00d2NIRO<\/h3>\n<p>Telefonnummer:<br \/>\n(+39) 0324 234137<\/p>\n<p>Handynummer:<br \/>\n(+39) 334 392 7668<\/p>\n<p>e-mail:<br \/>\nterme@bognanco.it<\/p>\n<p>Von 10:00 bis 18:00 Uhr<br \/>\nAM MITTWOCH GESCHLOSSEN<br \/>\n[\/et_pb_text][\/et_pb_column][\/et_pb_row][\/et_pb_section]<\/p>\n","protected":false},"excerpt":{"rendered":"<p>SHOP \u2013 ERG\u00c4NZUNGEN MINERALWASSER Geb\u00fchrenfreie Nummer (nur f\u00fcr Italien): 800.12.64.53 Telefonnummer: (+39) 0324 234109 e-mail: info@bognanco.it Montag bis Freitag: von 8:00 bis 12:00 Uhr und von 13:00 bis 17:00 Uhr BOGNANCO SPA &#8211; \u00d2NIRO Telefonnummer: (+39) 0324 234137 Handynummer: (+39) 334 392 7668 e-mail: terme@bognanco.it Von 10:00 bis 18:00 Uhr AM MITTWOCH GESCHLOSSEN<\/p>\n","protected":false},"author":1,"featured_media":0,"parent":0,"menu_order":0,"comment_status":"closed","ping_status":"closed","template":"","meta":{"_et_pb_use_builder":"on","_et_pb_old_content":"","_et_gb_content_width":"","footnotes":""},"class_list":["post-17020","page","type-page","status-publish","hentry"],"_links":{"self":[{"href":"https:\/\/termedibognanco.it\/de\/wp-json\/wp\/v2\/pages\/17020"}],"collection":[{"href":"https:\/\/termedibognanco.it\/de\/wp-json\/wp\/v2\/pages"}],"about":[{"href":"https:\/\/termedibognanco.it\/de\/wp-json\/wp\/v2\/types\/page"}],"author":[{"embeddable":true,"href":"https:\/\/termedibognanco.it\/de\/wp-json\/wp\/v2\/users\/1"}],"replies":[{"embeddable":true,"href":"https:\/\/termedibognanco.it\/de\/wp-json\/wp\/v2\/comments?post=17020"}],"version-history":[{"count":2,"href":"https:\/\/termedibognanco.it\/de\/wp-json\/wp\/v2\/pages\/17020\/revisions"}],"predecessor-version":[{"id":17025,"href":"https:\/\/termedibognanco.it\/de\/wp-json\/wp\/v2\/pages\/17020\/revisions\/17025"}],"wp:attachment":[{"href":"https:\/\/termedibognanco.it\/de\/wp-json\/wp\/v2\/media?parent=17020"}],"curies":[{"name":"wp","href":"https:\/\/api.w.org\/{rel}","templated":true}]}}