{"id":17016,"date":"2019-10-07T05:18:45","date_gmt":"2019-10-07T05:18:45","guid":{"rendered":"http:\/\/termedibognanco.itasthetik-und-wellness\/"},"modified":"2019-10-07T05:18:46","modified_gmt":"2019-10-07T05:18:46","slug":"asthetik-und-wellness","status":"publish","type":"page","link":"https:\/\/termedibognanco.it\/de\/asthetik-und-wellness\/","title":{"rendered":"\u00c4sthetik und Wellness"},"content":{"rendered":"<p>[et_pb_section fb_built=&#8220;1&#8243; _builder_version=&#8220;3.22&#8243; use_background_color_gradient=&#8220;on&#8220; background_color_gradient_start=&#8220;#eeeeee&#8220; background_color_gradient_end=&#8220;#ffffff&#8220; custom_padding=&#8220;0|0px|0|0px|false|false&#8220; bottom_divider_style=&#8220;slant2&#8243; bottom_divider_color=&#8220;#eeeeee&#8220; bottom_divider_arrangement=&#8220;above_content&#8220;][et_pb_row use_custom_gutter=&#8220;on&#8220; gutter_width=&#8220;1&#8243; custom_padding=&#8220;0|0px|0|0px|false|false&#8220; module_class=&#8220; et_pb_row_fullwidth&#8220; _builder_version=&#8220;3.22&#8243; background_size=&#8220;initial&#8220; background_position=&#8220;top_left&#8220; background_repeat=&#8220;repeat&#8220; width=&#8220;100%&#8220; width_tablet=&#8220;100%&#8220; width_last_edited=&#8220;on|desktop&#8220; max_width=&#8220;100%&#8220; max_width_tablet=&#8220;100%&#8220; max_width_last_edited=&#8220;on|desktop&#8220; module_alignment=&#8220;center&#8220; make_fullwidth=&#8220;on&#8220;][et_pb_column type=&#8220;4_4&#8243; _builder_version=&#8220;3.0.47&#8243;][et_pb_image src=&#8220;http:\/\/media18.dizajnstudiorp.rs\/2018\/12\/header-Estetica-e-benessere.jpg&#8220; align=&#8220;center&#8220; _builder_version=&#8220;3.22.1&#8243;][\/et_pb_image][\/et_pb_column][\/et_pb_row][\/et_pb_section][et_pb_section fb_built=&#8220;1&#8243; _builder_version=&#8220;3.22&#8243; background_color=&#8220;#eeeeee&#8220; custom_padding=&#8220;0|0px|70px|0px|false|false&#8220;][et_pb_row _builder_version=&#8220;3.22&#8243;][et_pb_column type=&#8220;4_4&#8243; _builder_version=&#8220;3.0.47&#8243;][et_pb_text _builder_version=&#8220;3.19&#8243; header_font=&#8220;|300||on|||||&#8220; header_text_align=&#8220;center&#8220; header_text_color=&#8220;#3d3d3d&#8220; header_2_font=&#8220;|300|||||||&#8220; header_2_text_align=&#8220;center&#8220; header_2_text_color=&#8220;#4f4f4f&#8220; header_2_font_size=&#8220;30px&#8220;]<\/p>\n<h1>\u00c4sthetik und Wellness<\/h1>\n<p>[\/et_pb_text][\/et_pb_column][\/et_pb_row][et_pb_row make_equal=&#8220;on&#8220; _builder_version=&#8220;3.22&#8243;][et_pb_column type=&#8220;1_2&#8243; _builder_version=&#8220;3.0.47&#8243;][et_pb_text _builder_version=&#8220;3.19&#8243; text_font=&#8220;|300|||||||&#8220; header_2_font=&#8220;|300|||||||&#8220; header_2_text_color=&#8220;#3d3d3d&#8220; custom_margin=&#8220;9%||&#8220;]<\/p>\n<h2>VERSCHIEDENE MASSAGETYPEN UND \u00c4STHETISCHE GRUNDBEHANDLUNGEN<\/h2>\n<p>In unserem SPA bieten wir verschiedene Arten von Massagen an: klassische Massagen mit Kerzen, Aromatherapie, Hot-Stone-Massagen und vieles mehr. Dar\u00fcber hinaus bieten Ihnen unsere Mitarbeiter gerne grundlegende Sch\u00f6nheitsbehandlungen wie Haarentfernung, Manik\u00fcre, Pedik\u00fcre und verschiedene Arten von Gesichts- und K\u00f6rperbehandlungen an.[\/et_pb_text][\/et_pb_column][et_pb_column type=&#8220;1_2&#8243; _builder_version=&#8220;3.0.47&#8243;][et_pb_image src=&#8220;http:\/\/media18.dizajnstudiorp.rs\/2018\/12\/estetica-viso.jpg&#8220; align=&#8220;center&#8220; _builder_version=&#8220;3.19&#8243; box_shadow_style=&#8220;preset2&#8243; box_shadow_blur=&#8220;7px&#8220; custom_margin=&#8220;5%||5%||true&#8220; animation_style=&#8220;fade&#8220;][\/et_pb_image][\/et_pb_column][\/et_pb_row][et_pb_row custom_padding=&#8220;50px||50px||true&#8220; _builder_version=&#8220;3.22&#8243;][et_pb_column type=&#8220;4_4&#8243; _builder_version=&#8220;3.19.4&#8243;][et_pb_button button_url=&#8220;http:\/\/termedibognanco.itde\/spa\/&#8220; button_text=&#8220;Z\u00dcRUCK&#8220; button_alignment=&#8220;center&#8220; _builder_version=&#8220;3.22.1&#8243; custom_button=&#8220;on&#8220; button_text_size=&#8220;22px&#8220; button_text_color=&#8220;#ffffff&#8220; button_bg_use_color_gradient=&#8220;on&#8220; button_bg_color_gradient_start=&#8220;rgba(17,148,246,0.72)&#8220; button_bg_color_gradient_end=&#8220;rgba(0,0,0,0.6)&#8220; button_border_width=&#8220;1px&#8220; button_border_radius=&#8220;0px&#8220; button_font=&#8220;|||on|||||&#8220; button_use_icon=&#8220;off&#8220; button_text_shadow_style=&#8220;preset2&#8243; button_text_shadow_color=&#8220;rgba(0,0,0,0.64)&#8220; box_shadow_style=&#8220;preset2&#8243; box_shadow_horizontal=&#8220;5px&#8220; box_shadow_vertical=&#8220;5px&#8220; box_shadow_blur=&#8220;8px&#8220; box_shadow_color=&#8220;rgba(0,0,0,0.39)&#8220; custom_margin=&#8220;|||80px&#8220; custom_padding=&#8220;0px||0px&#8220; module_class=&#8220;btn-inline&#8220; button_bg_color__hover_enabled=&#8220;on&#8220; button_bg_color__hover=&#8220;rgba(17,148,246,0.5)&#8220;][\/et_pb_button][\/et_pb_column][\/et_pb_row][\/et_pb_section][et_pb_section fb_built=&#8220;1&#8243; _builder_version=&#8220;3.22&#8243; custom_padding=&#8220;100px|0px|100px|0px|true|false&#8220;][et_pb_row _builder_version=&#8220;3.22&#8243;][et_pb_column type=&#8220;4_4&#8243; _builder_version=&#8220;3.19&#8243;][et_pb_text _builder_version=&#8220;3.19&#8243; header_font=&#8220;||||||||&#8220; header_2_font=&#8220;||||||||&#8220; header_2_text_align=&#8220;center&#8220;]<\/p>\n<h2>EINIGE DER KLASSISCHEN MASSAGEN<\/h2>\n<p>[\/et_pb_text][\/et_pb_column][\/et_pb_row][et_pb_row _builder_version=&#8220;3.22&#8243;][et_pb_column type=&#8220;1_2&#8243; _builder_version=&#8220;3.19&#8243;][et_pb_text _builder_version=&#8220;3.19.4&#8243; text_font=&#8220;|300|||||||&#8220; header_font=&#8220;||||||||&#8220; header_3_font=&#8220;|300||on|||||&#8220; text_orientation=&#8220;justified&#8220;]<\/p>\n<h3>Volle Lymphdrainage:<\/h3>\n<p>Die Lymphdrainage-Massage ist eine der effektivsten Anti-Cellulite-Behandlungen, um Schwellungen zu beseitigen. Cellulite wird oft durch eine starke Stagnation von Fl\u00fcssigkeiten verursacht.\u2028Was bedeutet das? Dass die Fl\u00fcssigkeiten, die der K\u00f6rper erhalten hat, nicht richtig von den Nieren abgelassen werden und dass das Lymphsystem nicht so funktioniert, wie es sollte.\u2028Dank der Lymphdrainage-Massage kann dieses Problem schnell gel\u00f6st werden, indem die verschlossenen Lymphknoten befreit und der Fl\u00fcssigkeitsstrom zu den Hauptknoten erleichtert wird.\u2028Die Lymphdrainage-Massage gilt als eine der effektivsten und besten Anti-Cellulite-Massagen f\u00fcr Menschen, die sich noch in einem fr\u00fchen Stadium des Problems befinden.[\/et_pb_text][\/et_pb_column][et_pb_column type=&#8220;1_2&#8243; _builder_version=&#8220;3.19&#8243;][et_pb_text _builder_version=&#8220;3.19&#8243; text_font=&#8220;|300|||||||&#8220; header_font=&#8220;||||||||&#8220; header_3_font=&#8220;|300|||||||&#8220; text_orientation=&#8220;justified&#8220;]<\/p>\n<h3>SPORT-MASSAGE<\/h3>\n<p>Sportmassage ist im Grunde eine Form des Trainings und wird in der Regel vor und nach einem Wettkampf durchgef\u00fchrt, da sie eine Doppelfunktion hat. Wenn es vor dem Wettkampf ge\u00fcbt wird, hat es die Aufgabe, dem Muskel Elastizit\u00e4t und Spannkraft zu verleihen, um die M\u00f6glichkeit zu minimieren, dass der Muskel einem Trauma jeglicher Art ausgesetzt sein kann. Nach dem Rennen ge\u00fcbt, hat es eine andere Zuneigung, so sehr, dass es auch als Entspannungsmassage bezeichnet wird und dazu dient, die Erholungszeit eines Athleten zu beschleunigen.<\/p>\n<p>[\/et_pb_text][\/et_pb_column][\/et_pb_row][et_pb_row _builder_version=&#8220;3.22&#8243;][et_pb_column type=&#8220;4_4&#8243; _builder_version=&#8220;3.19&#8243;][et_pb_text _builder_version=&#8220;3.19&#8243; text_font=&#8220;|300|||||||&#8220; header_font=&#8220;||||||||&#8220; header_3_font=&#8220;|300|||||||&#8220; text_orientation=&#8220;justified&#8220;]<\/p>\n<h3>HOT-STONE-MASSAGE<\/h3>\n<p>Die Massage &#8222;Hot Stone&#8220;, besser bekannt als der Hot Stone, ist eine ganzheitliche Therapie, die Steine als Quelle der Heilung und des Wohlbefindens nutzt.\u2028Die Besonderheit der Hot Stone Massage besteht darin, die Verwendung von Steinen mit den Grundlagen der indischen Ayurvedamedizin zu kombinieren. Tats\u00e4chlich hat die Behandlung nicht nur positive Auswirkungen auf den K\u00f6rper, sondern auch auf den Geist, indem sie die Lebenskraftzentren, besser bekannt als Chakren, stimuliert.\u2028Die am h\u00e4ufigsten bei der Behandlung von Hot Stones verwendeten Steine sind schwarz und vulkanischen Ursprungs. Ihre optimale F\u00e4higkeit, W\u00e4rme zu speichern und allm\u00e4hlich abzugeben, passt perfekt zu den Massagetechniken, die den Gebrauch der Steine begleiten.\u2028Tats\u00e4chlich f\u00fchrt der Therapeut Arten von manuellen Massagen durch, die sich mit der von den Steinen freigesetzten W\u00e4rme vermischen und ein Wohlbefinden erzeugen, das K\u00f6rper und Geist gleicherma\u00dfen beeinflusst.\u2028Die Hot Stone Massage enth\u00e4lt daher in sich die wohltuenden Eigenschaften der W\u00e4rme, die dazu neigt, Verspannungen und Schmerzen der Muskulatur zu lindern, und die heilenden Eigenschaften der Massage, die gleichzeitig mit der Anwendung der Steine durchgef\u00fchrt wird, verst\u00e4rkt ihre heilenden Eigenschaften.[\/et_pb_text][\/et_pb_column][\/et_pb_row][et_pb_row custom_padding=&#8220;50px||50px||true&#8220; _builder_version=&#8220;3.22&#8243;][et_pb_column type=&#8220;4_4&#8243; _builder_version=&#8220;3.19.4&#8243;][et_pb_button button_url=&#8220;http:\/\/termedibognanco.itde\/spa\/&#8220; button_text=&#8220;Z\u00dcRUCK&#8220; button_alignment=&#8220;center&#8220; _builder_version=&#8220;3.19.4&#8243; custom_button=&#8220;on&#8220; button_text_size=&#8220;24px&#8220; button_text_color=&#8220;#ffffff&#8220; button_bg_use_color_gradient=&#8220;on&#8220; button_bg_color_gradient_start=&#8220;rgba(14,101,147,0.72)&#8220; button_bg_color_gradient_end=&#8220;rgba(10,33,107,0.7)&#8220; button_border_width=&#8220;1px&#8220; button_border_radius=&#8220;5px&#8220; button_letter_spacing=&#8220;0px&#8220; button_font=&#8220;|800||on|||||&#8220; button_use_icon=&#8220;off&#8220; button_text_shadow_style=&#8220;preset2&#8243; button_text_shadow_color=&#8220;rgba(0,0,0,0.64)&#8220; box_shadow_style=&#8220;preset2&#8243; box_shadow_color=&#8220;rgba(0,0,0,0.65)&#8220; custom_margin=&#8220;0px||&#8220; custom_padding=&#8220;0px||0px&#8220;][\/et_pb_button][\/et_pb_column][\/et_pb_row][\/et_pb_section][et_pb_section fb_built=&#8220;1&#8243; _builder_version=&#8220;3.22&#8243; background_color=&#8220;#dbdbdb&#8220; custom_padding=&#8220;100px|0px|100px|0px|true|false&#8220;][et_pb_row _builder_version=&#8220;3.22&#8243;][et_pb_column type=&#8220;1_2&#8243; _builder_version=&#8220;3.19&#8243;][et_pb_text _builder_version=&#8220;3.19&#8243; header_font=&#8220;||||||||&#8220; header_2_font=&#8220;||||||||&#8220; header_2_text_align=&#8220;center&#8220;]<\/p>\n<h2>EINIGE DER GESICHTSBEHANDLUNGEN<\/h2>\n<p>[\/et_pb_text][et_pb_text _builder_version=&#8220;3.19.4&#8243; text_font=&#8220;|300|||||||&#8220; header_font=&#8220;||||||||&#8220; header_3_font=&#8220;|300|||||||&#8220; text_orientation=&#8220;justified&#8220;]<\/p>\n<h3>HELIX SCHNECKE SCHLEIMBEHANDLUNG<\/h3>\n<p>Die Eigenschaften des Schneckenschleims N\u00e4hrstoffreich, weil er reich an Vitaminen, Proteinen und essentiellen Aminos\u00e4uren ist: eine echte Erg\u00e4nzung f\u00fcr die Haut!\u2028Anti-Falten und Regeneration, weil es die fortschreitende Hautalterung verlangsamt und das Gewebe straffer und elastischer macht. Neben der Linderung von Falten macht es Narben, Hautflecken, Verbrennungen und andere Hautunreinheiten weniger sichtbar.<\/p>\n<p>[\/et_pb_text][\/et_pb_column][et_pb_column type=&#8220;1_2&#8243; _builder_version=&#8220;3.19&#8243;][et_pb_text _builder_version=&#8220;3.19&#8243; header_font=&#8220;||||||||&#8220; header_2_font=&#8220;||||||||&#8220; header_2_text_align=&#8220;center&#8220;]<\/p>\n<h2>EINIGE DER K\u00d6RPERBEHANDLUNGEN<\/h2>\n<p>[\/et_pb_text][et_pb_text _builder_version=&#8220;3.19.4&#8243; text_font=&#8220;|300|||||||&#8220; header_font=&#8220;||||||||&#8220; header_3_font=&#8220;|300|||||||&#8220; text_orientation=&#8220;justified&#8220;]<\/p>\n<h3>PEELING MIT SAVON NOIR<\/h3>\n<p>Seine Wirkung auf die Haut wird als Peeling bezeichnet. Savon Noir ist ein Hautschrubber, der die abgestorbenen Zellen der Epidermis anschwillt und somit ein tiefes Peeling erm\u00f6glicht.\u2028Es ist wichtig, sich daran zu erinnern, dass das Schrubben die Kapillar- und Lymphzirkulation aktiviert und die Haut weich und frei von Giftstoffen oder anderen Unreinheiten macht.<br \/>\nAuch das Peeling des K\u00f6rpers hat eine belebende Wirkung. Es ist wirklich unglaublich, wie viel tote Haut wir an unserem K\u00f6rper haben, wenn wir sie nicht entfernen!\u2028Es ist sehr wichtig, vor der Br\u00e4une ein Peeling durchzuf\u00fchren, denn nur mit einer hervorragenden Zellerneuerung erhalten wir eine perfekte Br\u00e4une.\n<\/p>\n<p>[\/et_pb_text][\/et_pb_column][\/et_pb_row][et_pb_row custom_padding=&#8220;50px||50px||true&#8220; _builder_version=&#8220;3.22&#8243;][et_pb_column type=&#8220;4_4&#8243; _builder_version=&#8220;3.19.4&#8243;][et_pb_button button_url=&#8220;http:\/\/termedibognanco.itde\/spa\/&#8220; button_text=&#8220;Z\u00dcRUCK&#8220; button_alignment=&#8220;center&#8220; _builder_version=&#8220;3.19.4&#8243; custom_button=&#8220;on&#8220; button_text_size=&#8220;24px&#8220; button_text_color=&#8220;#ffffff&#8220; button_bg_use_color_gradient=&#8220;on&#8220; button_bg_color_gradient_start=&#8220;rgba(14,101,147,0.72)&#8220; button_bg_color_gradient_end=&#8220;rgba(10,33,107,0.7)&#8220; button_border_width=&#8220;1px&#8220; button_border_radius=&#8220;5px&#8220; button_letter_spacing=&#8220;0px&#8220; button_font=&#8220;|800||on|||||&#8220; button_use_icon=&#8220;off&#8220; button_text_shadow_style=&#8220;preset2&#8243; button_text_shadow_color=&#8220;rgba(0,0,0,0.64)&#8220; box_shadow_style=&#8220;preset2&#8243; box_shadow_color=&#8220;rgba(0,0,0,0.65)&#8220; custom_margin=&#8220;0px||&#8220; custom_padding=&#8220;0px||0px&#8220;][\/et_pb_button][\/et_pb_column][\/et_pb_row][\/et_pb_section][et_pb_section fb_built=&#8220;1&#8243; _builder_version=&#8220;3.22&#8243; background_color=&#8220;#eeeeee&#8220; custom_padding=&#8220;100px|0px|100px|0px|true|false&#8220;][et_pb_row custom_padding=&#8220;48px|0px|27px|0px|false|false&#8220; _builder_version=&#8220;3.22&#8243;][et_pb_column type=&#8220;4_4&#8243; _builder_version=&#8220;3.0.47&#8243;][et_pb_text _builder_version=&#8220;3.19&#8243; text_font=&#8220;|300|||||||&#8220; header_text_align=&#8220;center&#8220; header_2_font=&#8220;|300|||||||&#8220; header_2_text_align=&#8220;center&#8220; header_2_text_color=&#8220;#3d3d3d&#8220;]<\/p>\n<h2>GALERIE<\/h2>\n<p>[\/et_pb_text][\/et_pb_column][\/et_pb_row][et_pb_row _builder_version=&#8220;3.22&#8243;][et_pb_column type=&#8220;1_3&#8243; _builder_version=&#8220;3.0.47&#8243;][et_pb_image src=&#8220;http:\/\/media18.dizajnstudiorp.rs\/2018\/12\/galleria-estetica-e-black-mask.jpg&#8220; align=&#8220;center&#8220; force_fullwidth=&#8220;on&#8220; _builder_version=&#8220;3.19&#8243; box_shadow_style=&#8220;preset2&#8243; box_shadow_blur=&#8220;7px&#8220; animation_style=&#8220;fade&#8220;][\/et_pb_image][\/et_pb_column][et_pb_column type=&#8220;1_3&#8243; _builder_version=&#8220;3.0.47&#8243;][et_pb_image src=&#8220;http:\/\/media18.dizajnstudiorp.rs\/2018\/12\/galleria-estetica-e-epilazione.jpg&#8220; align=&#8220;center&#8220; force_fullwidth=&#8220;on&#8220; _builder_version=&#8220;3.19&#8243; box_shadow_style=&#8220;preset2&#8243; box_shadow_blur=&#8220;7px&#8220; animation_style=&#8220;fade&#8220;][\/et_pb_image][\/et_pb_column][et_pb_column type=&#8220;1_3&#8243; _builder_version=&#8220;3.0.47&#8243;][et_pb_image src=&#8220;http:\/\/media18.dizajnstudiorp.rs\/2018\/12\/galleria-estetica-e-manicure.jpg&#8220; align=&#8220;center&#8220; force_fullwidth=&#8220;on&#8220; _builder_version=&#8220;3.19&#8243; box_shadow_style=&#8220;preset2&#8243; box_shadow_blur=&#8220;7px&#8220; animation_style=&#8220;fade&#8220;][\/et_pb_image][\/et_pb_column][\/et_pb_row][\/et_pb_section][et_pb_section fb_built=&#8220;1&#8243; admin_label=&#8220;Footer Section&#8220; _builder_version=&#8220;3.19.4&#8243; background_color=&#8220;#1194f6&#8243; use_background_color_gradient=&#8220;on&#8220; background_color_gradient_end=&#8220;#53aef4&#8243; custom_padding=&#8220;45px||14px||false|false&#8220; global_module=&#8220;13007&#8243; collapsed=&#8220;off&#8220;][et_pb_row custom_padding=&#8220;0|0px|0|0px|false|false&#8220; _builder_version=&#8220;3.22&#8243; background_size=&#8220;initial&#8220; background_position=&#8220;top_left&#8220; background_repeat=&#8220;repeat&#8220;][et_pb_column type=&#8220;1_3&#8243; _builder_version=&#8220;3.0.47&#8243;][et_pb_image src=&#8220;http:\/\/media18.dizajnstudiorp.rs\/2018\/12\/Logo-bianco-Terme-di-Bognanco.png&#8220; _builder_version=&#8220;3.19&#8243; max_width=&#8220;80%&#8220; module_alignment=&#8220;center&#8220;][\/et_pb_image][et_pb_image src=&#8220;http:\/\/media18.dizajnstudiorp.rs\/2018\/10\/oniro-logo.png&#8220; _builder_version=&#8220;3.19&#8243; max_width=&#8220;70%&#8220; module_alignment=&#8220;center&#8220;][\/et_pb_image][et_pb_social_media_follow _builder_version=&#8220;3.19&#8243; border_radii=&#8220;on|16px|16px|16px|16px&#8220; text_orientation=&#8220;center&#8220; custom_margin=&#8220;||&#8220;][et_pb_social_media_follow_network social_network=&#8220;instagram&#8220; _builder_version=&#8220;3.17.2&#8243; background_color=&#8220;#ffffff&#8220; border_radii=&#8220;on|25px|25px|25px|25px&#8220; custom_padding=&#8220;10px|10px|10px|10px|true|true&#8220; follow_button=&#8220;off&#8220; url_new_window=&#8220;on&#8220;]instagram[\/et_pb_social_media_follow_network][et_pb_social_media_follow_network social_network=&#8220;twitter&#8220; url=&#8220;https:\/\/twitter.com\/acqualindos&#8220; _builder_version=&#8220;3.19&#8243; background_color=&#8220;#ffffff&#8220; border_radii=&#8220;on|25px|25px|25px|25px&#8220; custom_padding=&#8220;10px|10px|10px|10px|true|true&#8220; follow_button=&#8220;off&#8220; url_new_window=&#8220;on&#8220;]twitter[\/et_pb_social_media_follow_network][et_pb_social_media_follow_network social_network=&#8220;facebook&#8220; url=&#8220;https:\/\/www.facebook.com\/lindosetermedibognanco\/&#8220; _builder_version=&#8220;3.19&#8243; background_color=&#8220;#ffffff&#8220; border_radii=&#8220;on|25px|25px|25px|25px&#8220; custom_padding=&#8220;10px|10px|10px|10px|true|true&#8220; follow_button=&#8220;off&#8220; url_new_window=&#8220;on&#8220;]facebook[\/et_pb_social_media_follow_network][\/et_pb_social_media_follow][\/et_pb_column][et_pb_column type=&#8220;1_3&#8243; _builder_version=&#8220;3.0.47&#8243;][et_pb_text _builder_version=&#8220;3.22.1&#8243; text_font=&#8220;|300|||||||&#8220; text_text_color=&#8220;#ffffff&#8220; text_font_size=&#8220;15px&#8220; header_font=&#8220;||||||||&#8220; header_text_color=&#8220;#ffffff&#8220; header_3_font=&#8220;||||||||&#8220; header_3_text_color=&#8220;#ffffff&#8220; text_orientation=&#8220;center&#8220;]<\/p>\n<h3>MINERALWASSER<\/h3>\n<p>Geb\u00fchrenfreie Nummer (nur f\u00fcr Italien):<br \/>\n800.12.64.53<\/p>\n<p>Telefonnummer:<br \/>\n(+39) 0324 234109<\/p>\n<p>e-mail:<br \/>\ninfo@bognanco.it<\/p>\n<p>Montag bis Freitag:<br \/>\nvon 8:00 bis 12:00 Uhr und<br \/>\nvon 13:00 bis 17:00 Uhr[\/et_pb_text][\/et_pb_column][et_pb_column type=&#8220;1_3&#8243; _builder_version=&#8220;3.0.47&#8243;][et_pb_text _builder_version=&#8220;3.22.1&#8243; text_font=&#8220;|300|||||||&#8220; text_text_color=&#8220;#ffffff&#8220; text_font_size=&#8220;15px&#8220; header_font=&#8220;||||||||&#8220; header_3_font=&#8220;||||||||&#8220; header_3_text_color=&#8220;#ffffff&#8220; text_orientation=&#8220;center&#8220;]<\/p>\n<h3>BOGNANCO SPA &#8211; \u00d2NIRO<\/h3>\n<p>Telefonnummer:<br \/>\n(+39) 0324 234137<\/p>\n<p>Handynummer:<br \/>\n(+39) 334 392 7668<\/p>\n<p>e-mail:<br \/>\nterme@bognanco.it<\/p>\n<p>Von 10:00 bis 18:00 Uhr<br \/>\nAM MITTWOCH GESCHLOSSEN[\/et_pb_text][\/et_pb_column][\/et_pb_row][\/et_pb_section]<\/p>\n","protected":false},"excerpt":{"rendered":"<p>\u00c4sthetik und WellnessVERSCHIEDENE MASSAGETYPEN UND \u00c4STHETISCHE GRUNDBEHANDLUNGEN In unserem SPA bieten wir verschiedene Arten von Massagen an: klassische Massagen mit Kerzen, Aromatherapie, Hot-Stone-Massagen und vieles mehr. Dar\u00fcber hinaus bieten Ihnen unsere Mitarbeiter gerne grundlegende Sch\u00f6nheitsbehandlungen wie Haarentfernung, Manik\u00fcre, Pedik\u00fcre und verschiedene Arten von Gesichts- und K\u00f6rperbehandlungen an.EINIGE DER KLASSISCHEN MASSAGENVolle Lymphdrainage: Die Lymphdrainage-Massage ist eine [&hellip;]<\/p>\n","protected":false},"author":1,"featured_media":0,"parent":0,"menu_order":0,"comment_status":"closed","ping_status":"closed","template":"","meta":{"_et_pb_use_builder":"on","_et_pb_old_content":"","_et_gb_content_width":"","footnotes":""},"class_list":["post-17016","page","type-page","status-publish","hentry"],"_links":{"self":[{"href":"https:\/\/termedibognanco.it\/de\/wp-json\/wp\/v2\/pages\/17016"}],"collection":[{"href":"https:\/\/termedibognanco.it\/de\/wp-json\/wp\/v2\/pages"}],"about":[{"href":"https:\/\/termedibognanco.it\/de\/wp-json\/wp\/v2\/types\/page"}],"author":[{"embeddable":true,"href":"https:\/\/termedibognanco.it\/de\/wp-json\/wp\/v2\/users\/1"}],"replies":[{"embeddable":true,"href":"https:\/\/termedibognanco.it\/de\/wp-json\/wp\/v2\/comments?post=17016"}],"version-history":[{"count":1,"href":"https:\/\/termedibognanco.it\/de\/wp-json\/wp\/v2\/pages\/17016\/revisions"}],"predecessor-version":[{"id":17017,"href":"https:\/\/termedibognanco.it\/de\/wp-json\/wp\/v2\/pages\/17016\/revisions\/17017"}],"wp:attachment":[{"href":"https:\/\/termedibognanco.it\/de\/wp-json\/wp\/v2\/media?parent=17016"}],"curies":[{"name":"wp","href":"https:\/\/api.w.org\/{rel}","templated":true}]}}