{"id":16715,"date":"2019-10-02T05:23:22","date_gmt":"2019-10-02T05:23:22","guid":{"rendered":"http:\/\/termedibognanco.ithome\/"},"modified":"2019-10-02T05:23:23","modified_gmt":"2019-10-02T05:23:23","slug":"home","status":"publish","type":"page","link":"https:\/\/termedibognanco.it\/de\/","title":{"rendered":"Home"},"content":{"rendered":"<p>[et_pb_section fb_built=&#8220;1&#8243; admin_label=&#8220;Nove 2+4 kolone&#8220; _builder_version=&#8220;3.22&#8243; custom_margin=&#8220;0px||0px&#8220; custom_padding=&#8220;0px||0px&#8220; collapsed=&#8220;on&#8220;][et_pb_row use_custom_gutter=&#8220;on&#8220; gutter_width=&#8220;1&#8243; custom_padding=&#8220;0|0px|135px|0px|false|false&#8220; make_equal=&#8220;on&#8220; module_class=&#8220; et_pb_row_fullwidth&#8220; _builder_version=&#8220;3.22&#8243; width=&#8220;100%&#8220; width_tablet=&#8220;100%&#8220; width_last_edited=&#8220;on|desktop&#8220; max_width=&#8220;100%&#8220; max_width_tablet=&#8220;100%&#8220; max_width_last_edited=&#8220;on|desktop&#8220; make_fullwidth=&#8220;on&#8220;][et_pb_column type=&#8220;1_2&#8243; _builder_version=&#8220;3.19.15&#8243;][et_pb_image src=&#8220;http:\/\/media18.dizajnstudiorp.rs\/2018\/12\/Header-Acque.jpg&#8220; align=&#8220;center&#8220; force_fullwidth=&#8220;on&#8220; module_class=&#8220;image-zoom&#8220; _builder_version=&#8220;3.19.15&#8243; border_width_all=&#8220;5px&#8220; border_color_all=&#8220;#ffffff&#8220;][\/et_pb_image][et_pb_button button_url=&#8220;http:\/\/termedibognanco.itde\/mineralwasser\/&#8220; button_text=&#8220;MINERALWASSER&#8220; button_alignment=&#8220;center&#8220; admin_label=&#8220;ACQUE MINERALI&#8220; _builder_version=&#8220;3.22.1&#8243; custom_button=&#8220;on&#8220; button_text_size=&#8220;22px&#8220; button_text_color=&#8220;#ffffff&#8220; button_bg_use_color_gradient=&#8220;on&#8220; button_bg_color_gradient_start=&#8220;rgba(224,43,32,0.73)&#8220; button_bg_color_gradient_end=&#8220;rgba(91,17,11,0.84)&#8220; button_bg_color_gradient_start_position=&#8220;23%&#8220; button_border_width=&#8220;1px&#8220; button_border_color=&#8220;#ffffff&#8220; button_border_radius=&#8220;0px&#8220; button_letter_spacing=&#8220;0px&#8220; button_font=&#8220;|||on|||||&#8220; button_use_icon=&#8220;off&#8220; button_text_shadow_style=&#8220;preset2&#8243; button_text_shadow_color=&#8220;rgba(0,0,0,0.64)&#8220; box_shadow_style=&#8220;preset2&#8243; box_shadow_color=&#8220;rgba(0,0,0,0.65)&#8220; custom_margin=&#8220;-250px|0px|77px|0px||true&#8220; custom_padding=&#8220;0px|10px|0px|10px||true&#8220;][\/et_pb_button][\/et_pb_column][et_pb_column type=&#8220;1_2&#8243; _builder_version=&#8220;3.19.15&#8243;][et_pb_image src=&#8220;http:\/\/media18.dizajnstudiorp.rs\/2018\/12\/Header-Terme.jpg&#8220; force_fullwidth=&#8220;on&#8220; module_class=&#8220;image-zoom&#8220; _builder_version=&#8220;3.19.15&#8243; border_width_all=&#8220;5px&#8220; border_color_all=&#8220;#ffffff&#8220;][\/et_pb_image][et_pb_button button_url=&#8220;http:\/\/termedibognanco.itde\/spa\/&#8220; button_text=&#8220;SPA ONIR\u00d2&#8220; button_alignment=&#8220;center&#8220; admin_label=&#8220;TERME \u00d2NIRO&#8220; _builder_version=&#8220;3.22.1&#8243; custom_button=&#8220;on&#8220; button_text_size=&#8220;22px&#8220; button_text_color=&#8220;#ffffff&#8220; button_bg_use_color_gradient=&#8220;on&#8220; button_bg_color_gradient_start=&#8220;rgba(14,101,147,0.72)&#8220; button_bg_color_gradient_end=&#8220;rgba(0,0,0,0.58)&#8220; button_border_width=&#8220;1px&#8220; button_border_radius=&#8220;0px&#8220; button_font=&#8220;|||on|||||&#8220; button_use_icon=&#8220;off&#8220; button_text_shadow_style=&#8220;preset2&#8243; button_text_shadow_color=&#8220;rgba(0,0,0,0.64)&#8220; box_shadow_style=&#8220;preset2&#8243; box_shadow_color=&#8220;rgba(0,0,0,0.65)&#8220; custom_margin=&#8220;-250px|0px|77px|0px||true&#8220; custom_padding=&#8220;0px|10px|0px|10px||true&#8220;][\/et_pb_button][\/et_pb_column][\/et_pb_row][et_pb_row use_custom_gutter=&#8220;on&#8220; gutter_width=&#8220;1&#8243; custom_padding=&#8220;0||48px||false|false&#8220; custom_margin=&#8220;-5px||0px&#8220; make_equal=&#8220;on&#8220; module_class=&#8220; et_pb_row_fullwidth&#8220; _builder_version=&#8220;3.22&#8243; width=&#8220;100%&#8220; width_tablet=&#8220;100%&#8220; width_last_edited=&#8220;on|desktop&#8220; max_width=&#8220;100%&#8220; max_width_tablet=&#8220;100%&#8220; max_width_last_edited=&#8220;on|desktop&#8220; make_fullwidth=&#8220;on&#8220;][et_pb_column type=&#8220;1_4&#8243; _builder_version=&#8220;3.19.15&#8243;][et_pb_image src=&#8220;http:\/\/media18.dizajnstudiorp.rs\/2019\/02\/home-tile-lindos.jpg&#8220; force_fullwidth=&#8220;on&#8220; module_class=&#8220;image-zoom&#8220; _builder_version=&#8220;3.19.4&#8243; border_width_all=&#8220;5px&#8220; border_color_all=&#8220;#ffffff&#8220;][\/et_pb_image][et_pb_button button_url=&#8220;\/?page_id=14024&#8243; button_text=&#8220;LINDOS&#8220; button_alignment=&#8220;center&#8220; _builder_version=&#8220;3.22.1&#8243; custom_button=&#8220;on&#8220; button_text_size=&#8220;22px&#8220; button_text_color=&#8220;#ffffff&#8220; button_bg_use_color_gradient=&#8220;on&#8220; button_bg_color_gradient_start=&#8220;rgba(224,43,32,0.8)&#8220; button_bg_color_gradient_end=&#8220;rgba(0,0,0,0.76)&#8220; button_border_width=&#8220;1px&#8220; button_border_radius=&#8220;0px&#8220; button_font=&#8220;|||on|||||&#8220; button_use_icon=&#8220;off&#8220; button_text_shadow_style=&#8220;preset2&#8243; button_text_shadow_color=&#8220;rgba(0,0,0,0.64)&#8220; box_shadow_style=&#8220;preset2&#8243; box_shadow_color=&#8220;rgba(0,0,0,0.65)&#8220; custom_margin=&#8220;-110px|10px|0px|10px||true&#8220; custom_padding=&#8220;0px||0px&#8220;][\/et_pb_button][\/et_pb_column][et_pb_column type=&#8220;1_4&#8243; _builder_version=&#8220;3.19.15&#8243;][et_pb_image src=&#8220;http:\/\/media18.dizajnstudiorp.rs\/2019\/04\/Giommi-home-3.jpg&#8220; force_fullwidth=&#8220;on&#8220; module_class=&#8220;image-zoom&#8220; _builder_version=&#8220;3.22.1&#8243; border_width_all=&#8220;5px&#8220; border_color_all=&#8220;#ffffff&#8220;][\/et_pb_image][et_pb_button button_url=&#8220;http:\/\/termedibognanco.itde\/giommi\/&#8220; button_text=&#8220;GIOMMI&#8220; button_alignment=&#8220;center&#8220; _builder_version=&#8220;3.22.1&#8243; custom_button=&#8220;on&#8220; button_text_size=&#8220;22px&#8220; button_text_color=&#8220;#ffffff&#8220; button_bg_use_color_gradient=&#8220;on&#8220; button_bg_color_gradient_start=&#8220;rgba(255,119,0,0.72)&#8220; button_bg_color_gradient_end=&#8220;rgba(0,0,0,0.73)&#8220; button_border_width=&#8220;1px&#8220; button_border_radius=&#8220;0px&#8220; button_font=&#8220;|||on|||||&#8220; button_use_icon=&#8220;off&#8220; button_text_shadow_style=&#8220;preset2&#8243; button_text_shadow_color=&#8220;rgba(0,0,0,0.64)&#8220; box_shadow_style=&#8220;preset2&#8243; box_shadow_color=&#8220;rgba(0,0,0,0.65)&#8220; custom_margin=&#8220;-110px|10px|0px|10px||true&#8220; custom_padding=&#8220;0px||0px&#8220;][\/et_pb_button][\/et_pb_column][et_pb_column type=&#8220;1_4&#8243; _builder_version=&#8220;3.19.15&#8243;][et_pb_image src=&#8220;http:\/\/media18.dizajnstudiorp.rs\/2019\/02\/home-tile-stream.jpg&#8220; force_fullwidth=&#8220;on&#8220; module_class=&#8220;image-zoom&#8220; _builder_version=&#8220;3.19.4&#8243; border_width_all=&#8220;5px&#8220; border_color_all=&#8220;#ffffff&#8220;][\/et_pb_image][et_pb_button button_url=&#8220;http:\/\/termedibognanco.itde\/spastream\/&#8220; button_text=&#8220;SPASTERAM&#8220; button_alignment=&#8220;center&#8220; admin_label=&#8220;Spastream&#8220; _builder_version=&#8220;3.22.1&#8243; custom_button=&#8220;on&#8220; button_text_size=&#8220;22px&#8220; button_text_color=&#8220;#ffffff&#8220; button_bg_use_color_gradient=&#8220;on&#8220; button_bg_color_gradient_start=&#8220;rgba(17,148,246,0.56)&#8220; button_bg_color_gradient_end=&#8220;rgba(0,0,0,0.76)&#8220; button_border_width=&#8220;1px&#8220; button_border_radius=&#8220;0px&#8220; button_font=&#8220;|||on|||||&#8220; button_use_icon=&#8220;off&#8220; button_text_shadow_style=&#8220;preset2&#8243; button_text_shadow_color=&#8220;rgba(0,0,0,0.64)&#8220; box_shadow_style=&#8220;preset2&#8243; box_shadow_color=&#8220;rgba(0,0,0,0.65)&#8220; custom_margin=&#8220;-110px|10px|0px|10px||true&#8220; custom_padding=&#8220;0px||0px&#8220;][\/et_pb_button][\/et_pb_column][et_pb_column type=&#8220;1_4&#8243; _builder_version=&#8220;3.19.15&#8243;][et_pb_image src=&#8220;http:\/\/media18.dizajnstudiorp.rs\/2019\/02\/home-tile-cure.jpg&#8220; force_fullwidth=&#8220;on&#8220; module_class=&#8220;image-zoom&#8220; _builder_version=&#8220;3.19.4&#8243; border_width_all=&#8220;5px&#8220; border_color_all=&#8220;#ffffff&#8220;][\/et_pb_image][et_pb_button button_url=&#8220;\/?page_id=14472&#8243; button_text=&#8220;AESTHETIK UND WELLNESS&#8220; button_alignment=&#8220;center&#8220; admin_label=&#8220;Estetica&#8220; _builder_version=&#8220;3.22.1&#8243; custom_button=&#8220;on&#8220; button_text_size=&#8220;22px&#8220; button_text_color=&#8220;#ffffff&#8220; button_bg_use_color_gradient=&#8220;on&#8220; button_bg_color_gradient_start=&#8220;rgba(224,153,0,0.72)&#8220; button_bg_color_gradient_end=&#8220;rgba(0,0,0,0.63)&#8220; button_border_width=&#8220;1px&#8220; button_border_radius=&#8220;0px&#8220; button_font=&#8220;|||on|||||&#8220; button_use_icon=&#8220;off&#8220; button_text_shadow_style=&#8220;preset2&#8243; button_text_shadow_color=&#8220;rgba(0,0,0,0.64)&#8220; box_shadow_style=&#8220;preset2&#8243; box_shadow_color=&#8220;rgba(0,0,0,0.65)&#8220; custom_margin=&#8220;-130px|65px|0px|65px||true&#8220; custom_padding=&#8220;0px|0px|0px|0px&#8220;][\/et_pb_button][\/et_pb_column][\/et_pb_row][\/et_pb_section][et_pb_section fb_built=&#8220;1&#8243; _builder_version=&#8220;3.22&#8243;][et_pb_row custom_padding=&#8220;13px|0px|50px|0px|false|false&#8220; _builder_version=&#8220;3.22&#8243;][et_pb_column type=&#8220;4_4&#8243; _builder_version=&#8220;3.0.47&#8243;][et_pb_text _builder_version=&#8220;3.19&#8243; text_font=&#8220;|300|||||||&#8220; header_font=&#8220;||||||||&#8220; header_2_font=&#8220;|300|||||||&#8220; header_2_text_align=&#8220;center&#8220; header_2_text_color=&#8220;#000000&#8243; text_orientation=&#8220;center&#8220;]<\/p>\n<h1>\u00d2NIRO<\/h1>\n<h2>BOGNANCO BADEANSTALT<\/h2>\n<p>[\/et_pb_text][et_pb_text _builder_version=&#8220;3.19.4&#8243; text_font=&#8220;|300|||||||&#8220; header_font=&#8220;||||||||&#8220; header_2_font=&#8220;|300|||||||&#8220; header_2_text_align=&#8220;center&#8220; header_2_text_color=&#8220;#000000&#8243; text_orientation=&#8220;center&#8220; custom_css_main_element=&#8220;width: 80%;||margin: auto;&#8220;]Entspanne den Geist und forme den K\u00f6rper.<\/p>\n<p>Besuchen Sie die Badeanstalten von Bognanco (\u00d3niro), die sich in einem gr\u00fcnen Tal voller Wasserf\u00e4lle und Wasserwege in einer Ecke des Piemont an der Grenze zur Schweiz befinden.\u00a0<\/p>\n<p>Bringen Sie das Wohlbefinden des Wassers in Ihr Zuhause. Kaufen Sie unser Wasser online oder an unseren Verkaufsstellen, um die wohltuende Wirkung des Spa zu verl\u00e4ngern, bequem zu Hause.[\/et_pb_text][\/et_pb_column][\/et_pb_row][\/et_pb_section][et_pb_section fb_built=&#8220;1&#8243; admin_label=&#8220;Footer Section&#8220; _builder_version=&#8220;3.19.4&#8243; background_color=&#8220;#1194f6&#8243; use_background_color_gradient=&#8220;on&#8220; background_color_gradient_end=&#8220;#53aef4&#8243; custom_padding=&#8220;45px||14px||false|false&#8220; global_module=&#8220;13007&#8243; collapsed=&#8220;off&#8220;][et_pb_row custom_padding=&#8220;0|0px|0|0px|false|false&#8220; _builder_version=&#8220;3.22&#8243; background_size=&#8220;initial&#8220; background_position=&#8220;top_left&#8220; background_repeat=&#8220;repeat&#8220;][et_pb_column type=&#8220;1_3&#8243; _builder_version=&#8220;3.0.47&#8243;][et_pb_image src=&#8220;http:\/\/media18.dizajnstudiorp.rs\/2018\/12\/Logo-bianco-Terme-di-Bognanco.png&#8220; _builder_version=&#8220;3.19&#8243; max_width=&#8220;80%&#8220; module_alignment=&#8220;center&#8220;][\/et_pb_image][et_pb_image src=&#8220;http:\/\/media18.dizajnstudiorp.rs\/2018\/10\/oniro-logo.png&#8220; _builder_version=&#8220;3.19&#8243; max_width=&#8220;70%&#8220; module_alignment=&#8220;center&#8220;][\/et_pb_image][et_pb_social_media_follow _builder_version=&#8220;3.19&#8243; border_radii=&#8220;on|16px|16px|16px|16px&#8220; text_orientation=&#8220;center&#8220; custom_margin=&#8220;||&#8220;][et_pb_social_media_follow_network social_network=&#8220;instagram&#8220; _builder_version=&#8220;3.17.2&#8243; background_color=&#8220;#ffffff&#8220; border_radii=&#8220;on|25px|25px|25px|25px&#8220; custom_padding=&#8220;10px|10px|10px|10px|true|true&#8220; follow_button=&#8220;off&#8220; url_new_window=&#8220;on&#8220;]instagram[\/et_pb_social_media_follow_network][et_pb_social_media_follow_network social_network=&#8220;twitter&#8220; url=&#8220;https:\/\/twitter.com\/acqualindos&#8220; _builder_version=&#8220;3.19&#8243; background_color=&#8220;#ffffff&#8220; border_radii=&#8220;on|25px|25px|25px|25px&#8220; custom_padding=&#8220;10px|10px|10px|10px|true|true&#8220; follow_button=&#8220;off&#8220; url_new_window=&#8220;on&#8220;]twitter[\/et_pb_social_media_follow_network][et_pb_social_media_follow_network social_network=&#8220;facebook&#8220; url=&#8220;https:\/\/www.facebook.com\/lindosetermedibognanco\/&#8220; _builder_version=&#8220;3.19&#8243; background_color=&#8220;#ffffff&#8220; border_radii=&#8220;on|25px|25px|25px|25px&#8220; custom_padding=&#8220;10px|10px|10px|10px|true|true&#8220; follow_button=&#8220;off&#8220; url_new_window=&#8220;on&#8220;]facebook[\/et_pb_social_media_follow_network][\/et_pb_social_media_follow][\/et_pb_column][et_pb_column type=&#8220;1_3&#8243; _builder_version=&#8220;3.0.47&#8243;][et_pb_text _builder_version=&#8220;3.22.1&#8243; text_font=&#8220;|300|||||||&#8220; text_text_color=&#8220;#ffffff&#8220; text_font_size=&#8220;15px&#8220; header_font=&#8220;||||||||&#8220; header_text_color=&#8220;#ffffff&#8220; header_3_font=&#8220;||||||||&#8220; header_3_text_color=&#8220;#ffffff&#8220; text_orientation=&#8220;center&#8220;]<\/p>\n<h3>MINERALWASSER<\/h3>\n<p>Geb\u00fchrenfreie Nummer (nur f\u00fcr Italien):<br \/>\n800.12.64.53<\/p>\n<p>Telefonnummer:<br \/>\n(+39) 0324 234109<\/p>\n<p>e-mail:<br \/>\ninfo@bognanco.it<\/p>\n<p>Montag bis Freitag:<br \/>\nvon 8:00 bis 12:00 Uhr und<br \/>\nvon 13:00 bis 17:00 Uhr[\/et_pb_text][\/et_pb_column][et_pb_column type=&#8220;1_3&#8243; _builder_version=&#8220;3.0.47&#8243;][et_pb_text _builder_version=&#8220;3.22.1&#8243; text_font=&#8220;|300|||||||&#8220; text_text_color=&#8220;#ffffff&#8220; text_font_size=&#8220;15px&#8220; header_font=&#8220;||||||||&#8220; header_3_font=&#8220;||||||||&#8220; header_3_text_color=&#8220;#ffffff&#8220; text_orientation=&#8220;center&#8220;]<\/p>\n<h3>BOGNANCO SPA &#8211; \u00d2NIRO<\/h3>\n<p>Telefonnummer:<br \/>\n(+39) 0324 234137<\/p>\n<p>Handynummer:<br \/>\n(+39) 334 392 7668<\/p>\n<p>e-mail:<br \/>\nterme@bognanco.it<\/p>\n<p>Von 10:00 bis 18:00 Uhr<br \/>\nAM MITTWOCH GESCHLOSSEN[\/et_pb_text][\/et_pb_column][\/et_pb_row][\/et_pb_section]<\/p>\n","protected":false},"excerpt":{"rendered":"<p>\u00d2NIRO BOGNANCO BADEANSTALTEntspanne den Geist und forme den K\u00f6rper. Besuchen Sie die Badeanstalten von Bognanco (\u00d3niro), die sich in einem gr\u00fcnen Tal voller Wasserf\u00e4lle und Wasserwege in einer Ecke des Piemont an der Grenze zur Schweiz befinden.\u00a0 Bringen Sie das Wohlbefinden des Wassers in Ihr Zuhause. Kaufen Sie unser Wasser online oder an unseren Verkaufsstellen, [&hellip;]<\/p>\n","protected":false},"author":1,"featured_media":0,"parent":0,"menu_order":0,"comment_status":"closed","ping_status":"closed","template":"","meta":{"_et_pb_use_builder":"on","_et_pb_old_content":"","_et_gb_content_width":"","footnotes":""},"class_list":["post-16715","page","type-page","status-publish","hentry"],"_links":{"self":[{"href":"https:\/\/termedibognanco.it\/de\/wp-json\/wp\/v2\/pages\/16715"}],"collection":[{"href":"https:\/\/termedibognanco.it\/de\/wp-json\/wp\/v2\/pages"}],"about":[{"href":"https:\/\/termedibognanco.it\/de\/wp-json\/wp\/v2\/types\/page"}],"author":[{"embeddable":true,"href":"https:\/\/termedibognanco.it\/de\/wp-json\/wp\/v2\/users\/1"}],"replies":[{"embeddable":true,"href":"https:\/\/termedibognanco.it\/de\/wp-json\/wp\/v2\/comments?post=16715"}],"version-history":[{"count":1,"href":"https:\/\/termedibognanco.it\/de\/wp-json\/wp\/v2\/pages\/16715\/revisions"}],"predecessor-version":[{"id":16716,"href":"https:\/\/termedibognanco.it\/de\/wp-json\/wp\/v2\/pages\/16715\/revisions\/16716"}],"wp:attachment":[{"href":"https:\/\/termedibognanco.it\/de\/wp-json\/wp\/v2\/media?parent=16715"}],"curies":[{"name":"wp","href":"https:\/\/api.w.org\/{rel}","templated":true}]}}