{"id":16623,"date":"2019-09-30T15:17:34","date_gmt":"2019-09-30T15:17:34","guid":{"rendered":"http:\/\/termedibognanco.ittourismus\/"},"modified":"2019-09-30T15:17:35","modified_gmt":"2019-09-30T15:17:35","slug":"tourismus","status":"publish","type":"page","link":"https:\/\/termedibognanco.it\/de\/tourismus\/","title":{"rendered":"TOURISMUS"},"content":{"rendered":"<p>[et_pb_section fb_built=&#8220;1&#8243; _builder_version=&#8220;3.17.2&#8243; use_background_color_gradient=&#8220;on&#8220; background_color_gradient_start=&#8220;#eeeeee&#8220; background_color_gradient_end=&#8220;#ffffff&#8220; custom_padding=&#8220;0|0px|0|0px|false|false&#8220; bottom_divider_style=&#8220;slant&#8220; bottom_divider_color=&#8220;#eeeeee&#8220; bottom_divider_height=&#8220;162px&#8220; bottom_divider_flip=&#8220;horizontal&#8220; bottom_divider_arrangement=&#8220;above_content&#8220;][et_pb_row make_fullwidth=&#8220;on&#8220; use_custom_gutter=&#8220;on&#8220; gutter_width=&#8220;1&#8243; custom_padding=&#8220;0|0px|0|0px|false|false&#8220; _builder_version=&#8220;3.17.2&#8243; module_alignment=&#8220;center&#8220;][et_pb_column type=&#8220;4_4&#8243; _builder_version=&#8220;3.0.47&#8243;][et_pb_image src=&#8220;http:\/\/media18.dizajnstudiorp.rs\/2019\/02\/header-turismo.jpg&#8220; align=&#8220;center&#8220; force_fullwidth=&#8220;on&#8220; _builder_version=&#8220;3.19.15&#8243;][\/et_pb_image][\/et_pb_column][\/et_pb_row][\/et_pb_section][et_pb_section fb_built=&#8220;1&#8243; _builder_version=&#8220;3.17.2&#8243; background_color=&#8220;#eeeeee&#8220; custom_padding=&#8220;54px|0px|85px|0px|false|false&#8220;][et_pb_row _builder_version=&#8220;3.17.2&#8243;][et_pb_column type=&#8220;4_4&#8243; _builder_version=&#8220;3.0.47&#8243;][et_pb_text _builder_version=&#8220;3.19&#8243; header_font=&#8220;||||||||&#8220; header_text_align=&#8220;center&#8220; header_text_color=&#8220;#3d3d3d&#8220; header_2_font=&#8220;|300|||||||&#8220; header_2_text_align=&#8220;center&#8220; header_2_text_color=&#8220;#4f4f4f&#8220; header_2_font_size=&#8220;30px&#8220; header_4_font=&#8220;|300|||||||&#8220; header_4_text_align=&#8220;center&#8220;]<\/p>\n<h1>TOURISMUS<\/h1>\n<h4>JENSEITS DER B\u00c4DER VON BOGNANCO GIBT ES MEHR TOURISMUS IM VAL BOGNANCO<\/h4>\n<p>[\/et_pb_text][\/et_pb_column][\/et_pb_row][et_pb_row make_equal=&#8220;on&#8220; _builder_version=&#8220;3.17.2&#8243;][et_pb_column type=&#8220;1_2&#8243; _builder_version=&#8220;3.0.47&#8243;][et_pb_text _builder_version=&#8220;3.19&#8243; text_font=&#8220;|300|||||||&#8220; header_font=&#8220;||||||||&#8220; header_2_font=&#8220;|300|||||||&#8220; header_2_text_color=&#8220;#3d3d3d&#8220;]Wenn Sie die Badeanstalten von Bognanco besuchen, lernen Sie das sch\u00f6ne Tal von Bognanco kennen, ein gr\u00fcnes Tal voller B\u00e4che, das verschiedene Outdoor-Aktivit\u00e4ten anbietet. Neben dem BognancoSpa und seinem Thermalwasser, das sich 650 m \u00fcber dem Meeresspiegel befindet, gibt es den Parco delle Sorgenti, die G\u00e4rten und einen dichten Wald, in dem Sie Spazierg\u00e4nge und Ausfl\u00fcge unternehmen k\u00f6nnen.<\/p>\n<p>&nbsp;<\/p>\n<p>Zu den besonderen Sehensw\u00fcrdigkeiten geh\u00f6ren die Alpe Gomba, die Alpe San Bernardo und die 3 Seen von Paione.<\/p>\n<p>&nbsp;<\/p>\n<p>Das Val Bognanco, das am Bach Bogna liegt, \u00f6ffnet sich zu weiteren mit Kastanien- und Tannenb\u00e4umen bedeckten Bergh\u00e4ngen von Fornalino bis Monscera, in einer Reihe von Routen, die sich ideal f\u00fcr Ausfl\u00fcge zwischen Italien und der Schweiz eignen: der Pioltone, der Azoglio und der PizzoStraciugo, von deren Gipfel aus Sie einen unvergleichlichen Blick auf die Alpen und den Lago Maggiore genie\u00dfen k\u00f6nnen.[\/et_pb_text][\/et_pb_column][et_pb_column type=&#8220;1_2&#8243; _builder_version=&#8220;3.0.47&#8243;][et_pb_image src=&#8220;http:\/\/media18.dizajnstudiorp.rs\/2019\/02\/Bognanco-valle-turismo.jpg&#8220; show_in_lightbox=&#8220;on&#8220; _builder_version=&#8220;3.19.15&#8243; box_shadow_style=&#8220;preset3&#8243;]&nbsp;<br \/>\n[\/et_pb_image][\/et_pb_column][\/et_pb_row][\/et_pb_section][et_pb_section fb_built=&#8220;1&#8243; _builder_version=&#8220;3.18.2&#8243; custom_padding=&#8220;25px||25px||true|false&#8220;][et_pb_row custom_padding=&#8220;27px|0px|16px|0px|false|false&#8220; _builder_version=&#8220;3.18.2&#8243;][et_pb_column type=&#8220;4_4&#8243; _builder_version=&#8220;3.18.2&#8243;][et_pb_text _builder_version=&#8220;3.18.2&#8243; header_font=&#8220;||||||||&#8220; header_2_font=&#8220;|300|||||||&#8220; header_2_text_align=&#8220;center&#8220;]<\/p>\n<h2>Neben den Thermalb\u00e4dern bietet das Val Bognanco auch Outdoor-Aktivit\u00e4ten an.<\/h2>\n<p>[\/et_pb_text][\/et_pb_column][\/et_pb_row][\/et_pb_section][et_pb_section fb_built=&#8220;1&#8243; _builder_version=&#8220;3.21&#8243; custom_padding=&#8220;0|0px|51.2px|0px|false|false&#8220;][et_pb_row use_custom_gutter=&#8220;on&#8220; gutter_width=&#8220;2&#8243; use_background_color_gradient_1=&#8220;off&#8220; use_background_color_gradient_2=&#8220;off&#8220; use_background_color_gradient_3=&#8220;off&#8220; use_background_color_gradient_4=&#8220;off&#8220; background_color_gradient_start_1=&#8220;#2b87da&#8220; background_color_gradient_start_2=&#8220;#2b87da&#8220; background_color_gradient_start_3=&#8220;#2b87da&#8220; background_color_gradient_start_4=&#8220;#2b87da&#8220; background_color_gradient_end_1=&#8220;#29c4a9&#8243; background_color_gradient_end_2=&#8220;#29c4a9&#8243; background_color_gradient_end_3=&#8220;#29c4a9&#8243; background_color_gradient_end_4=&#8220;#29c4a9&#8243; background_color_gradient_start_position_1=&#8220;0&#8243; background_color_gradient_start_position_2=&#8220;0&#8243; background_color_gradient_start_position_3=&#8220;0&#8243; background_color_gradient_start_position_4=&#8220;0&#8243; background_color_gradient_end_position_1=&#8220;100&#8243; background_color_gradient_end_position_2=&#8220;100&#8243; background_color_gradient_end_position_3=&#8220;100&#8243; background_color_gradient_end_position_4=&#8220;100&#8243; padding_right_1=&#8220;0px&#8220; padding_right_2=&#8220;0px&#8220; padding_bottom_1=&#8220;0px&#8220; padding_bottom_2=&#8220;0px&#8220; padding_left_1=&#8220;0px&#8220; padding_left_2=&#8220;0px&#8220; admin_label=&#8220;Riga&#8220; _builder_version=&#8220;3.21&#8243; background_size=&#8220;initial&#8220; background_position=&#8220;top_left&#8220; background_repeat=&#8220;repeat&#8220; custom_css_main_element=&#8220;z-index: 99;&#8220;][et_pb_column type=&#8220;1_4&#8243; _builder_version=&#8220;3.0.47&#8243;][et_pb_image src=&#8220;http:\/\/media18.dizajnstudiorp.rs\/2019\/03\/turismo-outdoor-hiking.jpg&#8220; alt=&#8220;Tourismus Wandern&#8220; admin_label=&#8220;img-Hiking&#8220; _builder_version=&#8220;3.21&#8243; background_color_gradient_direction=&#8220;90deg&#8220;][\/et_pb_image][et_pb_button button_text=&#8220;WANDERN&#8220; button_alignment=&#8220;center&#8220; admin_label=&#8220;HIKING&#8220; _builder_version=&#8220;3.21&#8243; custom_button=&#8220;on&#8220; button_text_size=&#8220;24px&#8220; button_text_color=&#8220;#ffffff&#8220; button_bg_use_color_gradient=&#8220;on&#8220; button_bg_color_gradient_start=&#8220;rgba(255,255,255,0.2)&#8220; button_bg_color_gradient_end=&#8220;#ffffff&#8220; button_border_width=&#8220;0px&#8220; button_border_color=&#8220;rgba(0,0,0,0)&#8220; button_border_radius=&#8220;0px&#8220; button_font=&#8220;Raleway||||||||&#8220; button_use_icon=&#8220;off&#8220; button_text_shadow_style=&#8220;preset2&#8243; button_text_shadow_blur_strength=&#8220;0.1em&#8220; button_text_shadow_color=&#8220;#000000&#8243; box_shadow_style=&#8220;preset3&#8243; box_shadow_blur=&#8220;10px&#8220; custom_margin=&#8220;-67px||&#8220; custom_padding=&#8220;5px||5px||true|false&#8220; custom_css_main_element=&#8220;width: 100%;&#8220; button_text_color__hover_enabled=&#8220;on&#8220; button_bg_color__hover_enabled=&#8220;on&#8220;][\/et_pb_button][\/et_pb_column][et_pb_column type=&#8220;1_4&#8243; _builder_version=&#8220;3.0.47&#8243;][et_pb_image src=&#8220;http:\/\/media18.dizajnstudiorp.rs\/2019\/03\/turismo-outdoor-trekking.jpg&#8220; alt=&#8220;Trekking-Tourismus&#8220; admin_label=&#8220;img-Trekking&#8220; _builder_version=&#8220;3.21&#8243; background_color_gradient_direction=&#8220;90deg&#8220;][\/et_pb_image][et_pb_button button_text=&#8220;WANDERN&#8220; button_alignment=&#8220;center&#8220; admin_label=&#8220;Trekking&#8220; _builder_version=&#8220;3.21&#8243; custom_button=&#8220;on&#8220; button_text_size=&#8220;24px&#8220; button_text_color=&#8220;#ffffff&#8220; button_bg_use_color_gradient=&#8220;on&#8220; button_bg_color_gradient_start=&#8220;rgba(255,255,255,0.2)&#8220; button_bg_color_gradient_end=&#8220;#ffffff&#8220; button_border_width=&#8220;0px&#8220; button_border_color=&#8220;rgba(0,0,0,0)&#8220; button_border_radius=&#8220;0px&#8220; button_font=&#8220;Raleway||||||||&#8220; button_use_icon=&#8220;off&#8220; button_text_shadow_style=&#8220;preset2&#8243; button_text_shadow_blur_strength=&#8220;0.1em&#8220; button_text_shadow_color=&#8220;#000000&#8243; box_shadow_style=&#8220;preset3&#8243; box_shadow_blur=&#8220;10px&#8220; custom_margin=&#8220;-67px||&#8220; custom_padding=&#8220;5px||5px||true|false&#8220; custom_css_main_element=&#8220;width: 100%;&#8220; button_text_color__hover_enabled=&#8220;on&#8220; button_bg_color__hover_enabled=&#8220;on&#8220;][\/et_pb_button][\/et_pb_column][et_pb_column type=&#8220;1_4&#8243; _builder_version=&#8220;3.0.47&#8243;][et_pb_image src=&#8220;http:\/\/media18.dizajnstudiorp.rs\/2019\/03\/turismo-outdoor-mountain-bike.jpg&#8220; alt=&#8220;Mountainbiken&#8220; admin_label=&#8220;img-Bike&#8220; _builder_version=&#8220;3.21&#8243; background_color_gradient_direction=&#8220;90deg&#8220;][\/et_pb_image][et_pb_button button_text=&#8220;BERGFAHRRAD&#8220; button_alignment=&#8220;center&#8220; _builder_version=&#8220;3.21&#8243; custom_button=&#8220;on&#8220; button_text_size=&#8220;24px&#8220; button_text_color=&#8220;#ffffff&#8220; button_bg_use_color_gradient=&#8220;on&#8220; button_bg_color_gradient_start=&#8220;rgba(255,255,255,0.2)&#8220; button_bg_color_gradient_end=&#8220;#ffffff&#8220; button_border_width=&#8220;0px&#8220; button_border_color=&#8220;rgba(0,0,0,0)&#8220; button_border_radius=&#8220;0px&#8220; button_font=&#8220;Raleway||||||||&#8220; button_use_icon=&#8220;off&#8220; button_text_shadow_style=&#8220;preset2&#8243; button_text_shadow_blur_strength=&#8220;0.1em&#8220; button_text_shadow_color=&#8220;#000000&#8243; box_shadow_style=&#8220;preset3&#8243; box_shadow_blur=&#8220;10px&#8220; custom_margin=&#8220;-67px||&#8220; custom_padding=&#8220;5px||5px||true|false&#8220; custom_css_main_element=&#8220;width: 100%;&#8220; button_text_color__hover_enabled=&#8220;on&#8220; button_bg_color__hover_enabled=&#8220;on&#8220;][\/et_pb_button][\/et_pb_column][et_pb_column type=&#8220;1_4&#8243; _builder_version=&#8220;3.0.47&#8243;][et_pb_image src=&#8220;http:\/\/media18.dizajnstudiorp.rs\/2019\/03\/turismo-outdoor-canyoning.jpg&#8220; alt=&#8220;Canyoning&#8220; admin_label=&#8220;canyoning&#8220; _builder_version=&#8220;3.21&#8243; background_color_gradient_direction=&#8220;90deg&#8220;][\/et_pb_image][et_pb_button button_text=&#8220;CANYONING&#8220; button_alignment=&#8220;center&#8220; admin_label=&#8220;Canyoning&#8220; _builder_version=&#8220;3.21&#8243; custom_button=&#8220;on&#8220; button_text_size=&#8220;24px&#8220; button_text_color=&#8220;#ffffff&#8220; button_bg_use_color_gradient=&#8220;on&#8220; button_bg_color_gradient_start=&#8220;rgba(255,255,255,0.2)&#8220; button_bg_color_gradient_end=&#8220;#ffffff&#8220; button_border_width=&#8220;0px&#8220; button_border_color=&#8220;rgba(0,0,0,0)&#8220; button_border_radius=&#8220;0px&#8220; button_font=&#8220;Raleway||||||||&#8220; button_use_icon=&#8220;off&#8220; button_text_shadow_style=&#8220;preset2&#8243; button_text_shadow_blur_strength=&#8220;0.1em&#8220; button_text_shadow_color=&#8220;#000000&#8243; box_shadow_style=&#8220;preset3&#8243; box_shadow_blur=&#8220;10px&#8220; custom_margin=&#8220;-67px||&#8220; custom_padding=&#8220;5px||5px||true|false&#8220; custom_css_main_element=&#8220;width: 100%;&#8220; button_text_color__hover_enabled=&#8220;on&#8220; button_bg_color__hover_enabled=&#8220;on&#8220;][\/et_pb_button][\/et_pb_column][\/et_pb_row][et_pb_row use_custom_gutter=&#8220;on&#8220; gutter_width=&#8220;2&#8243; use_background_color_gradient_1=&#8220;off&#8220; use_background_color_gradient_2=&#8220;off&#8220; use_background_color_gradient_3=&#8220;off&#8220; use_background_color_gradient_4=&#8220;off&#8220; background_color_gradient_start_1=&#8220;#2b87da&#8220; background_color_gradient_start_2=&#8220;#2b87da&#8220; background_color_gradient_start_3=&#8220;#2b87da&#8220; background_color_gradient_start_4=&#8220;#2b87da&#8220; background_color_gradient_end_1=&#8220;#29c4a9&#8243; background_color_gradient_end_2=&#8220;#29c4a9&#8243; background_color_gradient_end_3=&#8220;#29c4a9&#8243; background_color_gradient_end_4=&#8220;#29c4a9&#8243; background_color_gradient_start_position_1=&#8220;0&#8243; background_color_gradient_start_position_2=&#8220;0&#8243; background_color_gradient_start_position_3=&#8220;0&#8243; background_color_gradient_start_position_4=&#8220;0&#8243; background_color_gradient_end_position_1=&#8220;100&#8243; background_color_gradient_end_position_2=&#8220;100&#8243; background_color_gradient_end_position_3=&#8220;100&#8243; background_color_gradient_end_position_4=&#8220;100&#8243; padding_right_1=&#8220;0px&#8220; padding_right_2=&#8220;0px&#8220; padding_bottom_1=&#8220;0px&#8220; padding_bottom_2=&#8220;0px&#8220; padding_left_1=&#8220;0px&#8220; padding_left_2=&#8220;0px&#8220; _builder_version=&#8220;3.21&#8243; custom_css_main_element=&#8220;z-index: 99;&#8220;][et_pb_column type=&#8220;1_4&#8243; _builder_version=&#8220;3.0.47&#8243;][et_pb_image src=&#8220;http:\/\/media18.dizajnstudiorp.rs\/2019\/03\/turismo-outdoor-horse-riding.jpg&#8220; alt=&#8220;Reiten&#8220; admin_label=&#8220;img-horse riding&#8220; _builder_version=&#8220;3.21&#8243; background_color_gradient_direction=&#8220;90deg&#8220;][\/et_pb_image][et_pb_button button_text=&#8220;REITEN&#8220; button_alignment=&#8220;center&#8220; admin_label=&#8220;horse riding&#8220; _builder_version=&#8220;3.21&#8243; custom_button=&#8220;on&#8220; button_text_size=&#8220;24px&#8220; button_text_color=&#8220;#ffffff&#8220; button_bg_use_color_gradient=&#8220;on&#8220; button_bg_color_gradient_start=&#8220;rgba(255,255,255,0.2)&#8220; button_bg_color_gradient_end=&#8220;#ffffff&#8220; button_border_width=&#8220;0px&#8220; button_border_color=&#8220;rgba(0,0,0,0)&#8220; button_border_radius=&#8220;0px&#8220; button_font=&#8220;Raleway||||||||&#8220; button_use_icon=&#8220;off&#8220; button_text_shadow_style=&#8220;preset2&#8243; button_text_shadow_blur_strength=&#8220;0.1em&#8220; button_text_shadow_color=&#8220;#000000&#8243; box_shadow_style=&#8220;preset3&#8243; box_shadow_blur=&#8220;10px&#8220; custom_margin=&#8220;-67px||&#8220; custom_padding=&#8220;5px||5px||true|false&#8220; custom_css_main_element=&#8220;width: 100%;&#8220; button_text_color__hover_enabled=&#8220;on&#8220; button_bg_color__hover_enabled=&#8220;on&#8220;][\/et_pb_button][\/et_pb_column][et_pb_column type=&#8220;1_4&#8243; _builder_version=&#8220;3.0.47&#8243;][et_pb_image src=&#8220;http:\/\/media18.dizajnstudiorp.rs\/2019\/03\/turismo-outdoor-snowshoeing.jpg&#8220; alt=&#8220;Schneeschuhwandern  &#8220; admin_label=&#8220;img-snowshoeing&#8220; _builder_version=&#8220;3.21&#8243; background_color_gradient_direction=&#8220;90deg&#8220;][\/et_pb_image][et_pb_button button_text=&#8220;SNOWSHOEING&#8220; button_alignment=&#8220;center&#8220; admin_label=&#8220;snowshoeing&#8220; _builder_version=&#8220;3.21&#8243; custom_button=&#8220;on&#8220; button_text_size=&#8220;24px&#8220; button_text_color=&#8220;#ffffff&#8220; button_bg_use_color_gradient=&#8220;on&#8220; button_bg_color_gradient_start=&#8220;rgba(255,255,255,0.2)&#8220; button_bg_color_gradient_end=&#8220;#ffffff&#8220; button_border_width=&#8220;0px&#8220; button_border_color=&#8220;rgba(0,0,0,0)&#8220; button_border_radius=&#8220;0px&#8220; button_font=&#8220;Raleway||||||||&#8220; button_use_icon=&#8220;off&#8220; button_text_shadow_style=&#8220;preset2&#8243; button_text_shadow_blur_strength=&#8220;0.1em&#8220; button_text_shadow_color=&#8220;#000000&#8243; box_shadow_style=&#8220;preset3&#8243; box_shadow_blur=&#8220;10px&#8220; custom_margin=&#8220;-67px||&#8220; custom_padding=&#8220;5px||5px||true|false&#8220; custom_css_main_element=&#8220;width: 100%;&#8220; button_text_color__hover_enabled=&#8220;on&#8220; button_bg_color__hover_enabled=&#8220;on&#8220;][\/et_pb_button][\/et_pb_column][et_pb_column type=&#8220;1_4&#8243; _builder_version=&#8220;3.0.47&#8243;][et_pb_image src=&#8220;http:\/\/media18.dizajnstudiorp.rs\/2019\/03\/turismo-outdoor-skimountaineering.jpg&#8220; alt=&#8220;Skibergsteigen&#8220; admin_label=&#8220;img-skimountaineering&#8220; _builder_version=&#8220;3.21&#8243; background_color_gradient_direction=&#8220;90deg&#8220;][\/et_pb_image][et_pb_button button_text=&#8220;SKI BERGSTEIGEN&#8220; button_alignment=&#8220;center&#8220; admin_label=&#8220;skimountaineering&#8220; _builder_version=&#8220;3.21&#8243; custom_button=&#8220;on&#8220; button_text_size=&#8220;24px&#8220; button_text_color=&#8220;#ffffff&#8220; button_bg_use_color_gradient=&#8220;on&#8220; button_bg_color_gradient_start=&#8220;rgba(255,255,255,0.2)&#8220; button_bg_color_gradient_end=&#8220;#ffffff&#8220; button_border_width=&#8220;0px&#8220; button_border_color=&#8220;rgba(0,0,0,0)&#8220; button_border_radius=&#8220;0px&#8220; button_font=&#8220;Raleway||||||||&#8220; button_use_icon=&#8220;off&#8220; button_text_shadow_style=&#8220;preset2&#8243; button_text_shadow_blur_strength=&#8220;0.1em&#8220; button_text_shadow_color=&#8220;#000000&#8243; box_shadow_style=&#8220;preset3&#8243; box_shadow_blur=&#8220;10px&#8220; custom_margin=&#8220;-107px||&#8220; custom_padding=&#8220;5px||5px||true|false&#8220; custom_css_main_element=&#8220;width: 100%;&#8220; button_text_color__hover_enabled=&#8220;on&#8220; button_bg_color__hover_enabled=&#8220;on&#8220;][\/et_pb_button][\/et_pb_column][et_pb_column type=&#8220;1_4&#8243; _builder_version=&#8220;3.0.47&#8243;][\/et_pb_column][\/et_pb_row][\/et_pb_section][et_pb_section fb_built=&#8220;1&#8243; admin_label=&#8220;Sezione&#8220; _builder_version=&#8220;3.18.2&#8243; background_color=&#8220;#eeeeee&#8220; custom_padding=&#8220;150px||150px||true&#8220;][et_pb_row _builder_version=&#8220;3.18.2&#8243;][et_pb_column type=&#8220;4_4&#8243; _builder_version=&#8220;3.18.2&#8243;][et_pb_text _builder_version=&#8220;3.19&#8243; header_font=&#8220;||||||||&#8220; header_2_font=&#8220;||||||||&#8220; header_2_text_align=&#8220;center&#8220;]<\/p>\n<h2>N\u00fctzliche Links<\/h2>\n<p>[\/et_pb_text][\/et_pb_column][\/et_pb_row][et_pb_row _builder_version=&#8220;3.18.2&#8243;][et_pb_column type=&#8220;1_2&#8243; _builder_version=&#8220;3.18.2&#8243;][et_pb_text _builder_version=&#8220;3.19&#8243; text_font=&#8220;|300|||||||&#8220; text_orientation=&#8220;center&#8220;]Tourismusverband Val Bognanco:<\/p>\n<p><a href=\"http:\/\/www.valbognanco.com\">www.valbognanco.com<\/a><br \/>\n<a href=\"http:\/\/www.torchibognanchesi.com\">www.torchibognanchesi.com<\/a>[\/et_pb_text][\/et_pb_column][et_pb_column type=&#8220;1_2&#8243; _builder_version=&#8220;3.18.2&#8243;][et_pb_text _builder_version=&#8220;3.19&#8243; text_font=&#8220;|300|||||||&#8220; text_orientation=&#8220;center&#8220;]Lago Maggiore, Orta-See, Mergozzo-See, Monti und Valli d&#8217;Ossola Tourismusgebiet<\/p>\n<p><a href=\"http:\/\/www.distrettolaghi.it\">www.distrettolaghi.it<\/a>[\/et_pb_text][\/et_pb_column][\/et_pb_row][\/et_pb_section][et_pb_section fb_built=&#8220;1&#8243; admin_label=&#8220;Footer Section&#8220; _builder_version=&#8220;3.19.4&#8243; background_color=&#8220;#1194f6&#8243; use_background_color_gradient=&#8220;on&#8220; background_color_gradient_end=&#8220;#53aef4&#8243; custom_padding=&#8220;45px||14px||false|false&#8220; global_module=&#8220;13007&#8243; collapsed=&#8220;off&#8220;][et_pb_row custom_padding=&#8220;0|0px|0|0px|false|false&#8220; _builder_version=&#8220;3.0.47&#8243; background_size=&#8220;initial&#8220; background_position=&#8220;top_left&#8220; background_repeat=&#8220;repeat&#8220;][et_pb_column type=&#8220;1_3&#8243; _builder_version=&#8220;3.0.47&#8243;][et_pb_image src=&#8220;http:\/\/media18.dizajnstudiorp.rs\/2018\/12\/Logo-bianco-Terme-di-Bognanco.png&#8220; _builder_version=&#8220;3.19&#8243; max_width=&#8220;80%&#8220; module_alignment=&#8220;center&#8220;][\/et_pb_image][et_pb_image src=&#8220;http:\/\/media18.dizajnstudiorp.rs\/2018\/10\/oniro-logo.png&#8220; _builder_version=&#8220;3.19&#8243; max_width=&#8220;70%&#8220; module_alignment=&#8220;center&#8220;][\/et_pb_image][et_pb_social_media_follow _builder_version=&#8220;3.19&#8243; border_radii=&#8220;on|16px|16px|16px|16px&#8220; text_orientation=&#8220;center&#8220; custom_margin=&#8220;||&#8220;][et_pb_social_media_follow_network social_network=&#8220;instagram&#8220; _builder_version=&#8220;3.17.2&#8243; background_color=&#8220;#ffffff&#8220; border_radii=&#8220;on|25px|25px|25px|25px&#8220; custom_padding=&#8220;10px|10px|10px|10px|true|true&#8220; follow_button=&#8220;off&#8220; url_new_window=&#8220;on&#8220;]instagram[\/et_pb_social_media_follow_network][et_pb_social_media_follow_network social_network=&#8220;twitter&#8220; url=&#8220;https:\/\/twitter.com\/acqualindos&#8220; _builder_version=&#8220;3.19&#8243; background_color=&#8220;#ffffff&#8220; border_radii=&#8220;on|25px|25px|25px|25px&#8220; custom_padding=&#8220;10px|10px|10px|10px|true|true&#8220; follow_button=&#8220;off&#8220; url_new_window=&#8220;on&#8220;]twitter[\/et_pb_social_media_follow_network][et_pb_social_media_follow_network social_network=&#8220;facebook&#8220; url=&#8220;https:\/\/www.facebook.com\/lindosetermedibognanco\/&#8220; _builder_version=&#8220;3.19&#8243; background_color=&#8220;#ffffff&#8220; border_radii=&#8220;on|25px|25px|25px|25px&#8220; custom_padding=&#8220;10px|10px|10px|10px|true|true&#8220; follow_button=&#8220;off&#8220; url_new_window=&#8220;on&#8220;]facebook[\/et_pb_social_media_follow_network][\/et_pb_social_media_follow][\/et_pb_column][et_pb_column type=&#8220;1_3&#8243; _builder_version=&#8220;3.0.47&#8243;][et_pb_text _builder_version=&#8220;3.19.15&#8243; text_font=&#8220;|300|||||||&#8220; text_text_color=&#8220;#ffffff&#8220; text_font_size=&#8220;15px&#8220; header_font=&#8220;||||||||&#8220; header_text_color=&#8220;#ffffff&#8220; header_3_font=&#8220;||||||||&#8220; header_3_text_color=&#8220;#ffffff&#8220; text_orientation=&#8220;center&#8220;]<\/p>\n<h3>MINERALWASSER<\/h3>\n<p>Geb\u00fchrenfreie Nummer (nur f\u00fcr Italien):<br \/>\n800.12.64.53<\/p>\n<p>Telefonnummer:<br \/>\n(+39) 0324 234137<\/p>\n<p>e-mail:<br \/>\ninfo@bognanco.it<\/p>\n<p>Montag bis Freitag:<br \/>\ndalle 8:00 alle 12:00 e<br \/>\ndalle 13:00 alle 17:00[\/et_pb_text][\/et_pb_column][et_pb_column type=&#8220;1_3&#8243; _builder_version=&#8220;3.0.47&#8243;][et_pb_text _builder_version=&#8220;3.19.15&#8243; text_font=&#8220;|300|||||||&#8220; text_text_color=&#8220;#ffffff&#8220; text_font_size=&#8220;15px&#8220; header_font=&#8220;||||||||&#8220; header_3_font=&#8220;||||||||&#8220; header_3_text_color=&#8220;#ffffff&#8220; text_orientation=&#8220;center&#8220;]<\/p>\n<h3>TERME DI BOGNANCO &#8211; \u00d2NIRO<\/h3>\n<p>Telefonnummer:<br \/>\n(+39) 0324 24137<\/p>\n<p>Handynummer:<br \/>\n(+39) 334 392 7668<\/p>\n<p>e-mail:<br \/>\nterme@bognanco.it<\/p>\n<p>Von 10:00 bis 18:00 Uhr<br \/>\nDIENSTAG GESCHLOSSEN[\/et_pb_text][\/et_pb_column][\/et_pb_row][\/et_pb_section]<\/p>\n","protected":false},"excerpt":{"rendered":"<p>TOURISMUS JENSEITS DER B\u00c4DER VON BOGNANCO GIBT ES MEHR TOURISMUS IM VAL BOGNANCOWenn Sie die Badeanstalten von Bognanco besuchen, lernen Sie das sch\u00f6ne Tal von Bognanco kennen, ein gr\u00fcnes Tal voller B\u00e4che, das verschiedene Outdoor-Aktivit\u00e4ten anbietet. Neben dem BognancoSpa und seinem Thermalwasser, das sich 650 m \u00fcber dem Meeresspiegel befindet, gibt es den Parco delle [&hellip;]<\/p>\n","protected":false},"author":1,"featured_media":0,"parent":0,"menu_order":0,"comment_status":"closed","ping_status":"closed","template":"","meta":{"_et_pb_use_builder":"on","_et_pb_old_content":"","_et_gb_content_width":"","footnotes":""},"class_list":["post-16623","page","type-page","status-publish","hentry"],"_links":{"self":[{"href":"https:\/\/termedibognanco.it\/de\/wp-json\/wp\/v2\/pages\/16623"}],"collection":[{"href":"https:\/\/termedibognanco.it\/de\/wp-json\/wp\/v2\/pages"}],"about":[{"href":"https:\/\/termedibognanco.it\/de\/wp-json\/wp\/v2\/types\/page"}],"author":[{"embeddable":true,"href":"https:\/\/termedibognanco.it\/de\/wp-json\/wp\/v2\/users\/1"}],"replies":[{"embeddable":true,"href":"https:\/\/termedibognanco.it\/de\/wp-json\/wp\/v2\/comments?post=16623"}],"version-history":[{"count":1,"href":"https:\/\/termedibognanco.it\/de\/wp-json\/wp\/v2\/pages\/16623\/revisions"}],"predecessor-version":[{"id":16624,"href":"https:\/\/termedibognanco.it\/de\/wp-json\/wp\/v2\/pages\/16623\/revisions\/16624"}],"wp:attachment":[{"href":"https:\/\/termedibognanco.it\/de\/wp-json\/wp\/v2\/media?parent=16623"}],"curies":[{"name":"wp","href":"https:\/\/api.w.org\/{rel}","templated":true}]}}