{"id":15800,"date":"2019-08-21T11:45:21","date_gmt":"2019-08-21T11:45:21","guid":{"rendered":"http:\/\/termedibognanco.dizajnstudiorp.rs\/shop-2\/"},"modified":"2019-10-02T08:35:55","modified_gmt":"2019-10-02T08:35:55","slug":"shop-2","status":"publish","type":"page","link":"https:\/\/termedibognanco.it\/de\/shop-2\/","title":{"rendered":"Shop"},"content":{"rendered":"<p>[et_pb_section fb_built=&#8220;1&#8243; _builder_version=&#8220;3.22.3&#8243; custom_padding=&#8220;50px|0px|50px|0px||&#8220;][et_pb_row custom_padding=&#8220;|||||&#8220; _builder_version=&#8220;3.22.4&#8243; module_alignment=&#8220;center&#8220;][et_pb_column type=&#8220;4_4&#8243; _builder_version=&#8220;3.22.4&#8243;][et_pb_image src=&#8220;http:\/\/media18.dizajnstudiorp.rs\/2019\/04\/terme-oniro-bognanco-logo.png&#8220; align=&#8220;center&#8220; _builder_version=&#8220;3.22.4&#8243; width=&#8220;50%&#8220; width_last_edited=&#8220;on|desktop&#8220; module_alignment=&#8220;center&#8220; animation_style=&#8220;fade&#8220; animation_duration=&#8220;1600ms&#8220; animation_delay=&#8220;50ms&#8220; animation_starting_opacity=&#8220;10%&#8220;][\/et_pb_image][et_pb_text _builder_version=&#8220;3.22.4&#8243; header_font=&#8220;||||||||&#8220; header_text_align=&#8220;center&#8220; header_text_color=&#8220;#3d3d3d&#8220; header_2_font=&#8220;|300|||||||&#8220; header_2_text_align=&#8220;center&#8220; header_2_text_color=&#8220;#4f4f4f&#8220; header_2_font_size=&#8220;30px&#8220; custom_margin=&#8220;||2px|||&#8220; custom_padding=&#8220;12px|||||&#8220;]<\/p>\n<h1>SHOP<\/h1>\n<p>[\/et_pb_text][et_pb_text _builder_version=&#8220;3.22.4&#8243; text_font=&#8220;||||||||&#8220;]<\/p>\n<p style=\"text-align: center;\">UNSERE VON DER NATUR GESCHAFFENEN PRODUKTE<\/p>\n<p>[\/et_pb_text][\/et_pb_column][\/et_pb_row][\/et_pb_section][et_pb_section fb_built=&#8220;1&#8243; _builder_version=&#8220;3.22.3&#8243; custom_padding=&#8220;0px|||||&#8220;][et_pb_row _builder_version=&#8220;3.22.3&#8243; background_size=&#8220;initial&#8220; background_position=&#8220;top_left&#8220; background_repeat=&#8220;repeat&#8220;][et_pb_column type=&#8220;4_4&#8243; _builder_version=&#8220;3.0.47&#8243;][et_pb_shop type=&#8220;product_category&#8220; posts_number=&#8220;16&#8243; include_categories=&#8220;59,60&#8243; columns_number=&#8220;4&#8243; orderby=&#8220;date-desc&#8220; _builder_version=&#8220;3.22.1&#8243; title_text_align=&#8220;center&#8220; title_font_size=&#8220;22&#8243; price_text_align=&#8220;center&#8220; price_font_size=&#8220;16&#8243; z_index_tablet=&#8220;500&#8243;]<br \/>\n[\/et_pb_shop][\/et_pb_column][\/et_pb_row][et_pb_row _builder_version=&#8220;3.22.3&#8243;][et_pb_column type=&#8220;4_4&#8243; _builder_version=&#8220;3.0.47&#8243;][et_pb_image src=&#8220;http:\/\/media18.dizajnstudiorp.rs\/2018\/12\/amazon-logo.jpg&#8220; url=&#8220;https:\/\/www.amazon.it\/s\/ref=bl_dp_s_web_6198092031?ie=UTF8&amp;node=6198092031&amp;field-brandtextbin=BOGNANCO+ACQUE+MINERALI&#8220; url_new_window=&#8220;on&#8220; align=&#8220;right&#8220; always_center_on_mobile=&#8220;off&#8220; _builder_version=&#8220;3.19.15&#8243; max_width=&#8220;350px&#8220; module_alignment=&#8220;center&#8220; custom_margin=&#8220;||57px&#8220; filter_saturate=&#8220;0%&#8220; filter_saturate__hover_enabled=&#8220;on&#8220; filter_saturate__hover=&#8220;100%&#8220; max_width__hover_enabled=&#8220;on&#8220; max_width__hover=&#8220;380px&#8220; custom_padding__hover_enabled=&#8220;on&#8220; custom_padding__hover=&#8220;0px||&#8220; custom_margin__hover_enabled=&#8220;on&#8220; custom_margin__hover=&#8220;||40px&#8220;]<br \/>\n[\/et_pb_image][et_pb_text text_orientation=&#8220;center&#8220; _builder_version=&#8220;3.22.7&#8243; text_font=&#8220;||||||||&#8220;]<\/p>\n<p>WENN SIE EINEN I.P. HABEN UND EINE RECHNUNG \u00dcBER DIE BESTELLUNG BEN\u00d6TIGEN, M\u00dcSSEN SIE IHRE ANFRAGE VOR ABSCHLUSS DER BESTELLUNG IN &#8222;NOTIZEN&#8220; EINGEBEN ODER BEI TELEFONISCHEN BESTELLUNGEN AN DEN BETREIBER WEITERLEITEN.<\/p>\n<p>F\u00dcR LIEFERUNGEN AU\u00dfERHALB DES LANDES K\u00d6NNEN WIR DEN IM SHOP ANGEGEBENEN PREIS NICHT EINHALTEN.<\/p>\n<p>[\/et_pb_text][\/et_pb_column][\/et_pb_row][\/et_pb_section][et_pb_section fb_built=&#8220;1&#8243; admin_label=&#8220;Footer Section&#8220; _builder_version=&#8220;3.19.4&#8243; background_color=&#8220;#1194f6&#8243; use_background_color_gradient=&#8220;on&#8220; background_color_gradient_end=&#8220;#53aef4&#8243; custom_padding=&#8220;45px||14px||false|false&#8220; global_module=&#8220;13007&#8243; collapsed=&#8220;off&#8220;][et_pb_row custom_padding=&#8220;0|0px|0|0px|false|false&#8220; _builder_version=&#8220;3.22.3&#8243; background_size=&#8220;initial&#8220; background_position=&#8220;top_left&#8220; background_repeat=&#8220;repeat&#8220;][et_pb_column type=&#8220;1_3&#8243; _builder_version=&#8220;3.0.47&#8243;][et_pb_image src=&#8220;http:\/\/media18.dizajnstudiorp.rs\/2018\/12\/Logo-bianco-Terme-di-Bognanco.png&#8220; _builder_version=&#8220;3.19&#8243; max_width=&#8220;80%&#8220; module_alignment=&#8220;center&#8220;][\/et_pb_image][et_pb_image src=&#8220;http:\/\/media18.dizajnstudiorp.rs\/2018\/10\/oniro-logo.png&#8220; _builder_version=&#8220;3.19&#8243; max_width=&#8220;70%&#8220; module_alignment=&#8220;center&#8220;][\/et_pb_image][et_pb_social_media_follow _builder_version=&#8220;3.19&#8243; border_radii=&#8220;on|16px|16px|16px|16px&#8220; text_orientation=&#8220;center&#8220; custom_margin=&#8220;||&#8220;][et_pb_social_media_follow_network social_network=&#8220;instagram&#8220; _builder_version=&#8220;3.17.2&#8243; background_color=&#8220;#ffffff&#8220; border_radii=&#8220;on|25px|25px|25px|25px&#8220; custom_padding=&#8220;10px|10px|10px|10px|true|true&#8220; follow_button=&#8220;off&#8220; url_new_window=&#8220;on&#8220;]instagram[\/et_pb_social_media_follow_network][et_pb_social_media_follow_network social_network=&#8220;twitter&#8220; url=&#8220;https:\/\/twitter.com\/acqualindos&#8220; _builder_version=&#8220;3.19&#8243; background_color=&#8220;#ffffff&#8220; border_radii=&#8220;on|25px|25px|25px|25px&#8220; custom_padding=&#8220;10px|10px|10px|10px|true|true&#8220; follow_button=&#8220;off&#8220; url_new_window=&#8220;on&#8220;]twitter[\/et_pb_social_media_follow_network][et_pb_social_media_follow_network social_network=&#8220;facebook&#8220; url=&#8220;https:\/\/www.facebook.com\/lindosetermedibognanco\/&#8220; _builder_version=&#8220;3.19&#8243; background_color=&#8220;#ffffff&#8220; border_radii=&#8220;on|25px|25px|25px|25px&#8220; custom_padding=&#8220;10px|10px|10px|10px|true|true&#8220; follow_button=&#8220;off&#8220; url_new_window=&#8220;on&#8220;]facebook[\/et_pb_social_media_follow_network][\/et_pb_social_media_follow][\/et_pb_column][et_pb_column type=&#8220;1_3&#8243; _builder_version=&#8220;3.0.47&#8243;][et_pb_text _builder_version=&#8220;3.22.1&#8243; text_font=&#8220;|300|||||||&#8220; text_text_color=&#8220;#ffffff&#8220; text_font_size=&#8220;15px&#8220; header_font=&#8220;||||||||&#8220; header_text_color=&#8220;#ffffff&#8220; header_3_font=&#8220;||||||||&#8220; header_3_text_color=&#8220;#ffffff&#8220; text_orientation=&#8220;center&#8220;]<\/p>\n<h3>MINERALWASSER<\/h3>\n<p>Geb\u00fchrenfreie Nummer (nur f\u00fcr Italien):<br \/>\n800.12.64.53<\/p>\n<p>Telefonnummer:<br \/>\n(+39) 0324 234109<\/p>\n<p>e-mail:<br \/>\ninfo@bognanco.it<\/p>\n<p>Montag bis Freitag:<br \/>\nvon 8:00 bis 12:00 Uhr und<br \/>\nvon 13:00 bis 17:00 Uhr[\/et_pb_text][\/et_pb_column][et_pb_column type=&#8220;1_3&#8243; _builder_version=&#8220;3.0.47&#8243;][et_pb_text _builder_version=&#8220;3.22.1&#8243; text_font=&#8220;|300|||||||&#8220; text_text_color=&#8220;#ffffff&#8220; text_font_size=&#8220;15px&#8220; header_font=&#8220;||||||||&#8220; header_3_font=&#8220;||||||||&#8220; header_3_text_color=&#8220;#ffffff&#8220; text_orientation=&#8220;center&#8220;]<\/p>\n<h3>BOGNANCO SPA &#8211; \u00d2NIRO<\/h3>\n<p>Telefonnummer:<br \/>\n(+39) 0324 234137<\/p>\n<p>Handynummer:<br \/>\n(+39) 334 392 7668<\/p>\n<p>e-mail:<br \/>\nterme@bognanco.it<\/p>\n<p>Von 10:00 bis 18:00 Uhr<br \/>\nAM MITTWOCH GESCHLOSSEN[\/et_pb_text][\/et_pb_column][\/et_pb_row][\/et_pb_section]<\/p>\n","protected":false},"excerpt":{"rendered":"<p>SHOPUNSERE VON DER NATUR GESCHAFFENEN PRODUKTE WENN SIE EINEN I.P. HABEN UND EINE RECHNUNG \u00dcBER DIE BESTELLUNG BEN\u00d6TIGEN, M\u00dcSSEN SIE IHRE ANFRAGE VOR ABSCHLUSS DER BESTELLUNG IN &#8222;NOTIZEN&#8220; EINGEBEN ODER BEI TELEFONISCHEN BESTELLUNGEN AN DEN BETREIBER WEITERLEITEN. F\u00dcR LIEFERUNGEN AU\u00dfERHALB DES LANDES K\u00d6NNEN WIR DEN IM SHOP ANGEGEBENEN PREIS NICHT EINHALTEN. MINERALWASSER Geb\u00fchrenfreie Nummer (nur [&hellip;]<\/p>\n","protected":false},"author":1,"featured_media":0,"parent":0,"menu_order":0,"comment_status":"closed","ping_status":"closed","template":"","meta":{"_et_pb_use_builder":"on","_et_pb_old_content":"","_et_gb_content_width":"","footnotes":""},"class_list":["post-15800","page","type-page","status-publish","hentry"],"_links":{"self":[{"href":"https:\/\/termedibognanco.it\/de\/wp-json\/wp\/v2\/pages\/15800"}],"collection":[{"href":"https:\/\/termedibognanco.it\/de\/wp-json\/wp\/v2\/pages"}],"about":[{"href":"https:\/\/termedibognanco.it\/de\/wp-json\/wp\/v2\/types\/page"}],"author":[{"embeddable":true,"href":"https:\/\/termedibognanco.it\/de\/wp-json\/wp\/v2\/users\/1"}],"replies":[{"embeddable":true,"href":"https:\/\/termedibognanco.it\/de\/wp-json\/wp\/v2\/comments?post=15800"}],"version-history":[{"count":2,"href":"https:\/\/termedibognanco.it\/de\/wp-json\/wp\/v2\/pages\/15800\/revisions"}],"predecessor-version":[{"id":16760,"href":"https:\/\/termedibognanco.it\/de\/wp-json\/wp\/v2\/pages\/15800\/revisions\/16760"}],"wp:attachment":[{"href":"https:\/\/termedibognanco.it\/de\/wp-json\/wp\/v2\/media?parent=15800"}],"curies":[{"name":"wp","href":"https:\/\/api.w.org\/{rel}","templated":true}]}}