{"id":15777,"date":"2019-08-21T11:26:36","date_gmt":"2019-08-21T11:26:36","guid":{"rendered":"http:\/\/termedibognanco.dizajnstudiorp.rs\/?page_id=15777"},"modified":"2019-10-05T10:48:42","modified_gmt":"2019-10-05T10:48:42","slug":"emotionsduschen-und-reaktionsbad","status":"publish","type":"page","link":"https:\/\/termedibognanco.it\/de\/emotionsduschen-und-reaktionsbad\/","title":{"rendered":"Emotionsduschen und Reaktionsbad"},"content":{"rendered":"<p>[et_pb_section fb_built=&#8220;1&#8243; _builder_version=&#8220;3.22&#8243; use_background_color_gradient=&#8220;on&#8220; background_color_gradient_start=&#8220;#eeeeee&#8220; background_color_gradient_end=&#8220;#ffffff&#8220; custom_padding=&#8220;0|0px|0|0px|false|false&#8220; bottom_divider_style=&#8220;slant2&#8243; bottom_divider_color=&#8220;#eeeeee&#8220; bottom_divider_arrangement=&#8220;above_content&#8220;][et_pb_row use_custom_gutter=&#8220;on&#8220; gutter_width=&#8220;1&#8243; custom_padding=&#8220;0|0px|0|0px|false|false&#8220; module_class=&#8220; et_pb_row_fullwidth&#8220; _builder_version=&#8220;3.22&#8243; width=&#8220;100%&#8220; width_tablet=&#8220;100%&#8220; width_last_edited=&#8220;on|desktop&#8220; max_width=&#8220;100%&#8220; max_width_tablet=&#8220;100%&#8220; max_width_last_edited=&#8220;on|desktop&#8220; module_alignment=&#8220;center&#8220; make_fullwidth=&#8220;on&#8220;][et_pb_column type=&#8220;4_4&#8243; _builder_version=&#8220;3.0.47&#8243;][et_pb_image src=&#8220;http:\/\/media18.dizajnstudiorp.rs\/2018\/12\/doccie-emozionali-header.jpg&#8220; align=&#8220;center&#8220; _builder_version=&#8220;3.22.1&#8243;][\/et_pb_image][\/et_pb_column][\/et_pb_row][\/et_pb_section][et_pb_section fb_built=&#8220;1&#8243; _builder_version=&#8220;3.22&#8243; background_color=&#8220;#eeeeee&#8220; custom_padding=&#8220;0|0px|70px|0px|false|false&#8220;][et_pb_row _builder_version=&#8220;3.22&#8243;][et_pb_column type=&#8220;4_4&#8243; _builder_version=&#8220;3.0.47&#8243;][et_pb_text _builder_version=&#8220;3.17.2&#8243; header_font=&#8220;|300||on|||||&#8220; header_text_align=&#8220;center&#8220; header_text_color=&#8220;#3d3d3d&#8220; header_2_font=&#8220;|300|||||||&#8220; header_2_text_align=&#8220;center&#8220; header_2_text_color=&#8220;#4f4f4f&#8220; header_2_font_size=&#8220;30px&#8220;]<\/p>\n<h1>Emotionsduschen <\/br>und Reaktionsbad<\/h1>\n<p>[\/et_pb_text][\/et_pb_column][\/et_pb_row][et_pb_row make_equal=&#8220;on&#8220; _builder_version=&#8220;3.22&#8243;][et_pb_column type=&#8220;1_2&#8243; _builder_version=&#8220;3.0.47&#8243;][et_pb_text _builder_version=&#8220;3.19.4&#8243; text_font=&#8220;|300|||||||&#8220; header_font=&#8220;||||||||&#8220; header_2_font=&#8220;|300|||||||&#8220; header_2_text_color=&#8220;#3d3d3d&#8220; custom_margin=&#8220;9%||&#8220;]Um den K\u00f6rper nach einem t\u00fcrkischen Bad oder einer Sauna zu k\u00fchlen, sind Emotionsduschen eine gute Alternative zum Eintauchen in ein Reaktionsbad. Eine umh\u00fcllende Wellness, die durch drei Arten von D\u00fcsen, erg\u00e4nzt durch Aromatherapie und Chromotherapie, zum Ausdruck kommt.<\/p>\n<ul>\n<li>Tropischer Regen, der die Wirkung des Regens auf gro\u00dfe Tropfen reproduziert.<\/li>\n<li>Mikronisierte Dusche, die den Effekt des feinen Regens reproduziert.<\/li>\n<li>Zervikale Kaskade, die durch eine Wasserfallkaskade massiert.<\/li>\n<\/ul>\n<p>Der vollst\u00e4ndig aus Granit gefertigte Reaktionsbeh\u00e4lter ist 50 cm tief und enth\u00e4lt Wasser aus der Gaudenziana Quelle bei einer Temperatur von 8 \u00b0C &#8211; 10 \u00b0C. Man taucht, um den K\u00f6rper nach den hei\u00dfen Behandlungen zu k\u00fchlen.[\/et_pb_text][\/et_pb_column][et_pb_column type=&#8220;1_2&#8243; _builder_version=&#8220;3.0.47&#8243;][et_pb_image src=&#8220;http:\/\/media18.dizajnstudiorp.rs\/2018\/10\/Spa-Doccia_1.jpg&#8220; align=&#8220;center&#8220; _builder_version=&#8220;3.19&#8243; box_shadow_style=&#8220;preset2&#8243; box_shadow_blur=&#8220;7px&#8220; custom_margin=&#8220;5%||5%||true&#8220; animation_style=&#8220;fade&#8220;][\/et_pb_image][\/et_pb_column][\/et_pb_row][et_pb_row custom_padding=&#8220;50px||50px||true&#8220; _builder_version=&#8220;3.22&#8243;][et_pb_column type=&#8220;4_4&#8243; _builder_version=&#8220;3.19.4&#8243;][et_pb_button button_url=&#8220;http:\/\/termedibognanco.itde\/spa\/&#8220; button_text=&#8220;Z\u00dcRUCK&#8220; button_alignment=&#8220;center&#8220; _builder_version=&#8220;3.22.1&#8243; custom_button=&#8220;on&#8220; button_text_size=&#8220;22px&#8220; button_text_color=&#8220;#ffffff&#8220; button_bg_use_color_gradient=&#8220;on&#8220; button_bg_color_gradient_start=&#8220;rgba(17,148,246,0.72)&#8220; button_bg_color_gradient_end=&#8220;rgba(0,0,0,0.6)&#8220; button_border_width=&#8220;1px&#8220; button_border_radius=&#8220;0px&#8220; button_font=&#8220;|||on|||||&#8220; button_use_icon=&#8220;off&#8220; button_text_shadow_style=&#8220;preset2&#8243; button_text_shadow_color=&#8220;rgba(0,0,0,0.64)&#8220; box_shadow_style=&#8220;preset2&#8243; box_shadow_horizontal=&#8220;5px&#8220; box_shadow_vertical=&#8220;5px&#8220; box_shadow_blur=&#8220;8px&#8220; box_shadow_color=&#8220;rgba(0,0,0,0.39)&#8220; custom_margin=&#8220;|||0px&#8220; custom_padding=&#8220;0px||0px&#8220; module_class=&#8220;btn-inline&#8220; button_bg_color__hover_enabled=&#8220;on&#8220; button_bg_color__hover=&#8220;rgba(17,148,246,0.5)&#8220;][\/et_pb_button][\/et_pb_column][\/et_pb_row][et_pb_row custom_padding=&#8220;60px|0px|27px|0px|false|false&#8220; _builder_version=&#8220;3.22&#8243;][et_pb_column type=&#8220;4_4&#8243; _builder_version=&#8220;3.0.47&#8243;][et_pb_text _builder_version=&#8220;3.19&#8243; text_font=&#8220;|300|||||||&#8220; header_font=&#8220;||||||||&#8220; header_text_align=&#8220;center&#8220; header_2_font=&#8220;|300|||||||&#8220; header_2_text_align=&#8220;center&#8220; header_2_text_color=&#8220;#3d3d3d&#8220;]<\/p>\n<h2>GALERIE<\/h2>\n<p>[\/et_pb_text][\/et_pb_column][\/et_pb_row][et_pb_row _builder_version=&#8220;3.22&#8243;][et_pb_column type=&#8220;1_3&#8243; _builder_version=&#8220;3.0.47&#8243;][et_pb_image src=&#8220;http:\/\/media18.dizajnstudiorp.rs\/2018\/12\/vasca-di-reazione.jpg&#8220; align=&#8220;center&#8220; force_fullwidth=&#8220;on&#8220; _builder_version=&#8220;3.19&#8243; box_shadow_style=&#8220;preset2&#8243; box_shadow_blur=&#8220;7px&#8220;][\/et_pb_image][\/et_pb_column][et_pb_column type=&#8220;1_3&#8243; _builder_version=&#8220;3.0.47&#8243;][et_pb_image src=&#8220;http:\/\/media18.dizajnstudiorp.rs\/2018\/12\/doccie-emozionali-1.jpg&#8220; align=&#8220;center&#8220; force_fullwidth=&#8220;on&#8220; _builder_version=&#8220;3.19&#8243; box_shadow_style=&#8220;preset2&#8243; box_shadow_blur=&#8220;7px&#8220;][\/et_pb_image][\/et_pb_column][et_pb_column type=&#8220;1_3&#8243; _builder_version=&#8220;3.0.47&#8243;][et_pb_image src=&#8220;http:\/\/media18.dizajnstudiorp.rs\/2018\/12\/doccie-emozionali-2.jpg&#8220; align=&#8220;center&#8220; force_fullwidth=&#8220;on&#8220; _builder_version=&#8220;3.19&#8243; box_shadow_style=&#8220;preset2&#8243; box_shadow_blur=&#8220;7px&#8220;][\/et_pb_image][\/et_pb_column][\/et_pb_row][\/et_pb_section][et_pb_section fb_built=&#8220;1&#8243; admin_label=&#8220;Footer Section&#8220; _builder_version=&#8220;3.19.4&#8243; background_color=&#8220;#1194f6&#8243; use_background_color_gradient=&#8220;on&#8220; background_color_gradient_end=&#8220;#53aef4&#8243; custom_padding=&#8220;45px||14px||false|false&#8220; global_module=&#8220;13007&#8243; collapsed=&#8220;off&#8220;][et_pb_row custom_padding=&#8220;0|0px|0|0px|false|false&#8220; _builder_version=&#8220;3.22&#8243; background_size=&#8220;initial&#8220; background_position=&#8220;top_left&#8220; background_repeat=&#8220;repeat&#8220;][et_pb_column type=&#8220;1_3&#8243; _builder_version=&#8220;3.0.47&#8243;][et_pb_image src=&#8220;http:\/\/media18.dizajnstudiorp.rs\/2018\/12\/Logo-bianco-Terme-di-Bognanco.png&#8220; _builder_version=&#8220;3.19&#8243; max_width=&#8220;80%&#8220; module_alignment=&#8220;center&#8220;][\/et_pb_image][et_pb_image src=&#8220;http:\/\/media18.dizajnstudiorp.rs\/2018\/10\/oniro-logo.png&#8220; _builder_version=&#8220;3.19&#8243; max_width=&#8220;70%&#8220; module_alignment=&#8220;center&#8220;][\/et_pb_image][et_pb_social_media_follow _builder_version=&#8220;3.19&#8243; border_radii=&#8220;on|16px|16px|16px|16px&#8220; text_orientation=&#8220;center&#8220; custom_margin=&#8220;||&#8220;][et_pb_social_media_follow_network social_network=&#8220;instagram&#8220; _builder_version=&#8220;3.17.2&#8243; background_color=&#8220;#ffffff&#8220; border_radii=&#8220;on|25px|25px|25px|25px&#8220; custom_padding=&#8220;10px|10px|10px|10px|true|true&#8220; follow_button=&#8220;off&#8220; url_new_window=&#8220;on&#8220;]instagram[\/et_pb_social_media_follow_network][et_pb_social_media_follow_network social_network=&#8220;twitter&#8220; url=&#8220;https:\/\/twitter.com\/acqualindos&#8220; _builder_version=&#8220;3.19&#8243; background_color=&#8220;#ffffff&#8220; border_radii=&#8220;on|25px|25px|25px|25px&#8220; custom_padding=&#8220;10px|10px|10px|10px|true|true&#8220; follow_button=&#8220;off&#8220; url_new_window=&#8220;on&#8220;]twitter[\/et_pb_social_media_follow_network][et_pb_social_media_follow_network social_network=&#8220;facebook&#8220; url=&#8220;https:\/\/www.facebook.com\/lindosetermedibognanco\/&#8220; _builder_version=&#8220;3.19&#8243; background_color=&#8220;#ffffff&#8220; border_radii=&#8220;on|25px|25px|25px|25px&#8220; custom_padding=&#8220;10px|10px|10px|10px|true|true&#8220; follow_button=&#8220;off&#8220; url_new_window=&#8220;on&#8220;]facebook[\/et_pb_social_media_follow_network][\/et_pb_social_media_follow][\/et_pb_column][et_pb_column type=&#8220;1_3&#8243; _builder_version=&#8220;3.0.47&#8243;][et_pb_text _builder_version=&#8220;3.22.1&#8243; text_font=&#8220;|300|||||||&#8220; text_text_color=&#8220;#ffffff&#8220; text_font_size=&#8220;15px&#8220; header_font=&#8220;||||||||&#8220; header_text_color=&#8220;#ffffff&#8220; header_3_font=&#8220;||||||||&#8220; header_3_text_color=&#8220;#ffffff&#8220; text_orientation=&#8220;center&#8220;]<\/p>\n<h3>MINERALWASSER<\/h3>\n<p>Geb\u00fchrenfreie Nummer (nur f\u00fcr Italien):<br \/>\n800.12.64.53<\/p>\n<p>Telefonnummer:<br \/>\n(+39) 0324 234109<\/p>\n<p>e-mail:<br \/>\ninfo@bognanco.it<\/p>\n<p>Montag bis Freitag:<br \/>\nvon 8:00 bis 12:00 Uhr und<br \/>\nvon 13:00 bis 17:00 Uhr[\/et_pb_text][\/et_pb_column][et_pb_column type=&#8220;1_3&#8243; _builder_version=&#8220;3.0.47&#8243;][et_pb_text _builder_version=&#8220;3.22.1&#8243; text_font=&#8220;|300|||||||&#8220; text_text_color=&#8220;#ffffff&#8220; text_font_size=&#8220;15px&#8220; header_font=&#8220;||||||||&#8220; header_3_font=&#8220;||||||||&#8220; header_3_text_color=&#8220;#ffffff&#8220; text_orientation=&#8220;center&#8220;]<\/p>\n<h3>BOGNANCO SPA &#8211; \u00d2NIRO<\/h3>\n<p>Telefonnummer:<br \/>\n(+39) 0324 234137<\/p>\n<p>Handynummer:<br \/>\n(+39) 334 392 7668<\/p>\n<p>e-mail:<br \/>\nterme@bognanco.it<\/p>\n<p>Von 10:00 bis 18:00 Uhr<br \/>\nAM MITTWOCH GESCHLOSSEN[\/et_pb_text][\/et_pb_column][\/et_pb_row][\/et_pb_section]<\/p>\n","protected":false},"excerpt":{"rendered":"<p>Emotionsduschen und ReaktionsbadUm den K\u00f6rper nach einem t\u00fcrkischen Bad oder einer Sauna zu k\u00fchlen, sind Emotionsduschen eine gute Alternative zum Eintauchen in ein Reaktionsbad. Eine umh\u00fcllende Wellness, die durch drei Arten von D\u00fcsen, erg\u00e4nzt durch Aromatherapie und Chromotherapie, zum Ausdruck kommt. Tropischer Regen, der die Wirkung des Regens auf gro\u00dfe Tropfen reproduziert. Mikronisierte Dusche, die [&hellip;]<\/p>\n","protected":false},"author":1,"featured_media":0,"parent":0,"menu_order":0,"comment_status":"closed","ping_status":"closed","template":"","meta":{"_et_pb_use_builder":"on","_et_pb_old_content":"","_et_gb_content_width":"","footnotes":""},"class_list":["post-15777","page","type-page","status-publish","hentry"],"_links":{"self":[{"href":"https:\/\/termedibognanco.it\/de\/wp-json\/wp\/v2\/pages\/15777"}],"collection":[{"href":"https:\/\/termedibognanco.it\/de\/wp-json\/wp\/v2\/pages"}],"about":[{"href":"https:\/\/termedibognanco.it\/de\/wp-json\/wp\/v2\/types\/page"}],"author":[{"embeddable":true,"href":"https:\/\/termedibognanco.it\/de\/wp-json\/wp\/v2\/users\/1"}],"replies":[{"embeddable":true,"href":"https:\/\/termedibognanco.it\/de\/wp-json\/wp\/v2\/comments?post=15777"}],"version-history":[{"count":5,"href":"https:\/\/termedibognanco.it\/de\/wp-json\/wp\/v2\/pages\/15777\/revisions"}],"predecessor-version":[{"id":16889,"href":"https:\/\/termedibognanco.it\/de\/wp-json\/wp\/v2\/pages\/15777\/revisions\/16889"}],"wp:attachment":[{"href":"https:\/\/termedibognanco.it\/de\/wp-json\/wp\/v2\/media?parent=15777"}],"curies":[{"name":"wp","href":"https:\/\/api.w.org\/{rel}","templated":true}]}}