{"id":15765,"date":"2019-08-21T11:10:25","date_gmt":"2019-08-21T11:10:25","guid":{"rendered":"http:\/\/termedibognanco.dizajnstudiorp.rs\/?page_id=15765"},"modified":"2019-10-05T10:42:14","modified_gmt":"2019-10-05T10:42:14","slug":"tuerkisches-bad","status":"publish","type":"page","link":"https:\/\/termedibognanco.it\/de\/tuerkisches-bad\/","title":{"rendered":"T\u00fcrkisches Bad"},"content":{"rendered":"<p>[et_pb_section fb_built=&#8220;1&#8243; _builder_version=&#8220;3.22&#8243; use_background_color_gradient=&#8220;on&#8220; background_color_gradient_start=&#8220;#eeeeee&#8220; background_color_gradient_end=&#8220;#ffffff&#8220; custom_padding=&#8220;0|0px|0|0px|false|false&#8220; bottom_divider_style=&#8220;slant2&#8243; bottom_divider_color=&#8220;#eeeeee&#8220; bottom_divider_arrangement=&#8220;above_content&#8220;][et_pb_row use_custom_gutter=&#8220;on&#8220; gutter_width=&#8220;1&#8243; custom_padding=&#8220;0|0px|0|0px|false|false&#8220; module_class=&#8220; et_pb_row_fullwidth&#8220; _builder_version=&#8220;3.22&#8243; width=&#8220;100%&#8220; width_tablet=&#8220;100%&#8220; width_last_edited=&#8220;on|desktop&#8220; max_width=&#8220;100%&#8220; max_width_tablet=&#8220;100%&#8220; max_width_last_edited=&#8220;on|desktop&#8220; module_alignment=&#8220;center&#8220; make_fullwidth=&#8220;on&#8220;][et_pb_column type=&#8220;4_4&#8243; _builder_version=&#8220;3.0.47&#8243;][et_pb_image src=&#8220;http:\/\/media18.dizajnstudiorp.rs\/2018\/12\/header-terme-BAGNO-TURCO.jpg&#8220; align=&#8220;center&#8220; _builder_version=&#8220;3.22.1&#8243;][\/et_pb_image][\/et_pb_column][\/et_pb_row][\/et_pb_section][et_pb_section fb_built=&#8220;1&#8243; _builder_version=&#8220;3.22&#8243; background_color=&#8220;#eeeeee&#8220; custom_padding=&#8220;0|0px|100px|0px|false|false&#8220;][et_pb_row custom_padding=&#8220;25.6px|0px|0|0px|false|false&#8220; _builder_version=&#8220;3.22&#8243;][et_pb_column type=&#8220;4_4&#8243; _builder_version=&#8220;3.0.47&#8243;][et_pb_text _builder_version=&#8220;3.17.2&#8243; header_font=&#8220;|300|||||||&#8220; header_text_align=&#8220;center&#8220; header_text_color=&#8220;#3d3d3d&#8220; header_2_font=&#8220;|300|||||||&#8220; header_2_text_align=&#8220;center&#8220; header_2_text_color=&#8220;#4f4f4f&#8220; header_2_font_size=&#8220;30px&#8220;]<\/p>\n<h1>BAGNO TURCO<\/h1>\n<p>[\/et_pb_text][\/et_pb_column][\/et_pb_row][et_pb_row custom_padding=&#8220;0|0px|25.6px|0px|false|false&#8220; make_equal=&#8220;on&#8220; _builder_version=&#8220;3.22&#8243;][et_pb_column type=&#8220;1_2&#8243; _builder_version=&#8220;3.0.47&#8243;][et_pb_text _builder_version=&#8220;3.19&#8243; text_font=&#8220;|300|||||||&#8220; header_2_font=&#8220;|300|||||||&#8220; header_2_text_color=&#8220;#3d3d3d&#8220;]Das Dampfbad, allgemein &#8222;T\u00fcrkisches Bad&#8220; genannt, geh\u00f6rt zur gleichen alten Tradition der Reinigungsb\u00e4der, aus der auch die Sauna stammt.<\/p>\n<p>Wenn in einer Umgebung der Wasserdampfgehalt bei einer Temperatur von etwa 42 \u00b0C gr\u00f6\u00dfer ist als die in der Epidermis vorhandene Wassermenge, bildet sich auf der Haut eine Feuchtigkeitsschicht, die dem K\u00f6rper W\u00e4rme zuf\u00fchrt. Die gleichzeitige Wirkung von Dampf und kontrollierter W\u00e4rme f\u00f6rdert die Lymphatische Zirkulation, indem sie Toxine aufl\u00f6st und deren Aussto\u00df erleichtert.[\/et_pb_text][\/et_pb_column][et_pb_column type=&#8220;1_2&#8243; _builder_version=&#8220;3.0.47&#8243;][et_pb_image src=&#8220;http:\/\/media18.dizajnstudiorp.rs\/2018\/10\/Entrata-Sauna.jpg&#8220; align=&#8220;center&#8220; _builder_version=&#8220;3.19&#8243; box_shadow_style=&#8220;preset2&#8243; box_shadow_blur=&#8220;7px&#8220; custom_margin=&#8220;5%||5%||true&#8220; animation_style=&#8220;fade&#8220;][\/et_pb_image][\/et_pb_column][\/et_pb_row][et_pb_row make_equal=&#8220;on&#8220; _builder_version=&#8220;3.22&#8243;][et_pb_column type=&#8220;1_2&#8243; _builder_version=&#8220;3.0.47&#8243;][et_pb_image src=&#8220;http:\/\/media18.dizajnstudiorp.rs\/2018\/12\/Sauna-galleria.jpg&#8220; align=&#8220;center&#8220; force_fullwidth=&#8220;on&#8220; _builder_version=&#8220;3.19&#8243; box_shadow_style=&#8220;preset2&#8243; box_shadow_blur=&#8220;7px&#8220; animation_style=&#8220;fade&#8220;][\/et_pb_image][\/et_pb_column][et_pb_column type=&#8220;1_2&#8243; _builder_version=&#8220;3.0.47&#8243;][et_pb_text _builder_version=&#8220;3.19&#8243; text_font=&#8220;|300|||||||&#8220; header_2_font=&#8220;|300|||||||&#8220; header_2_text_color=&#8220;#3d3d3d&#8220;]Das Dampfbad ist wegen seiner tonisierenden und entspannenden Eigenschaften eine der besten Therapien gegen den Stress und die Anspannung, denen wir t\u00e4glich ausgesetzt sind. Es ist auch ein angenehmer Weg, um Ihr k\u00f6rperliches Aussehen zu verbessern und nach mehr Effizienz zu suchen.<br \/>\nDie Ausdehnung der Poren durch W\u00e4rme erleichtert das Eindringen von Dampf und erm\u00f6glicht es der Epidermis, Unreinheiten zu beseitigen und so Helligkeit, Elastizit\u00e4t und Weichheit zu erlangen. Praktisch f\u00fcr alle Altersgruppen, ist es ein hervorragender Blutdruckregler und ein unverzichtbares therapeutisches und pr\u00e4ventives Hilfsmittel bei Atemwegserkrankungen.[\/et_pb_text][\/et_pb_column][\/et_pb_row][et_pb_row custom_padding=&#8220;100px||50px||false&#8220; _builder_version=&#8220;3.22&#8243;][et_pb_column type=&#8220;4_4&#8243; _builder_version=&#8220;3.19.4&#8243;][et_pb_button button_url=&#8220;http:\/\/termedibognanco.itde\/spa\/&#8220; button_text=&#8220;Z\u00dcRUCK&#8220; button_alignment=&#8220;center&#8220; _builder_version=&#8220;3.22.1&#8243; custom_button=&#8220;on&#8220; button_text_size=&#8220;22px&#8220; button_text_color=&#8220;#ffffff&#8220; button_bg_use_color_gradient=&#8220;on&#8220; button_bg_color_gradient_start=&#8220;rgba(17,148,246,0.72)&#8220; button_bg_color_gradient_end=&#8220;rgba(0,0,0,0.6)&#8220; button_border_width=&#8220;1px&#8220; button_border_radius=&#8220;0px&#8220; button_font=&#8220;|||on|||||&#8220; button_use_icon=&#8220;off&#8220; button_text_shadow_style=&#8220;preset2&#8243; button_text_shadow_color=&#8220;rgba(0,0,0,0.64)&#8220; box_shadow_style=&#8220;preset2&#8243; box_shadow_horizontal=&#8220;5px&#8220; box_shadow_vertical=&#8220;5px&#8220; box_shadow_blur=&#8220;8px&#8220; box_shadow_color=&#8220;rgba(0,0,0,0.39)&#8220; custom_margin=&#8220;|||80px&#8220; custom_padding=&#8220;0px||0px&#8220; module_class=&#8220;btn-inline&#8220; button_bg_color__hover_enabled=&#8220;on&#8220; button_bg_color__hover=&#8220;rgba(17,148,246,0.5)&#8220;][\/et_pb_button][\/et_pb_column][\/et_pb_row][\/et_pb_section][et_pb_section fb_built=&#8220;1&#8243; admin_label=&#8220;Footer Section&#8220; _builder_version=&#8220;3.19.4&#8243; background_color=&#8220;#1194f6&#8243; use_background_color_gradient=&#8220;on&#8220; background_color_gradient_end=&#8220;#53aef4&#8243; custom_padding=&#8220;45px||14px||false|false&#8220; global_module=&#8220;13007&#8243; collapsed=&#8220;off&#8220;][et_pb_row custom_padding=&#8220;0|0px|0|0px|false|false&#8220; _builder_version=&#8220;3.22&#8243; background_size=&#8220;initial&#8220; background_position=&#8220;top_left&#8220; background_repeat=&#8220;repeat&#8220;][et_pb_column type=&#8220;1_3&#8243; _builder_version=&#8220;3.0.47&#8243;][et_pb_image src=&#8220;http:\/\/media18.dizajnstudiorp.rs\/2018\/12\/Logo-bianco-Terme-di-Bognanco.png&#8220; _builder_version=&#8220;3.19&#8243; max_width=&#8220;80%&#8220; module_alignment=&#8220;center&#8220;][\/et_pb_image][et_pb_image src=&#8220;http:\/\/media18.dizajnstudiorp.rs\/2018\/10\/oniro-logo.png&#8220; _builder_version=&#8220;3.19&#8243; max_width=&#8220;70%&#8220; module_alignment=&#8220;center&#8220;][\/et_pb_image][et_pb_social_media_follow _builder_version=&#8220;3.19&#8243; border_radii=&#8220;on|16px|16px|16px|16px&#8220; text_orientation=&#8220;center&#8220; custom_margin=&#8220;||&#8220;][et_pb_social_media_follow_network social_network=&#8220;instagram&#8220; _builder_version=&#8220;3.17.2&#8243; background_color=&#8220;#ffffff&#8220; border_radii=&#8220;on|25px|25px|25px|25px&#8220; custom_padding=&#8220;10px|10px|10px|10px|true|true&#8220; follow_button=&#8220;off&#8220; url_new_window=&#8220;on&#8220;]instagram[\/et_pb_social_media_follow_network][et_pb_social_media_follow_network social_network=&#8220;twitter&#8220; url=&#8220;https:\/\/twitter.com\/acqualindos&#8220; _builder_version=&#8220;3.19&#8243; background_color=&#8220;#ffffff&#8220; border_radii=&#8220;on|25px|25px|25px|25px&#8220; custom_padding=&#8220;10px|10px|10px|10px|true|true&#8220; follow_button=&#8220;off&#8220; url_new_window=&#8220;on&#8220;]twitter[\/et_pb_social_media_follow_network][et_pb_social_media_follow_network social_network=&#8220;facebook&#8220; url=&#8220;https:\/\/www.facebook.com\/lindosetermedibognanco\/&#8220; _builder_version=&#8220;3.19&#8243; background_color=&#8220;#ffffff&#8220; border_radii=&#8220;on|25px|25px|25px|25px&#8220; custom_padding=&#8220;10px|10px|10px|10px|true|true&#8220; follow_button=&#8220;off&#8220; url_new_window=&#8220;on&#8220;]facebook[\/et_pb_social_media_follow_network][\/et_pb_social_media_follow][\/et_pb_column][et_pb_column type=&#8220;1_3&#8243; _builder_version=&#8220;3.0.47&#8243;][et_pb_text _builder_version=&#8220;3.22.1&#8243; text_font=&#8220;|300|||||||&#8220; text_text_color=&#8220;#ffffff&#8220; text_font_size=&#8220;15px&#8220; header_font=&#8220;||||||||&#8220; header_text_color=&#8220;#ffffff&#8220; header_3_font=&#8220;||||||||&#8220; header_3_text_color=&#8220;#ffffff&#8220; text_orientation=&#8220;center&#8220;]<\/p>\n<h3>MINERALWASSER<\/h3>\n<p>Geb\u00fchrenfreie Nummer (nur f\u00fcr Italien):<br \/>\n800.12.64.53<\/p>\n<p>Telefonnummer:<br \/>\n(+39) 0324 234109<\/p>\n<p>e-mail:<br \/>\ninfo@bognanco.it<\/p>\n<p>Montag bis Freitag:<br \/>\nvon 8:00 bis 12:00 Uhr und<br \/>\nvon 13:00 bis 17:00 Uhr[\/et_pb_text][\/et_pb_column][et_pb_column type=&#8220;1_3&#8243; _builder_version=&#8220;3.0.47&#8243;][et_pb_text _builder_version=&#8220;3.22.1&#8243; text_font=&#8220;|300|||||||&#8220; text_text_color=&#8220;#ffffff&#8220; text_font_size=&#8220;15px&#8220; header_font=&#8220;||||||||&#8220; header_3_font=&#8220;||||||||&#8220; header_3_text_color=&#8220;#ffffff&#8220; text_orientation=&#8220;center&#8220;]<\/p>\n<h3>BOGNANCO SPA &#8211; \u00d2NIRO<\/h3>\n<p>Telefonnummer:<br \/>\n(+39) 0324 234137<\/p>\n<p>Handynummer:<br \/>\n(+39) 334 392 7668<\/p>\n<p>e-mail:<br \/>\nterme@bognanco.it<\/p>\n<p>Von 10:00 bis 18:00 Uhr<br \/>\nAM MITTWOCH GESCHLOSSEN[\/et_pb_text][\/et_pb_column][\/et_pb_row][\/et_pb_section]<\/p>\n","protected":false},"excerpt":{"rendered":"<p>BAGNO TURCO Das Dampfbad, allgemein &#8222;T\u00fcrkisches Bad&#8220; genannt, geh\u00f6rt zur gleichen alten Tradition der Reinigungsb\u00e4der, aus der auch die Sauna stammt. Wenn in einer Umgebung der Wasserdampfgehalt bei einer Temperatur von etwa 42 \u00b0C gr\u00f6\u00dfer ist als die in der Epidermis vorhandene Wassermenge, bildet sich auf der Haut eine Feuchtigkeitsschicht, die dem K\u00f6rper W\u00e4rme zuf\u00fchrt. [&hellip;]<\/p>\n","protected":false},"author":1,"featured_media":0,"parent":0,"menu_order":0,"comment_status":"closed","ping_status":"closed","template":"","meta":{"_et_pb_use_builder":"on","_et_pb_old_content":"","_et_gb_content_width":"","footnotes":""},"class_list":["post-15765","page","type-page","status-publish","hentry"],"_links":{"self":[{"href":"https:\/\/termedibognanco.it\/de\/wp-json\/wp\/v2\/pages\/15765"}],"collection":[{"href":"https:\/\/termedibognanco.it\/de\/wp-json\/wp\/v2\/pages"}],"about":[{"href":"https:\/\/termedibognanco.it\/de\/wp-json\/wp\/v2\/types\/page"}],"author":[{"embeddable":true,"href":"https:\/\/termedibognanco.it\/de\/wp-json\/wp\/v2\/users\/1"}],"replies":[{"embeddable":true,"href":"https:\/\/termedibognanco.it\/de\/wp-json\/wp\/v2\/comments?post=15765"}],"version-history":[{"count":7,"href":"https:\/\/termedibognanco.it\/de\/wp-json\/wp\/v2\/pages\/15765\/revisions"}],"predecessor-version":[{"id":16886,"href":"https:\/\/termedibognanco.it\/de\/wp-json\/wp\/v2\/pages\/15765\/revisions\/16886"}],"wp:attachment":[{"href":"https:\/\/termedibognanco.it\/de\/wp-json\/wp\/v2\/media?parent=15765"}],"curies":[{"name":"wp","href":"https:\/\/api.w.org\/{rel}","templated":true}]}}