{"id":15756,"date":"2019-08-18T13:54:25","date_gmt":"2019-08-18T13:54:25","guid":{"rendered":"http:\/\/termedibognanco.dizajnstudiorp.rs\/?page_id=15756"},"modified":"2019-10-05T10:38:38","modified_gmt":"2019-10-05T10:38:38","slug":"spastream","status":"publish","type":"page","link":"https:\/\/termedibognanco.it\/de\/spastream\/","title":{"rendered":"Spastream"},"content":{"rendered":"<p>[et_pb_section fb_built=&#8220;1&#8243; _builder_version=&#8220;3.22&#8243; use_background_color_gradient=&#8220;on&#8220; background_color_gradient_start=&#8220;#eeeeee&#8220; background_color_gradient_end=&#8220;#ffffff&#8220; custom_padding=&#8220;0|0px|0|0px|false|false&#8220; bottom_divider_style=&#8220;slant2&#8243; bottom_divider_color=&#8220;#eeeeee&#8220; bottom_divider_arrangement=&#8220;above_content&#8220;][et_pb_row use_custom_gutter=&#8220;on&#8220; gutter_width=&#8220;1&#8243; custom_padding=&#8220;0|0px|0|0px|false|false&#8220; module_class=&#8220; et_pb_row_fullwidth&#8220; _builder_version=&#8220;3.22&#8243; width=&#8220;100%&#8220; width_tablet=&#8220;100%&#8220; width_last_edited=&#8220;on|desktop&#8220; max_width=&#8220;100%&#8220; max_width_tablet=&#8220;100%&#8220; max_width_last_edited=&#8220;on|desktop&#8220; module_alignment=&#8220;center&#8220; make_fullwidth=&#8220;on&#8220;][et_pb_column type=&#8220;4_4&#8243; _builder_version=&#8220;3.17.2&#8243;][et_pb_image src=&#8220;http:\/\/media18.dizajnstudiorp.rs\/2018\/12\/header-terme-spastream.jpg&#8220; align=&#8220;center&#8220; _builder_version=&#8220;3.22.1&#8243;][\/et_pb_image][\/et_pb_column][\/et_pb_row][\/et_pb_section][et_pb_section fb_built=&#8220;1&#8243; _builder_version=&#8220;3.22&#8243; background_color=&#8220;#eeeeee&#8220; custom_padding=&#8220;0|0px|62px|0px|false|false&#8220;][et_pb_row _builder_version=&#8220;3.22&#8243;][et_pb_column type=&#8220;4_4&#8243; _builder_version=&#8220;3.17.2&#8243;][et_pb_text _builder_version=&#8220;3.17.2&#8243; header_font=&#8220;|300|||||||&#8220; header_text_align=&#8220;center&#8220; header_text_color=&#8220;#3d3d3d&#8220; header_2_font=&#8220;|300|||||||&#8220; header_2_text_align=&#8220;center&#8220; header_2_text_color=&#8220;#4f4f4f&#8220; header_2_font_size=&#8220;30px&#8220;]<\/p>\n<h1>SPASTREAM &#8211; WASSERMASSAGE<\/h1>\n<p>[\/et_pb_text][\/et_pb_column][\/et_pb_row][et_pb_row make_equal=&#8220;on&#8220; _builder_version=&#8220;3.22&#8243;][et_pb_column type=&#8220;2_5&#8243; _builder_version=&#8220;3.17.2&#8243;][et_pb_text _builder_version=&#8220;3.17.2&#8243; text_font=&#8220;|300|||||||&#8220; header_font=&#8220;||||||||&#8220; header_2_font=&#8220;|300|||||||&#8220; header_2_text_color=&#8220;#3d3d3d&#8220;]<\/p>\n<h2>Totale Entspannung<\/h2>\n<p>[\/et_pb_text][et_pb_text _builder_version=&#8220;3.19.4&#8243; text_font=&#8220;|300|||||||&#8220; header_font=&#8220;||||||||&#8220; header_2_font=&#8220;|300|||||||&#8220; header_2_text_color=&#8220;#3d3d3d&#8220;]Spastream ist ein Hightech-Ger\u00e4t, das das Vichy-Duschkonzept revolutioniert. Durch die elektronische Verwaltung von 1200 Wasserpunkten ist es m\u00f6glich, die wohltuenden Bewegungen der H\u00e4nde eines erfahrenen Masseurs zu reproduzieren, und immer mit einer Leistung auf h\u00f6chstem Niveau gew\u00e4hrleistet.<\/p>\n<p>Spastream ist die horizontale Dusche, die Wassermassagen auf eine v\u00f6llig innovative, einnehmende und effektive Art und Weise liefert. F\u00fcr Kunden, die st\u00e4ndig auf der Suche nach regenerierenden, stressfreien und altersfreien Behandlungen sind, um ein authentisches und tiefes Wohlbefinden zu erreichen.<\/p>\n<p>Spastream bringt das Erlebnis einer Massage im Spa in eine andere Dimension.[\/et_pb_text][\/et_pb_column][et_pb_column type=&#8220;3_5&#8243; _builder_version=&#8220;3.17.2&#8243;][et_pb_image src=&#8220;http:\/\/media18.dizajnstudiorp.rs\/2018\/10\/SPA-Stream_Valentina-Greggio.jpg&#8220; align=&#8220;center&#8220; _builder_version=&#8220;3.19&#8243; box_shadow_style=&#8220;preset2&#8243; box_shadow_blur=&#8220;7px&#8220; custom_margin=&#8220;5%||5%||true&#8220; animation_style=&#8220;fade&#8220;][\/et_pb_image][\/et_pb_column][\/et_pb_row][et_pb_row custom_padding=&#8220;50px||50px||true&#8220; _builder_version=&#8220;3.22&#8243;][et_pb_column type=&#8220;1_4&#8243; _builder_version=&#8220;3.19.4&#8243;][et_pb_button button_url=&#8220;http:\/\/termedibognanco.itde\/spa\/&#8220; button_text=&#8220;BUCHEN&#8220; button_alignment=&#8220;center&#8220; module_class=&#8220;btn-inline&#8220; _builder_version=&#8220;3.22.1&#8243; custom_button=&#8220;on&#8220; button_text_size=&#8220;22px&#8220; button_text_color=&#8220;#ffffff&#8220; button_bg_use_color_gradient=&#8220;on&#8220; button_bg_color_gradient_start=&#8220;rgba(17,148,246,0.72)&#8220; button_bg_color_gradient_end=&#8220;rgba(0,0,0,0.6)&#8220; button_border_width=&#8220;1px&#8220; button_border_radius=&#8220;0px&#8220; button_font=&#8220;|||on|||||&#8220; button_use_icon=&#8220;off&#8220; button_text_shadow_style=&#8220;preset2&#8243; button_text_shadow_color=&#8220;rgba(0,0,0,0.64)&#8220; box_shadow_style=&#8220;preset2&#8243; box_shadow_horizontal=&#8220;5px&#8220; box_shadow_vertical=&#8220;5px&#8220; box_shadow_blur=&#8220;8px&#8220; box_shadow_color=&#8220;rgba(0,0,0,0.39)&#8220; custom_margin=&#8220;|||0px&#8220; custom_padding=&#8220;0px||0px&#8220; button_bg_color__hover_enabled=&#8220;on&#8220; button_bg_color__hover=&#8220;rgba(17,148,246,0.5)&#8220;][\/et_pb_button][\/et_pb_column][et_pb_column type=&#8220;1_4&#8243; _builder_version=&#8220;3.19.4&#8243;][\/et_pb_column][et_pb_column type=&#8220;1_4&#8243; _builder_version=&#8220;3.19.4&#8243;][et_pb_button button_url=&#8220;http:\/\/termedibognanco.itde\/spa\/&#8220; button_text=&#8220;Z\u00dcRUCK&#8220; button_alignment=&#8220;center&#8220; module_class=&#8220;btn-inline&#8220; _builder_version=&#8220;3.22.1&#8243; custom_button=&#8220;on&#8220; button_text_size=&#8220;22px&#8220; button_text_color=&#8220;#ffffff&#8220; button_bg_use_color_gradient=&#8220;on&#8220; button_bg_color_gradient_start=&#8220;rgba(17,148,246,0.72)&#8220; button_bg_color_gradient_end=&#8220;rgba(0,0,0,0.6)&#8220; button_border_width=&#8220;1px&#8220; button_border_radius=&#8220;0px&#8220; button_font=&#8220;|||on|||||&#8220; button_use_icon=&#8220;off&#8220; button_text_shadow_style=&#8220;preset2&#8243; button_text_shadow_color=&#8220;rgba(0,0,0,0.64)&#8220; box_shadow_style=&#8220;preset2&#8243; box_shadow_horizontal=&#8220;5px&#8220; box_shadow_vertical=&#8220;5px&#8220; box_shadow_blur=&#8220;8px&#8220; box_shadow_color=&#8220;rgba(0,0,0,0.39)&#8220; custom_margin=&#8220;|||0px&#8220; custom_padding=&#8220;0px||0px&#8220; button_bg_color__hover_enabled=&#8220;on&#8220; button_bg_color__hover=&#8220;rgba(17,148,246,0.5)&#8220;][\/et_pb_button][\/et_pb_column][et_pb_column type=&#8220;1_4&#8243; _builder_version=&#8220;3.19.4&#8243;][\/et_pb_column][\/et_pb_row][et_pb_row custom_padding=&#8220;40px|0px|27px|0px|false|false&#8220; _builder_version=&#8220;3.22&#8243;][et_pb_column type=&#8220;4_4&#8243; _builder_version=&#8220;3.17.2&#8243;][et_pb_text _builder_version=&#8220;3.19.4&#8243; text_font=&#8220;|300|||||||&#8220; header_font=&#8220;||||||||&#8220; header_text_align=&#8220;center&#8220; header_2_font=&#8220;|300||on|||||&#8220; header_2_text_align=&#8220;center&#8220; header_2_text_color=&#8220;#3d3d3d&#8220;]<\/p>\n<h2>DIE VORTEILE:<\/h2>\n<p>[\/et_pb_text][\/et_pb_column][\/et_pb_row][et_pb_row _builder_version=&#8220;3.22&#8243;][et_pb_column type=&#8220;1_3&#8243; _builder_version=&#8220;3.17.2&#8243;][et_pb_image src=&#8220;http:\/\/media18.dizajnstudiorp.rs\/2018\/12\/spa-stream-getto.jpg&#8220; align=&#8220;center&#8220; force_fullwidth=&#8220;on&#8220; _builder_version=&#8220;3.19&#8243; box_shadow_style=&#8220;preset2&#8243; box_shadow_blur=&#8220;7px&#8220; animation_style=&#8220;fade&#8220;][\/et_pb_image][et_pb_text _builder_version=&#8220;3.19&#8243; text_font=&#8220;|300|||||||&#8220; header_font=&#8220;||||||||&#8220; header_2_font=&#8220;|300|||||||&#8220; header_2_text_color=&#8220;#3d3d3d&#8220; text_orientation=&#8220;center&#8220;]Spastream, dank 1200 elektronisch programmierten Wasserstrahlen, nutzt die Wirkung des Regenwassers auf einzigartige Weise, um das Gewebe zu stimulieren und zu straffen und gleichzeitig tief zu entspannen. Die Wasserstrahlen flie\u00dfen mit variablen Sequenzen, Intensit\u00e4ten und Temperaturen auf die Haut, f\u00fcr eine kapillare Interaktion mit jedem K\u00f6rperteil.<br \/>\nDie Kombination von Farben, Aromen und Melodien akzentuiert den Nutzen f\u00fcr das Nervensystem, beeinflusst die Psyche positiv und f\u00f6rdert Emotionen und Wohlbefinden.[\/et_pb_text][\/et_pb_column][et_pb_column type=&#8220;1_3&#8243; _builder_version=&#8220;3.17.2&#8243;][et_pb_image src=&#8220;http:\/\/media18.dizajnstudiorp.rs\/2018\/12\/donna-trattamento-acqua.jpg&#8220; align=&#8220;center&#8220; force_fullwidth=&#8220;on&#8220; _builder_version=&#8220;3.19&#8243; box_shadow_style=&#8220;preset2&#8243; box_shadow_blur=&#8220;7px&#8220; filter_sepia=&#8220;24%&#8220; animation_style=&#8220;fade&#8220;][\/et_pb_image][et_pb_text _builder_version=&#8220;3.19&#8243; text_font=&#8220;|300|||||||&#8220; header_font=&#8220;||||||||&#8220; header_2_font=&#8220;|300|||||||&#8220; header_2_text_color=&#8220;#3d3d3d&#8220; text_orientation=&#8220;center&#8220;]Der Druck des Wassers, zus\u00e4tzlich zur Massage, regt die Lymphzirkulation an, erh\u00f6ht die Sauerstoffversorgung der Zellen, entw\u00e4ssert das Gewebe, erleichtert die Ausscheidung von Giftstoffen und erm\u00f6glicht so, die Schwere der Beine zu beseitigen und den Auswirkungen von Cellulite entgegenzuwirken. Die schnelle Regeneration der Zellen, macht das Gewebe entgiften und sauerstoffreich, wodurch reinigende Vorteile auf subkutaner Ebene, f\u00fcr eine tiefe No-Age-Aktion auf globaler Ebene.[\/et_pb_text][\/et_pb_column][et_pb_column type=&#8220;1_3&#8243; _builder_version=&#8220;3.17.2&#8243;][et_pb_image src=&#8220;http:\/\/media18.dizajnstudiorp.rs\/2018\/12\/goccie-pelle.jpg&#8220; align=&#8220;center&#8220; force_fullwidth=&#8220;on&#8220; _builder_version=&#8220;3.19&#8243; box_shadow_style=&#8220;preset2&#8243; box_shadow_blur=&#8220;7px&#8220; animation_style=&#8220;fade&#8220;][\/et_pb_image][et_pb_text _builder_version=&#8220;3.19&#8243; text_font=&#8220;|300|||||||&#8220; header_font=&#8220;||||||||&#8220; header_2_font=&#8220;|300|||||||&#8220; header_2_text_color=&#8220;#3d3d3d&#8220; text_orientation=&#8220;center&#8220;]Jeder Strahl wirkt mit einer intensiven und entspannenden epithelialen Mikromassage durch feine Hautreflexe, stimuliert so das neurovegetative System, l\u00e4sst die Nervenenden Verspannungen l\u00f6sen, K\u00f6rper und Geist entspannen und regeneriert den gesamten K\u00f6rper mit einer no-Stress Aktion von gro\u00dfer Wirksamkeit, die nur mit manueller Massage vergleichbar ist.<\/p>\n<p>Die h\u00e4ufige Anwendung von Spastream verst\u00e4rkt die wohltuende Wirkung.[\/et_pb_text][\/et_pb_column][\/et_pb_row][\/et_pb_section][et_pb_section fb_built=&#8220;1&#8243; admin_label=&#8220;Footer Section&#8220; _builder_version=&#8220;3.19.4&#8243; background_color=&#8220;#1194f6&#8243; use_background_color_gradient=&#8220;on&#8220; background_color_gradient_end=&#8220;#53aef4&#8243; custom_padding=&#8220;45px||14px||false|false&#8220; global_module=&#8220;13007&#8243; collapsed=&#8220;off&#8220;][et_pb_row custom_padding=&#8220;0|0px|0|0px|false|false&#8220; _builder_version=&#8220;3.22&#8243; background_size=&#8220;initial&#8220; background_position=&#8220;top_left&#8220; background_repeat=&#8220;repeat&#8220;][et_pb_column type=&#8220;1_3&#8243; _builder_version=&#8220;3.0.47&#8243;][et_pb_image src=&#8220;http:\/\/media18.dizajnstudiorp.rs\/2018\/12\/Logo-bianco-Terme-di-Bognanco.png&#8220; _builder_version=&#8220;3.19&#8243; max_width=&#8220;80%&#8220; module_alignment=&#8220;center&#8220;][\/et_pb_image][et_pb_image src=&#8220;http:\/\/media18.dizajnstudiorp.rs\/2018\/10\/oniro-logo.png&#8220; _builder_version=&#8220;3.19&#8243; max_width=&#8220;70%&#8220; module_alignment=&#8220;center&#8220;][\/et_pb_image][et_pb_social_media_follow _builder_version=&#8220;3.19&#8243; border_radii=&#8220;on|16px|16px|16px|16px&#8220; text_orientation=&#8220;center&#8220; custom_margin=&#8220;||&#8220;][et_pb_social_media_follow_network social_network=&#8220;instagram&#8220; _builder_version=&#8220;3.17.2&#8243; background_color=&#8220;#ffffff&#8220; border_radii=&#8220;on|25px|25px|25px|25px&#8220; custom_padding=&#8220;10px|10px|10px|10px|true|true&#8220; follow_button=&#8220;off&#8220; url_new_window=&#8220;on&#8220;]instagram[\/et_pb_social_media_follow_network][et_pb_social_media_follow_network social_network=&#8220;twitter&#8220; url=&#8220;https:\/\/twitter.com\/acqualindos&#8220; _builder_version=&#8220;3.19&#8243; background_color=&#8220;#ffffff&#8220; border_radii=&#8220;on|25px|25px|25px|25px&#8220; custom_padding=&#8220;10px|10px|10px|10px|true|true&#8220; follow_button=&#8220;off&#8220; url_new_window=&#8220;on&#8220;]twitter[\/et_pb_social_media_follow_network][et_pb_social_media_follow_network social_network=&#8220;facebook&#8220; url=&#8220;https:\/\/www.facebook.com\/lindosetermedibognanco\/&#8220; _builder_version=&#8220;3.19&#8243; background_color=&#8220;#ffffff&#8220; border_radii=&#8220;on|25px|25px|25px|25px&#8220; custom_padding=&#8220;10px|10px|10px|10px|true|true&#8220; follow_button=&#8220;off&#8220; url_new_window=&#8220;on&#8220;]facebook[\/et_pb_social_media_follow_network][\/et_pb_social_media_follow][\/et_pb_column][et_pb_column type=&#8220;1_3&#8243; _builder_version=&#8220;3.0.47&#8243;][et_pb_text _builder_version=&#8220;3.22.1&#8243; text_font=&#8220;|300|||||||&#8220; text_text_color=&#8220;#ffffff&#8220; text_font_size=&#8220;15px&#8220; header_font=&#8220;||||||||&#8220; header_text_color=&#8220;#ffffff&#8220; header_3_font=&#8220;||||||||&#8220; header_3_text_color=&#8220;#ffffff&#8220; text_orientation=&#8220;center&#8220;]<\/p>\n<h3>MINERALWASSER<\/h3>\n<p>Geb\u00fchrenfreie Nummer (nur f\u00fcr Italien):<br \/>\n800.12.64.53<\/p>\n<p>Telefonnummer:<br \/>\n(+39) 0324 234109<\/p>\n<p>e-mail:<br \/>\ninfo@bognanco.it<\/p>\n<p>Montag bis Freitag:<br \/>\nvon 8:00 bis 12:00 Uhr und<br \/>\nvon 13:00 bis 17:00 Uhr[\/et_pb_text][\/et_pb_column][et_pb_column type=&#8220;1_3&#8243; _builder_version=&#8220;3.0.47&#8243;][et_pb_text _builder_version=&#8220;3.22.1&#8243; text_font=&#8220;|300|||||||&#8220; text_text_color=&#8220;#ffffff&#8220; text_font_size=&#8220;15px&#8220; header_font=&#8220;||||||||&#8220; header_3_font=&#8220;||||||||&#8220; header_3_text_color=&#8220;#ffffff&#8220; text_orientation=&#8220;center&#8220;]<\/p>\n<h3>BOGNANCO SPA &#8211; \u00d2NIRO<\/h3>\n<p>Telefonnummer:<br \/>\n(+39) 0324 234137<\/p>\n<p>Handynummer:<br \/>\n(+39) 334 392 7668<\/p>\n<p>e-mail:<br \/>\nterme@bognanco.it<\/p>\n<p>Von 10:00 bis 18:00 Uhr<br \/>\nAM MITTWOCH GESCHLOSSEN[\/et_pb_text][\/et_pb_column][\/et_pb_row][\/et_pb_section]<\/p>\n","protected":false},"excerpt":{"rendered":"<p>SPASTREAM &#8211; WASSERMASSAGETotale EntspannungSpastream ist ein Hightech-Ger\u00e4t, das das Vichy-Duschkonzept revolutioniert. Durch die elektronische Verwaltung von 1200 Wasserpunkten ist es m\u00f6glich, die wohltuenden Bewegungen der H\u00e4nde eines erfahrenen Masseurs zu reproduzieren, und immer mit einer Leistung auf h\u00f6chstem Niveau gew\u00e4hrleistet. Spastream ist die horizontale Dusche, die Wassermassagen auf eine v\u00f6llig innovative, einnehmende und effektive Art [&hellip;]<\/p>\n","protected":false},"author":1,"featured_media":0,"parent":0,"menu_order":0,"comment_status":"closed","ping_status":"closed","template":"","meta":{"_et_pb_use_builder":"on","_et_pb_old_content":"","_et_gb_content_width":"","footnotes":""},"class_list":["post-15756","page","type-page","status-publish","hentry"],"_links":{"self":[{"href":"https:\/\/termedibognanco.it\/de\/wp-json\/wp\/v2\/pages\/15756"}],"collection":[{"href":"https:\/\/termedibognanco.it\/de\/wp-json\/wp\/v2\/pages"}],"about":[{"href":"https:\/\/termedibognanco.it\/de\/wp-json\/wp\/v2\/types\/page"}],"author":[{"embeddable":true,"href":"https:\/\/termedibognanco.it\/de\/wp-json\/wp\/v2\/users\/1"}],"replies":[{"embeddable":true,"href":"https:\/\/termedibognanco.it\/de\/wp-json\/wp\/v2\/comments?post=15756"}],"version-history":[{"count":3,"href":"https:\/\/termedibognanco.it\/de\/wp-json\/wp\/v2\/pages\/15756\/revisions"}],"predecessor-version":[{"id":16885,"href":"https:\/\/termedibognanco.it\/de\/wp-json\/wp\/v2\/pages\/15756\/revisions\/16885"}],"wp:attachment":[{"href":"https:\/\/termedibognanco.it\/de\/wp-json\/wp\/v2\/media?parent=15756"}],"curies":[{"name":"wp","href":"https:\/\/api.w.org\/{rel}","templated":true}]}}