{"id":15742,"date":"2019-08-17T16:04:48","date_gmt":"2019-08-17T16:04:48","guid":{"rendered":"http:\/\/termedibognanco.dizajnstudiorp.rs\/?page_id=15742"},"modified":"2019-08-17T18:01:36","modified_gmt":"2019-08-17T18:01:36","slug":"integratoren","status":"publish","type":"page","link":"https:\/\/termedibognanco.it\/de\/integratoren\/","title":{"rendered":"INTEGRATOREN"},"content":{"rendered":"<p>[et_pb_section fb_built=&#8220;1&#8243; _builder_version=&#8220;3.22.3&#8243; use_background_color_gradient=&#8220;on&#8220; background_color_gradient_start=&#8220;#eeeeee&#8220; background_color_gradient_end=&#8220;#ffffff&#8220; custom_padding=&#8220;0|0px|0|0px|false|false&#8220; bottom_divider_style=&#8220;slant2&#8243; bottom_divider_color=&#8220;#ffffff&#8220; bottom_divider_flip=&#8220;horizontal&#8220; bottom_divider_arrangement=&#8220;above_content&#8220;][et_pb_row use_custom_gutter=&#8220;on&#8220; gutter_width=&#8220;1&#8243; custom_padding=&#8220;0|0px|0|0px|false|false&#8220; module_class=&#8220; et_pb_row_fullwidth&#8220; _builder_version=&#8220;3.22.3&#8243; width=&#8220;100%&#8220; width_tablet=&#8220;100%&#8220; width_last_edited=&#8220;on|desktop&#8220; max_width=&#8220;100%&#8220; max_width_tablet=&#8220;100%&#8220; max_width_last_edited=&#8220;on|desktop&#8220; module_alignment=&#8220;center&#8220; make_fullwidth=&#8220;on&#8220;][et_pb_column type=&#8220;4_4&#8243; _builder_version=&#8220;3.0.47&#8243;][et_pb_image src=&#8220;http:\/\/media18.dizajnstudiorp.rs\/2018\/12\/header-servizi-img2.jpg&#8220; force_fullwidth=&#8220;on&#8220; align_tablet=&#8220;center&#8220; align_last_edited=&#8220;on|desktop&#8220; _builder_version=&#8220;3.23&#8243;][\/et_pb_image][\/et_pb_column][\/et_pb_row][\/et_pb_section][et_pb_section fb_built=&#8220;1&#8243; _builder_version=&#8220;3.22.3&#8243; custom_padding=&#8220;100px||100px||true&#8220;][et_pb_row _builder_version=&#8220;3.22.3&#8243;][et_pb_column type=&#8220;4_4&#8243; _builder_version=&#8220;3.0.47&#8243;][et_pb_text _builder_version=&#8220;3.23.3&#8243;]<\/p>\n<h2><strong>N LINEA SAN LORENZO<\/strong><\/h2>\n<p>[\/et_pb_text][et_pb_text _builder_version=&#8220;3.23.3&#8243;]Nahrungserg\u00e4nzungsmittel auf Basis von Garcinia, Citrus aurantium, Mat\u00e8, Commiphora mukul, Coleus forskoli, Extrakte, die beim Ausgleich des K\u00f6rpergewichts n\u00fctzlich sind, und Chrom, das zum normalen Stoffwechsel von Makron\u00e4hrstoffen und zur Aufrechterhaltung eines normalen Blutzuckerspiegels beitr\u00e4gt.[\/et_pb_text][\/et_pb_column][\/et_pb_row][et_pb_row custom_padding=&#8220;0px|||||&#8220; make_equal=&#8220;on&#8220; custom_css_before_2=&#8220;margin: auto;&#8220; _builder_version=&#8220;3.22.3&#8243;][et_pb_column type=&#8220;1_2&#8243; _builder_version=&#8220;3.0.47&#8243;][et_pb_text _builder_version=&#8220;3.23.3&#8243;]<\/p>\n<p><strong>Merkmale:<\/strong><\/p>\n<p><strong>Garcinia:<\/strong> Der Wirkstoff, der aus der Haut der Frucht von Garcinia cambogia gewonnen wird, enth\u00e4lt Kalzium, Kohlenhydrate und eine S\u00e4ure namens Hydroxycitronens\u00e4ure, eine Substanz, die die Synthese von Fetts\u00e4uren reduzieren und das S\u00e4ttigungsgef\u00fchl stimulieren kann.<\/p>\n<p><strong>Guggul:<\/strong> wurde schon immer in der ayurvedischen Medizin bei Stoffwechselst\u00f6rungen verwendetChrom: Element, das f\u00fcr seine F\u00e4higkeit verwendet wird, die funktionelle Aktivit\u00e4t von Insulin zu erh\u00f6hen und das Lipidprofil zu verbessern.<\/p>\n<p><strong>Mat\u00e8:<\/strong> nat\u00fcrliche Quelle f\u00fcr Koffein. Koffein ist ein zentrales Stimulans mit thermogener Wirkung, das die Verwendung von Fetten als Kraftstoff f\u00f6rdert, Kohlenhydratreserven spart, den Stoffwechsel des K\u00f6rpers erh\u00f6ht und die Gewichtsabnahme f\u00f6rdert.<\/p>\n<p><strong>Citrus aurantium:<\/strong> w\u00e4rmetechnische Aktivit\u00e4t. Der Begriff thermogen bedeutet diese metabolische Aktivit\u00e4t, die eine Erh\u00f6hung der W\u00e4rmeproduktion des K\u00f6rpers bestimmt, insbesondere in einigen Geweben wie Fettgewebe und Muskeln.<\/p>\n<p>[\/et_pb_text][\/et_pb_column][et_pb_column type=&#8220;1_2&#8243; _builder_version=&#8220;3.0.47&#8243;][et_pb_image src=&#8220;http:\/\/media18.dizajnstudiorp.rs\/2019\/04\/inlinea-san-lorenzo-integratore.jpg&#8220; align_tablet=&#8220;center&#8220; align_last_edited=&#8220;on|desktop&#8220; _builder_version=&#8220;3.23&#8243;][\/et_pb_image][\/et_pb_column][\/et_pb_row][\/et_pb_section][et_pb_section fb_built=&#8220;1&#8243; prev_background_color=&#8220;#ffffff&#8220; _builder_version=&#8220;3.22.3&#8243; background_color=&#8220;#eeeeee&#8220; custom_padding=&#8220;150px||150px||true|&#8220; top_divider_style=&#8220;slant2&#8243; bottom_divider_style=&#8220;slant2&#8243; bottom_divider_color=&#8220;#ffffff&#8220;][et_pb_row _builder_version=&#8220;3.22.3&#8243;][et_pb_column type=&#8220;4_4&#8243; _builder_version=&#8220;3.0.47&#8243;][et_pb_text _builder_version=&#8220;3.23.3&#8243;]<\/p>\n<h2><strong>MEMOAGE SAN LORENZO<\/strong><\/h2>\n<p>[\/et_pb_text][\/et_pb_column][\/et_pb_row][et_pb_row custom_padding=&#8220;0px|||||&#8220; make_equal=&#8220;on&#8220; custom_css_before_2=&#8220;margin: auto;&#8220; _builder_version=&#8220;3.22.3&#8243;][et_pb_column type=&#8220;1_2&#8243; _builder_version=&#8220;3.0.47&#8243;][et_pb_text _builder_version=&#8220;3.23.3&#8243;]<\/p>\n<p>Nahrungserg\u00e4nzungsmittel f\u00fcr junge Erwachsene und \u00e4ltere Menschen bei k\u00f6rperlicher und geistiger M\u00fcdigkeit.<\/p>\n<p>Ged\u00e4chtnis und kognitive Funktionen<\/p>\n<p>Weniger k\u00f6rperliche Erm\u00fcdung<\/p>\n<p>Magnesium:<br \/> Liposomales Magnesium mit ausgezeichneter Absorption<\/p>\n<p>Verteidigung von Gehirn und Hippocampus<\/p>\n<p>Omotaurin:<br \/> Eliminierung der neurotoxischen Wirkung des beta-Amyloid-Proteins, das haupts\u00e4chlich f\u00fcr neurodegenerative Erkrankungen verantwortlich ist.<\/p>\n<p>Ged\u00e4chtnis und kognitive Funktionen<\/p>\n<p>Antioxidans<\/p>\n<p>OxiCYAN\u00ae Complex aus Heidelbeere und Spirulina mit sehr hoher antioxidativer Wirkung.<\/p>\n<p>[\/et_pb_text][\/et_pb_column][et_pb_column type=&#8220;1_2&#8243; _builder_version=&#8220;3.0.47&#8243;][et_pb_image src=&#8220;http:\/\/media18.dizajnstudiorp.rs\/2019\/04\/memoage-integratore.jpg&#8220; align_tablet=&#8220;center&#8220; align_last_edited=&#8220;on|desktop&#8220; _builder_version=&#8220;3.23&#8243;][\/et_pb_image][\/et_pb_column][\/et_pb_row][\/et_pb_section][et_pb_section fb_built=&#8220;1&#8243; _builder_version=&#8220;3.22.3&#8243; custom_padding=&#8220;100px||100px||true&#8220;][et_pb_row _builder_version=&#8220;3.22.3&#8243;][et_pb_column type=&#8220;4_4&#8243; _builder_version=&#8220;3.0.47&#8243;][et_pb_text _builder_version=&#8220;3.23.3&#8243;]<\/p>\n<h2><strong>MONOCIST SAN LORENZO<\/strong><\/h2>\n<p>[\/et_pb_text][\/et_pb_column][\/et_pb_row][et_pb_row custom_padding=&#8220;0px|||||&#8220; make_equal=&#8220;on&#8220; custom_css_before_2=&#8220;margin: auto;&#8220; _builder_version=&#8220;3.22.3&#8243;][et_pb_column type=&#8220;1_2&#8243; _builder_version=&#8220;3.0.47&#8243;][et_pb_text _builder_version=&#8220;3.23.3&#8243;]Nahrungserg\u00e4nzungsmittel auf Heidelbeerbasis<\/p>\n<p>Cranberries werden traditionell als<\/p>\n<p>bei Harnwegsinfektionen.<\/p>\n<p>Beim Menschen bietet die Verabreichung von PAC standardisiertem Preiselbeerpulver (DMAC) in Dosen mit 72 mg PAC pro Tag in zwei getrennten Dosen von 36 mg am Morgen und Abend Schutz vor bakterieller Adh\u00e4sion und Virulenz in den Harnwegen (Howell et al. BMC Infect. Dis. 2010, 10:94).<br \/>\n[\/et_pb_text][\/et_pb_column][et_pb_column type=&#8220;1_2&#8243; _builder_version=&#8220;3.0.47&#8243;][et_pb_image src=&#8220;http:\/\/media18.dizajnstudiorp.rs\/2019\/04\/monocist-san-lorenzo-integratore.jpg&#8220; align_tablet=&#8220;center&#8220; align_last_edited=&#8220;on|desktop&#8220; _builder_version=&#8220;3.23&#8243;][\/et_pb_image][\/et_pb_column][\/et_pb_row][\/et_pb_section][et_pb_section fb_built=&#8220;1&#8243; prev_background_color=&#8220;#ffffff&#8220; _builder_version=&#8220;3.22.3&#8243; background_color=&#8220;#eeeeee&#8220; custom_padding=&#8220;150px||150px||true|&#8220; top_divider_style=&#8220;slant2&#8243; bottom_divider_style=&#8220;slant2&#8243; bottom_divider_color=&#8220;#ffffff&#8220;][et_pb_row _builder_version=&#8220;3.22.3&#8243;][et_pb_column type=&#8220;4_4&#8243; _builder_version=&#8220;3.0.47&#8243;][et_pb_text _builder_version=&#8220;3.23.3&#8243;]<\/p>\n<h2><strong>ANTI-AGING SAN LORENZO<\/strong><\/h2>\n<p>[\/et_pb_text][\/et_pb_column][\/et_pb_row][et_pb_row custom_padding=&#8220;0px|||||&#8220; make_equal=&#8220;on&#8220; custom_css_before_2=&#8220;margin: auto;&#8220; _builder_version=&#8220;3.22.3&#8243;][et_pb_column type=&#8220;1_2&#8243; _builder_version=&#8220;3.0.47&#8243;][et_pb_text _builder_version=&#8220;3.23.3&#8243;]Nahrungserg\u00e4nzungsmittel auf Basis von Goji-Extrakt, Alpha-Lipons\u00e4ure, Vitamin C, Vitamin E, Selen, Zink und Vitamin B2.<\/p>\n<p>Schutz vor oxidativem Stress<\/p>\n<p>Warum es wichtig ist, sich vor oxidativem Stress zu sch\u00fctzen?<\/p>\n<p>Freie Radikale sind Molek\u00fcle, denen ein Elektron fehlt, um Stabilit\u00e4t zu erreichen: So greifen freie Radikale gesunde Molek\u00fcle an, um ihnen ein Elektron zu rauben, was eine gef\u00e4hrliche Kettenreaktion ausl\u00f6st, eine Art chemische Bombe, die oxidativen Stress erzeugt und die Grundlagen f\u00fcr die Zellalterung und manchmal f\u00fcr bestimmte pathologische Formen schafft.<br \/>\n[\/et_pb_text][\/et_pb_column][et_pb_column type=&#8220;1_2&#8243; _builder_version=&#8220;3.0.47&#8243;][et_pb_image src=&#8220;http:\/\/media18.dizajnstudiorp.rs\/2019\/04\/antiage-san-lorenzo-integratore.jpg&#8220; align_tablet=&#8220;center&#8220; align_last_edited=&#8220;on|desktop&#8220; _builder_version=&#8220;3.23&#8243;][\/et_pb_image][\/et_pb_column][\/et_pb_row][\/et_pb_section][et_pb_section fb_built=&#8220;1&#8243; _builder_version=&#8220;3.22.3&#8243; custom_padding=&#8220;100px||100px||true&#8220;][et_pb_row _builder_version=&#8220;3.22.3&#8243;][et_pb_column type=&#8220;4_4&#8243; _builder_version=&#8220;3.0.47&#8243;][et_pb_text _builder_version=&#8220;3.23.3&#8243;]<\/p>\n<h2><strong>ENTW\u00c4SSERNDES SAN LORENZO<\/strong><\/h2>\n<p>[\/et_pb_text][\/et_pb_column][\/et_pb_row][et_pb_row custom_padding=&#8220;0px|||||&#8220; make_equal=&#8220;on&#8220; custom_css_before_2=&#8220;margin: auto;&#8220; _builder_version=&#8220;3.22.3&#8243;][et_pb_column type=&#8220;1_2&#8243; _builder_version=&#8220;3.0.47&#8243;][et_pb_text _builder_version=&#8220;3.23.3&#8243;]Nahrungserg\u00e4nzungsmittel auf Basis von Birken- und Ananas-Extrakten, die bei der Entw\u00e4sserung von K\u00f6rperfl\u00fcssigkeiten n\u00fctzlich sind.<\/p>\n<p> MIKROZIRKULATION UND LYMPHDRAINAGE<\/p>\n<p>ANANAS<\/p>\n<p>verdankt seine Aktivit\u00e4t Bromelain, einer Substanz mit entz\u00fcndungshemmender, harntreibender und \u00f6demat\u00f6ser Wirkung.<\/p>\n<p>BETULLA<\/p>\n<p>Die reinigende Wirkung wird durch die harntreibende Wirkung unterst\u00fctzt. Die Erh\u00f6hung der Urinausscheidung erleichtert die Ausscheidung von Wasser und \u00fcbersch\u00fcssigen Substanzen, die sich im K\u00f6rper angesammelt haben, was bei Cellulite n\u00fctzlich ist, da sie die Ausscheidung und das Verschwinden von fibro-konnektiven Kn\u00f6tchen f\u00f6rdert, die f\u00fcr diese Hautunregelm\u00e4\u00dfigkeit charakteristisch sind.<br \/>\n[\/et_pb_text][\/et_pb_column][et_pb_column type=&#8220;1_2&#8243; _builder_version=&#8220;3.0.47&#8243;][et_pb_image src=&#8220;http:\/\/media18.dizajnstudiorp.rs\/2019\/04\/drenante-san-lorenzo-integratore.jpg&#8220; align_tablet=&#8220;center&#8220; align_last_edited=&#8220;on|desktop&#8220; _builder_version=&#8220;3.23&#8243;][\/et_pb_image][\/et_pb_column][\/et_pb_row][\/et_pb_section][et_pb_section fb_built=&#8220;1&#8243; prev_background_color=&#8220;#ffffff&#8220; _builder_version=&#8220;3.22.3&#8243; background_color=&#8220;#eeeeee&#8220; custom_padding=&#8220;150px||150px||true|&#8220; top_divider_style=&#8220;slant2&#8243; bottom_divider_style=&#8220;slant2&#8243; bottom_divider_color=&#8220;#ffffff&#8220;][et_pb_row _builder_version=&#8220;3.22.3&#8243;][et_pb_column type=&#8220;4_4&#8243; _builder_version=&#8220;3.0.47&#8243;][et_pb_text _builder_version=&#8220;3.23.3&#8243;]<\/p>\n<h2><strong>ENTSCHLACKEND SAN LORENZO<\/strong><\/h2>\n<p>[\/et_pb_text][et_pb_text _builder_version=&#8220;3.23.3&#8243;]Nahrungserg\u00e4nzungsmittel auf Basis nat\u00fcrlicher Extrakte zur F\u00f6rderung der Verdauung und der Leberfunktion.<\/p>\n<p>MILAN-KARTE (Sylibilim marianum Gaertn.) Frucht e.s. Tit. 70% in Sylimarin<br \/>\nsch\u00fctzende Aktivit\u00e4t in der Leber, dokumentiert durch zahlreiche klinische Studien. In den verschiedenen Experimenten konnte gezeigt werden, dass Distelextrakt in der Lage ist, Leberzellen durch die antioxidative Aktivit\u00e4t, die die Zellmembranen stabilisiert, vor dem Angriff toxischer Substanzen zu sch\u00fctzen und auch die Produktion neuer Hepatozyten zu stimulieren.<br \/>\nDar\u00fcber hinaus erm\u00f6glicht die Aufnahme von Mariendistel eine Reduzierung des Transaminase-, Bilirubin- und GT-Bereichs.<br \/>\n[\/et_pb_text][\/et_pb_column][\/et_pb_row][et_pb_row custom_padding=&#8220;0px|||||&#8220; make_equal=&#8220;on&#8220; custom_css_before_2=&#8220;margin: auto;&#8220; _builder_version=&#8220;3.22.3&#8243;][et_pb_column type=&#8220;1_2&#8243; _builder_version=&#8220;3.0.47&#8243;][et_pb_text _builder_version=&#8220;3.23.3&#8243;]CARCIOFO (Cynaria scolymus L.) Bl\u00e4tter e.s. tit. bei 2,5% in chlorogener ac.<br \/>\nhat eine doppelte hepatische Aktivit\u00e4t: Es ist verantwortlich f\u00fcr die Verbesserung der Funktion der Hepatozyten, mit einer daraus resultierenden Erh\u00f6hung der Gallenproduktion, und sch\u00fctzt die Zellen vor Sch\u00e4den durch toxische Substanzen. Die Aufnahme von Artischockenextrakt erm\u00f6glicht die Reduzierung des Transaminase- und Bilirubinspiegels und die Verbesserung der f\u00fcr Verdauungsst\u00f6rungen typischen Symptome.<\/p>\n<p>BOLDO (Peumus boldus molina) e.s tit. 0,05% in boldinfavours die Produktion von Galle und hat krampfl\u00f6sende Wirkung.<\/p>\n<p>PICRORHIZA (Picrorhiza kurroa Royle) Rhizom e.s. tit. bei 4% in kuktina<br \/>\nhepatoprotektive Aktivit\u00e4t, die mit einer guten choleretic Aktivit\u00e4t verbunden ist.<br \/>\nDer Extrakt dieser Pflanze kann die Leberzellen resistenter gegen den Angriff toxischer Substanzen machen und ist daher bei der Behandlung von Lebervergiftungen, Fettdegenerationen der Leber und akuter oder chronischer Hepatitis n\u00fctzlich.<br \/>\n[\/et_pb_text][\/et_pb_column][et_pb_column type=&#8220;1_2&#8243; _builder_version=&#8220;3.0.47&#8243;][et_pb_image src=&#8220;http:\/\/media18.dizajnstudiorp.rs\/2019\/04\/depurativo-san-lorenzo-integratore.jpg&#8220; align_tablet=&#8220;center&#8220; align_last_edited=&#8220;on|desktop&#8220; _builder_version=&#8220;3.23.3&#8243;][\/et_pb_image][\/et_pb_column][\/et_pb_row][et_pb_row custom_padding=&#8220;0px||0px|||&#8220; custom_margin=&#8220;|auto|-5px|auto||&#8220; _builder_version=&#8220;3.22.3&#8243;][et_pb_column type=&#8220;4_4&#8243; _builder_version=&#8220;3.0.47&#8243;][et_pb_text _builder_version=&#8220;3.23.3&#8243;]FERNZIMES\u00ae<br \/>\neine Mischung aus verschiedenen Verdauungsenzymen, die in der Lage sind, auf jede Art von Nahrung einzuwirken. Stabilisiertes Molek\u00fcl, das in der Lage ist, s\u00e4urehaltigen, basischen oder neutralen Umgebungen standzuhalten. Bei k\u00f6rpereigenen Temperaturen erreichen die Enzyme ihre maximale Aktivit\u00e4t, diese enzymatische Mischung ist eine wertvolle Hilfe bei Verdauungsproblemen. Dar\u00fcber hinaus wird durch die Aktivit\u00e4t von Enzyblend\u00ae eine \u00dcberlastung der Produktion von Verdauungsenzymen der Bauchspeicheldr\u00fcse vermieden, so dass die Bauchspeicheldr\u00fcse freier ist, eine breitere Wirkung auf der Immunebene auszu\u00fcben.<br \/>\n[\/et_pb_text][\/et_pb_column][\/et_pb_row][\/et_pb_section][et_pb_section fb_built=&#8220;1&#8243; admin_label=&#8220;Footer Section&#8220; _builder_version=&#8220;3.22.3&#8243; background_color=&#8220;#1194f6&#8243; use_background_color_gradient=&#8220;on&#8220; background_color_gradient_end=&#8220;#53aef4&#8243; custom_padding=&#8220;45px||14px||false|false&#8220; collapsed=&#8220;off&#8220;][et_pb_row custom_padding=&#8220;0|0px|0|0px|false|false&#8220; _builder_version=&#8220;3.22.3&#8243; background_size=&#8220;initial&#8220; background_position=&#8220;top_left&#8220; background_repeat=&#8220;repeat&#8220;][et_pb_column type=&#8220;1_3&#8243; _builder_version=&#8220;3.0.47&#8243;][et_pb_image src=&#8220;http:\/\/media18.dizajnstudiorp.rs\/2018\/12\/Logo-bianco-Terme-di-Bognanco.png&#8220; align_tablet=&#8220;center&#8220; align_last_edited=&#8220;on|desktop&#8220; _builder_version=&#8220;3.23&#8243; max_width=&#8220;80%&#8220; module_alignment=&#8220;center&#8220;][\/et_pb_image][et_pb_image src=&#8220;http:\/\/media18.dizajnstudiorp.rs\/2018\/10\/oniro-logo.png&#8220; align_tablet=&#8220;center&#8220; align_last_edited=&#8220;on|desktop&#8220; _builder_version=&#8220;3.23&#8243; max_width=&#8220;70%&#8220; module_alignment=&#8220;center&#8220;][\/et_pb_image][et_pb_social_media_follow _builder_version=&#8220;3.19&#8243; border_radii=&#8220;on|16px|16px|16px|16px&#8220; text_orientation=&#8220;center&#8220; custom_margin=&#8220;||&#8220;][et_pb_social_media_follow_network social_network=&#8220;instagram&#8220; _builder_version=&#8220;3.17.2&#8243; background_color=&#8220;#ffffff&#8220; border_radii=&#8220;on|25px|25px|25px|25px&#8220; custom_padding=&#8220;10px|10px|10px|10px|true|true&#8220; follow_button=&#8220;off&#8220; url_new_window=&#8220;on&#8220;]instagram[\/et_pb_social_media_follow_network][et_pb_social_media_follow_network social_network=&#8220;twitter&#8220; url=&#8220;https:\/\/twitter.com\/acqualindos&#8220; _builder_version=&#8220;3.19&#8243; background_color=&#8220;#ffffff&#8220; border_radii=&#8220;on|25px|25px|25px|25px&#8220; custom_padding=&#8220;10px|10px|10px|10px|true|true&#8220; follow_button=&#8220;off&#8220; url_new_window=&#8220;on&#8220;]twitter[\/et_pb_social_media_follow_network][et_pb_social_media_follow_network social_network=&#8220;facebook&#8220; url=&#8220;https:\/\/www.facebook.com\/lindosetermedibognanco\/&#8220; _builder_version=&#8220;3.19&#8243; background_color=&#8220;#ffffff&#8220; border_radii=&#8220;on|25px|25px|25px|25px&#8220; custom_padding=&#8220;10px|10px|10px|10px|true|true&#8220; follow_button=&#8220;off&#8220; url_new_window=&#8220;on&#8220;]facebook[\/et_pb_social_media_follow_network][\/et_pb_social_media_follow][\/et_pb_column][et_pb_column type=&#8220;1_3&#8243; _builder_version=&#8220;3.0.47&#8243;][et_pb_text _builder_version=&#8220;3.22.1&#8243; text_font=&#8220;|300|||||||&#8220; text_text_color=&#8220;#ffffff&#8220; text_font_size=&#8220;15px&#8220; header_font=&#8220;||||||||&#8220; header_text_color=&#8220;#ffffff&#8220; header_3_font=&#8220;||||||||&#8220; header_3_text_color=&#8220;#ffffff&#8220; text_orientation=&#8220;center&#8220;]<\/p>\n<h3>ACQUE MINERALI<\/h3>\n<p>Numero verde (solo per l\u2019Italia):<br \/> 800.12.64.53<\/p>\n<p>Numero di telefono:<br \/> (+39) 0324 234109<\/p>\n<p>e-mail:<br \/> info@bognanco.it<\/p>\n<p>Da luned\u00ec a venerd\u00ec:<br \/> dalle 8:00 alle 12:00 e<br \/> dalle 13:00 alle 17:00<\/p>\n<p>[\/et_pb_text][\/et_pb_column][et_pb_column type=&#8220;1_3&#8243; _builder_version=&#8220;3.0.47&#8243;][et_pb_text _builder_version=&#8220;3.22.1&#8243; text_font=&#8220;|300|||||||&#8220; text_text_color=&#8220;#ffffff&#8220; text_font_size=&#8220;15px&#8220; header_font=&#8220;||||||||&#8220; header_3_font=&#8220;||||||||&#8220; header_3_text_color=&#8220;#ffffff&#8220; text_orientation=&#8220;center&#8220;]<\/p>\n<h3>TERME DI BOGNANCO &#8211; \u00d2NIRO<\/h3>\n<p>Numero di telefono:<br \/> (+39) 0324 234137<\/p>\n<p>Numero cellulare:<br \/> (+39) 334 392 7668<\/p>\n<p>e-mail:<br \/> terme@bognanco.it<\/p>\n<p>Dalle 10:00 alle 18:00<br \/> CHIUSO AL MARTED\u00ec<\/p>\n<p>[\/et_pb_text][\/et_pb_column][\/et_pb_row][\/et_pb_section]<\/p>\n","protected":false},"excerpt":{"rendered":"<p>N LINEA SAN LORENZO Nahrungserg\u00e4nzungsmittel auf Basis von Garcinia, Citrus aurantium, Mat\u00e8, Commiphora mukul, Coleus forskoli, Extrakte, die beim Ausgleich des K\u00f6rpergewichts n\u00fctzlich sind, und Chrom, das zum normalen Stoffwechsel von Makron\u00e4hrstoffen und zur Aufrechterhaltung eines normalen Blutzuckerspiegels beitr\u00e4gt.Merkmale: Garcinia: Der Wirkstoff, der aus der Haut der Frucht von Garcinia cambogia gewonnen wird, enth\u00e4lt Kalzium, [&hellip;]<\/p>\n","protected":false},"author":1,"featured_media":0,"parent":0,"menu_order":0,"comment_status":"closed","ping_status":"closed","template":"","meta":{"_et_pb_use_builder":"on","_et_pb_old_content":"","_et_gb_content_width":"","footnotes":""},"class_list":["post-15742","page","type-page","status-publish","hentry"],"_links":{"self":[{"href":"https:\/\/termedibognanco.it\/de\/wp-json\/wp\/v2\/pages\/15742"}],"collection":[{"href":"https:\/\/termedibognanco.it\/de\/wp-json\/wp\/v2\/pages"}],"about":[{"href":"https:\/\/termedibognanco.it\/de\/wp-json\/wp\/v2\/types\/page"}],"author":[{"embeddable":true,"href":"https:\/\/termedibognanco.it\/de\/wp-json\/wp\/v2\/users\/1"}],"replies":[{"embeddable":true,"href":"https:\/\/termedibognanco.it\/de\/wp-json\/wp\/v2\/comments?post=15742"}],"version-history":[{"count":2,"href":"https:\/\/termedibognanco.it\/de\/wp-json\/wp\/v2\/pages\/15742\/revisions"}],"predecessor-version":[{"id":15745,"href":"https:\/\/termedibognanco.it\/de\/wp-json\/wp\/v2\/pages\/15742\/revisions\/15745"}],"wp:attachment":[{"href":"https:\/\/termedibognanco.it\/de\/wp-json\/wp\/v2\/media?parent=15742"}],"curies":[{"name":"wp","href":"https:\/\/api.w.org\/{rel}","templated":true}]}}