{"id":15731,"date":"2019-08-17T15:56:48","date_gmt":"2019-08-17T15:56:48","guid":{"rendered":"http:\/\/termedibognanco.dizajnstudiorp.rs\/?page_id=15731"},"modified":"2019-08-17T15:59:10","modified_gmt":"2019-08-17T15:59:10","slug":"giommi","status":"publish","type":"page","link":"https:\/\/termedibognanco.it\/de\/giommi\/","title":{"rendered":"Giommi"},"content":{"rendered":"<p>[et_pb_section fb_built=&#8220;1&#8243; _builder_version=&#8220;3.22.3&#8243; use_background_color_gradient=&#8220;on&#8220; background_color_gradient_start=&#8220;#eeeeee&#8220; background_color_gradient_end=&#8220;#ffffff&#8220; custom_padding=&#8220;0|0px|0|0px|false|false&#8220; bottom_divider_style=&#8220;slant2&#8243; bottom_divider_color=&#8220;#eeeeee&#8220; bottom_divider_flip=&#8220;horizontal&#8220; bottom_divider_arrangement=&#8220;above_content&#8220;][et_pb_row use_custom_gutter=&#8220;on&#8220; gutter_width=&#8220;1&#8243; custom_padding=&#8220;0|0px|0|0px|false|false&#8220; module_class=&#8220; et_pb_row_fullwidth&#8220; _builder_version=&#8220;3.22.3&#8243; width=&#8220;100%&#8220; width_tablet=&#8220;100%&#8220; width_last_edited=&#8220;on|desktop&#8220; max_width=&#8220;100%&#8220; max_width_tablet=&#8220;100%&#8220; max_width_last_edited=&#8220;on|desktop&#8220; module_alignment=&#8220;center&#8220; make_fullwidth=&#8220;on&#8220;][et_pb_column type=&#8220;4_4&#8243; _builder_version=&#8220;3.0.47&#8243;][et_pb_image src=&#8220;http:\/\/media18.dizajnstudiorp.rs\/2019\/04\/giommi-header.jpg&#8220; align=&#8220;center&#8220; force_fullwidth=&#8220;on&#8220; align_tablet=&#8220;center&#8220; align_last_edited=&#8220;on|desktop&#8220; _builder_version=&#8220;3.23&#8243;][\/et_pb_image][\/et_pb_column][\/et_pb_row][\/et_pb_section][et_pb_section fb_built=&#8220;1&#8243; _builder_version=&#8220;3.22.3&#8243; background_color=&#8220;#eeeeee&#8220; custom_padding=&#8220;0|0px|150px|0px|false|false&#8220;][et_pb_row custom_padding=&#8220;41px|||||&#8220; _builder_version=&#8220;3.22.3&#8243;][et_pb_column type=&#8220;4_4&#8243; _builder_version=&#8220;3.0.47&#8243;][et_pb_text _builder_version=&#8220;3.23.3&#8243; header_font=&#8220;||||||||&#8220; header_text_align=&#8220;center&#8220; header_text_color=&#8220;#3d3d3d&#8220; header_2_font=&#8220;|300|||||||&#8220; header_2_text_align=&#8220;center&#8220; header_2_text_color=&#8220;#4f4f4f&#8220; header_2_font_size=&#8220;30px&#8220; header_4_font=&#8220;|300||on|||||&#8220; header_4_text_align=&#8220;center&#8220;]<\/p>\n<h1>GIOMMI<\/h1>\n<h4>\u00d6ffne deine Augen, trinke Giommi.<\/h4>\n<p>[\/et_pb_text][\/et_pb_column][\/et_pb_row][et_pb_row make_equal=&#8220;on&#8220; _builder_version=&#8220;3.22.3&#8243;][et_pb_column type=&#8220;1_2&#8243; _builder_version=&#8220;3.0.47&#8243;][et_pb_text _builder_version=&#8220;3.23.3&#8243; text_font=&#8220;|300|||||||&#8220; header_font=&#8220;||||||||&#8220; header_2_font=&#8220;|300|||||||&#8220; header_2_text_color=&#8220;#3d3d3d&#8220;]Die Thermen von Bognanco bieten nicht nur Mineralwasser an.<\/p>\n<p>Eine Reihe von Getr\u00e4nken, die unter der historischen Marke &#8222;GIOMMI&#8220; abgef\u00fcllt werden, die 1928 gegr\u00fcndet wurde und in den 80er Jahren sehr beliebt war, ist eines der vielen Qualit\u00e4tsprodukte des Spa.<\/p>\n<p>Die sorgf\u00e4ltig ausgew\u00e4hlten Zutaten erster Qualit\u00e4t werden mit Wasser gemischt, nach den alten Rezepten, die im Laufe der Jahre von den Bognanco-B\u00e4dern aufbewahrt wurden.<\/p>\n<p>Giommi ist in 3 Geschmacksrichtungen erh\u00e4ltlich: Limonade, Chinotto, Gazosa.<br \/>\nDie Clustergr\u00f6\u00dfe von 4 Flaschen \u00e0 275 ml und die Originalverpackung machen es zu einem einzigartigen Produkt.<br \/>\n[\/et_pb_text][\/et_pb_column][et_pb_column type=&#8220;1_2&#8243; _builder_version=&#8220;3.0.47&#8243;][et_pb_image src=&#8220;http:\/\/media18.dizajnstudiorp.rs\/2018\/12\/giommi-text.jpg&#8220; show_in_lightbox=&#8220;on&#8220; align=&#8220;center&#8220; align_tablet=&#8220;center&#8220; align_last_edited=&#8220;on|desktop&#8220; _builder_version=&#8220;3.23&#8243;]&nbsp;<br \/>\n[\/et_pb_image][\/et_pb_column][\/et_pb_row][et_pb_row _builder_version=&#8220;3.22.3&#8243;][et_pb_column type=&#8220;4_4&#8243; _builder_version=&#8220;3.0.47&#8243;][et_pb_text _builder_version=&#8220;3.23.3&#8243; text_font=&#8220;|700|||||||&#8220;]<\/p>\n<p>ZUM KAUF KONTAKTIEREN SIE BITTE 0324 234109<\/p>\n<p>[\/et_pb_text][\/et_pb_column][\/et_pb_row][\/et_pb_section][et_pb_section fb_built=&#8220;1&#8243; admin_label=&#8220;Footer Section&#8220; _builder_version=&#8220;3.22.3&#8243; background_color=&#8220;#1194f6&#8243; use_background_color_gradient=&#8220;on&#8220; background_color_gradient_end=&#8220;#53aef4&#8243; custom_padding=&#8220;45px||14px||false|false&#8220; collapsed=&#8220;off&#8220;][et_pb_row custom_padding=&#8220;0|0px|0|0px|false|false&#8220; _builder_version=&#8220;3.22.3&#8243; background_size=&#8220;initial&#8220; background_position=&#8220;top_left&#8220; background_repeat=&#8220;repeat&#8220;][et_pb_column type=&#8220;1_3&#8243; _builder_version=&#8220;3.0.47&#8243;][et_pb_image src=&#8220;http:\/\/media18.dizajnstudiorp.rs\/2018\/12\/Logo-bianco-Terme-di-Bognanco.png&#8220; align_tablet=&#8220;center&#8220; align_last_edited=&#8220;on|desktop&#8220; _builder_version=&#8220;3.23&#8243; max_width=&#8220;80%&#8220; module_alignment=&#8220;center&#8220;][\/et_pb_image][et_pb_image src=&#8220;http:\/\/media18.dizajnstudiorp.rs\/2018\/10\/oniro-logo.png&#8220; align_tablet=&#8220;center&#8220; align_last_edited=&#8220;on|desktop&#8220; _builder_version=&#8220;3.23&#8243; max_width=&#8220;70%&#8220; module_alignment=&#8220;center&#8220;][\/et_pb_image][et_pb_social_media_follow _builder_version=&#8220;3.19&#8243; border_radii=&#8220;on|16px|16px|16px|16px&#8220; text_orientation=&#8220;center&#8220; custom_margin=&#8220;||&#8220;][et_pb_social_media_follow_network social_network=&#8220;instagram&#8220; _builder_version=&#8220;3.17.2&#8243; background_color=&#8220;#ffffff&#8220; border_radii=&#8220;on|25px|25px|25px|25px&#8220; custom_padding=&#8220;10px|10px|10px|10px|true|true&#8220; follow_button=&#8220;off&#8220; url_new_window=&#8220;on&#8220;]instagram[\/et_pb_social_media_follow_network][et_pb_social_media_follow_network social_network=&#8220;twitter&#8220; url=&#8220;https:\/\/twitter.com\/acqualindos&#8220; _builder_version=&#8220;3.19&#8243; background_color=&#8220;#ffffff&#8220; border_radii=&#8220;on|25px|25px|25px|25px&#8220; custom_padding=&#8220;10px|10px|10px|10px|true|true&#8220; follow_button=&#8220;off&#8220; url_new_window=&#8220;on&#8220;]twitter[\/et_pb_social_media_follow_network][et_pb_social_media_follow_network social_network=&#8220;facebook&#8220; url=&#8220;https:\/\/www.facebook.com\/lindosetermedibognanco\/&#8220; _builder_version=&#8220;3.19&#8243; background_color=&#8220;#ffffff&#8220; border_radii=&#8220;on|25px|25px|25px|25px&#8220; custom_padding=&#8220;10px|10px|10px|10px|true|true&#8220; follow_button=&#8220;off&#8220; url_new_window=&#8220;on&#8220;]facebook[\/et_pb_social_media_follow_network][\/et_pb_social_media_follow][\/et_pb_column][et_pb_column type=&#8220;1_3&#8243; _builder_version=&#8220;3.0.47&#8243;][et_pb_text _builder_version=&#8220;3.19.15&#8243; text_font=&#8220;|300|||||||&#8220; text_text_color=&#8220;#ffffff&#8220; text_font_size=&#8220;15px&#8220; header_font=&#8220;||||||||&#8220; header_text_color=&#8220;#ffffff&#8220; header_3_font=&#8220;||||||||&#8220; header_3_text_color=&#8220;#ffffff&#8220; text_orientation=&#8220;center&#8220;]<\/p>\n<h3>ACQUE MINERALI<\/h3>\n<p>Numero verde (solo per l\u2019Italia):<br \/> 800.12.64.53<\/p>\n<p>Numero di telefono:<br \/> (+39) 0324 234137<\/p>\n<p>e-mail:<br \/> info@bognanco.it<\/p>\n<p>Da luned\u00ec a venerd\u00ec:<br \/> dalle 8:00 alle 12:00 e<br \/> dalle 13:00 alle 17:00<\/p>\n<p>[\/et_pb_text][\/et_pb_column][et_pb_column type=&#8220;1_3&#8243; _builder_version=&#8220;3.0.47&#8243;][et_pb_text _builder_version=&#8220;3.19.15&#8243; text_font=&#8220;|300|||||||&#8220; text_text_color=&#8220;#ffffff&#8220; text_font_size=&#8220;15px&#8220; header_font=&#8220;||||||||&#8220; header_3_font=&#8220;||||||||&#8220; header_3_text_color=&#8220;#ffffff&#8220; text_orientation=&#8220;center&#8220;]<\/p>\n<h3>TERME DI BOGNANCO &#8211; \u00d2NIRO<\/h3>\n<p>Numero di telefono:<br \/> (+39) 0324 24137<\/p>\n<p>Numero cellulare:<br \/> (+39) 334 392 7668<\/p>\n<p>e-mail:<br \/> terme@bognanco.it<\/p>\n<p>Dalle 10:00 alle 18:00<br \/> CHIUSO AL MARTED\u00ec<\/p>\n<p>[\/et_pb_text][\/et_pb_column][\/et_pb_row][\/et_pb_section]<\/p>\n","protected":false},"excerpt":{"rendered":"<p>GIOMMI \u00d6ffne deine Augen, trinke Giommi. Die Thermen von Bognanco bieten nicht nur Mineralwasser an. Eine Reihe von Getr\u00e4nken, die unter der historischen Marke &#8222;GIOMMI&#8220; abgef\u00fcllt werden, die 1928 gegr\u00fcndet wurde und in den 80er Jahren sehr beliebt war, ist eines der vielen Qualit\u00e4tsprodukte des Spa. Die sorgf\u00e4ltig ausgew\u00e4hlten Zutaten erster Qualit\u00e4t werden mit Wasser [&hellip;]<\/p>\n","protected":false},"author":1,"featured_media":0,"parent":0,"menu_order":0,"comment_status":"closed","ping_status":"closed","template":"","meta":{"_et_pb_use_builder":"on","_et_pb_old_content":"","_et_gb_content_width":"","footnotes":""},"class_list":["post-15731","page","type-page","status-publish","hentry"],"_links":{"self":[{"href":"https:\/\/termedibognanco.it\/de\/wp-json\/wp\/v2\/pages\/15731"}],"collection":[{"href":"https:\/\/termedibognanco.it\/de\/wp-json\/wp\/v2\/pages"}],"about":[{"href":"https:\/\/termedibognanco.it\/de\/wp-json\/wp\/v2\/types\/page"}],"author":[{"embeddable":true,"href":"https:\/\/termedibognanco.it\/de\/wp-json\/wp\/v2\/users\/1"}],"replies":[{"embeddable":true,"href":"https:\/\/termedibognanco.it\/de\/wp-json\/wp\/v2\/comments?post=15731"}],"version-history":[{"count":3,"href":"https:\/\/termedibognanco.it\/de\/wp-json\/wp\/v2\/pages\/15731\/revisions"}],"predecessor-version":[{"id":15736,"href":"https:\/\/termedibognanco.it\/de\/wp-json\/wp\/v2\/pages\/15731\/revisions\/15736"}],"wp:attachment":[{"href":"https:\/\/termedibognanco.it\/de\/wp-json\/wp\/v2\/media?parent=15731"}],"curies":[{"name":"wp","href":"https:\/\/api.w.org\/{rel}","templated":true}]}}